{"id":2007,"date":"2025-04-02T12:11:45","date_gmt":"2025-04-02T12:11:45","guid":{"rendered":"https:\/\/quadromag.eu\/%d0%b7%d0%b0-%d0%bd%d0%b0%d1%81\/"},"modified":"2025-10-28T11:35:30","modified_gmt":"2025-10-28T11:35:30","slug":"za-nas","status":"publish","type":"page","link":"https:\/\/quadromag.eu\/bg\/za-nas\/","title":{"rendered":"\u0417\u0430 \u043d\u0430\u0441"},"content":{"rendered":"<p><div class=\"fusion-fullwidth fullwidth-box fusion-builder-row-1 fusion-flex-container has-pattern-background has-mask-background nonhundred-percent-fullwidth non-hundred-percent-height-scrolling\" style=\"--awb-border-radius-top-left:0px;--awb-border-radius-top-right:0px;--awb-border-radius-bottom-right:0px;--awb-border-radius-bottom-left:0px;--awb-flex-wrap:wrap;\" ><div class=\"fusion-builder-row fusion-row fusion-flex-align-items-flex-start fusion-flex-content-wrap\" style=\"max-width:1466.4px;margin-left: calc(-4% \/ 2 );margin-right: calc(-4% \/ 2 );\"><div class=\"fusion-layout-column fusion_builder_column fusion-builder-column-0 fusion_builder_column_1_1 1_1 fusion-flex-column\" style=\"--awb-bg-size:cover;--awb-width-large:100%;--awb-margin-top-large:0px;--awb-spacing-right-large:1.92%;--awb-margin-bottom-large:20px;--awb-spacing-left-large:1.92%;--awb-width-medium:100%;--awb-order-medium:0;--awb-spacing-right-medium:1.92%;--awb-spacing-left-medium:1.92%;--awb-width-small:100%;--awb-order-small:0;--awb-spacing-right-small:1.92%;--awb-spacing-left-small:1.92%;\"><div class=\"fusion-column-wrapper fusion-column-has-shadow fusion-flex-justify-content-flex-start fusion-content-layout-column\"><div class=\"fusion-title title fusion-title-1 fusion-sep-none fusion-title-center fusion-title-text fusion-title-size-one\"><h1 class=\"fusion-title-heading title-heading-center\" style=\"margin:0;\">\u0417\u0430 \u043d\u0430\u0441<\/h1><\/div><\/div><\/div><\/div><\/div><div class=\"fusion-fullwidth fullwidth-box fusion-builder-row-2 fusion-flex-container has-pattern-background has-mask-background nonhundred-percent-fullwidth non-hundred-percent-height-scrolling\" style=\"--awb-border-radius-top-left:0px;--awb-border-radius-top-right:0px;--awb-border-radius-bottom-right:0px;--awb-border-radius-bottom-left:0px;--awb-flex-wrap:wrap;\" ><div class=\"fusion-builder-row fusion-row fusion-flex-align-items-center fusion-flex-justify-content-center fusion-flex-content-wrap\" style=\"max-width:1466.4px;margin-left: calc(-4% \/ 2 );margin-right: calc(-4% \/ 2 );\"><div class=\"fusion-layout-column fusion_builder_column fusion-builder-column-1 fusion_builder_column_2_5 2_5 fusion-flex-column\" style=\"--awb-bg-size:cover;--awb-width-large:40%;--awb-margin-top-large:0px;--awb-spacing-right-large:4.8%;--awb-margin-bottom-large:20px;--awb-spacing-left-large:4.8%;--awb-width-medium:100%;--awb-order-medium:0;--awb-spacing-right-medium:1.92%;--awb-spacing-left-medium:1.92%;--awb-width-small:100%;--awb-order-small:0;--awb-spacing-right-small:1.92%;--awb-spacing-left-small:1.92%;\" data-scroll-devices=\"small-visibility,medium-visibility,large-visibility\"><div class=\"fusion-column-wrapper fusion-column-has-shadow fusion-flex-justify-content-flex-start fusion-content-layout-column\"><div class=\"fusion-text fusion-text-1\"><p>\u0424\u0438\u0440\u043c\u0430 QUADROFLEX s.r.o. \u0435 \u0432\u043e\u0434\u0435\u0449\u0430 \u043a\u043e\u043c\u043f\u0430\u043d\u0438\u044f \u0432 \u043e\u0431\u043b\u0430\u0441\u0442\u0442\u0430 \u043d\u0430 \u043e\u0442\u043e\u043f\u043b\u0435\u043d\u0438\u0435\u0442\u043e \u0438 \u043f\u043e\u0434\u0433\u043e\u0442\u043e\u0432\u043a\u0430\u0442\u0430 \u043d\u0430 \u0442\u043e\u043f\u043b\u0430 \u0432\u043e\u0434\u0430. \u0421 \u043d\u0430\u0434 33 \u0433\u043e\u0434\u0438\u043d\u0438 \u043e\u043f\u0438\u0442 \u0435 \u0438\u0437\u0432\u0435\u0441\u0442\u043d\u0430 \u043a\u0430\u0442\u043e \u0434\u043e\u0441\u0442\u0430\u0432\u0447\u0438\u043a \u043d\u0430 \u0432\u0438\u0441\u043e\u043a\u043e\u043a\u0430\u0447\u0435\u0441\u0442\u0432\u0435\u043d\u0438, \u043d\u0430\u0434\u0435\u0436\u0434\u043d\u0438 \u0438 \u0434\u043e\u0441\u0442\u044a\u043f\u043d\u0438 \u0443\u0441\u0442\u0440\u043e\u0439\u0441\u0442\u0432\u0430 \u0441 \u0434\u044a\u043b\u044a\u0433 \u0436\u0438\u0432\u043e\u0442. \u0412\u0435\u0447\u0435 10 \u0433\u043e\u0434\u0438\u043d\u0438 \u043f\u0440\u0435\u0434\u043b\u0430\u0433\u0430\u043c\u0435 \u043d\u0430 \u043f\u0430\u0437\u0430\u0440\u0430 \u043d\u043e\u0432\u0438 \u0438 \u0438\u043d\u043e\u0432\u0430\u0442\u0438\u0432\u043d\u0438 \u0440\u0435\u0448\u0435\u043d\u0438\u044f \u0437\u0430 \u043f\u043e\u0447\u0438\u0441\u0442\u0432\u0430\u043d\u0435 \u043d\u0430 \u043e\u0442\u043e\u043f\u043b\u0438\u0442\u0435\u043b\u043d\u0438 \u0438 \u043e\u0445\u043b\u0430\u0434\u0438\u0442\u0435\u043b\u043d\u0438 \u0441\u0438\u0441\u0442\u0435\u043c\u0438 \u0438 \u0437\u0430 \u0437\u0430\u0449\u0438\u0442\u0430 \u043d\u0430 \u043e\u0431\u043e\u0440\u0443\u0434\u0432\u0430\u043d\u0435\u0442\u043e \u0447\u0440\u0435\u0437 \u0444\u0438\u043b\u0442\u0440\u0430\u0446\u0438\u044f \u043d\u0430 \u043c\u0430\u0433\u043d\u0438\u0442\u043d\u0438 \u0438 \u043d\u0435\u043c\u0430\u0433\u043d\u0438\u0442\u043d\u0438 \u0437\u0430\u043c\u044a\u0440\u0441\u044f\u0432\u0430\u043d\u0438\u044f. \u041d\u0438\u0435 \u0434\u044a\u0440\u0436\u0438\u043c \u043d\u0430 \u0440\u0430\u0437\u0432\u0438\u0442\u0438\u0435\u0442\u043e \u043d\u0430 \u043d\u043e\u0432\u0438 \u043f\u0440\u043e\u0434\u0443\u043a\u0442\u0438 \u0438 \u043d\u0430 \u0442\u044f\u0445\u043d\u043e\u0442\u043e \u0430\u0434\u0430\u043f\u0442\u0438\u0440\u0430\u043d\u0435 \u043a\u044a\u043c \u0430\u043a\u0442\u0443\u0430\u043b\u043d\u0438\u0442\u0435 \u0438\u0437\u0438\u0441\u043a\u0432\u0430\u043d\u0438\u044f \u043d\u0430 \u043c\u043e\u043d\u0442\u0430\u0436\u043d\u0438\u0442\u0435 \u0438 \u0441\u0435\u0440\u0432\u0438\u0437\u043d\u0438\u0442\u0435 \u0444\u0438\u0440\u043c\u0438, \u043a\u0430\u043a\u0442\u043e \u0438 \u043d\u0430 \u043f\u0440\u043e\u0438\u0437\u0432\u043e\u0434\u0438\u0442\u0435\u043b\u0438\u0442\u0435 \u043d\u0430 \u043e\u0431\u043e\u0440\u0443\u0434\u0432\u0430\u043d\u0435. \u041d\u0430\u0448\u0438\u0442\u0435 \u0444\u0438\u043b\u0442\u0440\u0438 \u043c\u043e\u0433\u0430\u0442 \u0434\u0430 \u0431\u044a\u0434\u0430\u0442 \u043d\u0430\u043c\u0435\u0440\u0435\u043d\u0438 \u0432 \u0446\u044f\u043b\u0430 \u0415\u0432\u0440\u043e\u043f\u0430 \u043f\u043e\u0434 \u0440\u0430\u0437\u043b\u0438\u0447\u043d\u0438 \u043c\u0430\u0440\u043a\u0438 (OEM) \u0438\u043b\u0438 \u043a\u0430\u0442\u043e \u0447\u0430\u0441\u0442 \u043e\u0442 \u0440\u0430\u0437\u043b\u0438\u0447\u043d\u0438 \u0443\u0441\u0442\u0440\u043e\u0439\u0441\u0442\u0432\u0430 \u2013 \u043a\u0430\u0442\u043e \u0442\u0435\u0440\u043c\u043e\u043f\u043e\u043c\u043f\u0438 \u0438 \u0434\u0440\u0443\u0433\u0438 \u0438\u0437\u0442\u043e\u0447\u043d\u0438\u0446\u0438 \u043d\u0430 \u043e\u0442\u043e\u043f\u043b\u0435\u043d\u0438\u0435 \u0438 \u043e\u0445\u043b\u0430\u0436\u0434\u0430\u043d\u0435.<\/p>\n<\/div><div class=\"fusion-image-element \" style=\"--awb-caption-title-font-family:var(--h2_typography-font-family);--awb-caption-title-font-weight:var(--h2_typography-font-weight);--awb-caption-title-font-style:var(--h2_typography-font-style);--awb-caption-title-size:var(--h2_typography-font-size);--awb-caption-title-transform:var(--h2_typography-text-transform);--awb-caption-title-line-height:var(--h2_typography-line-height);--awb-caption-title-letter-spacing:var(--h2_typography-letter-spacing);\"><span class=\" fusion-imageframe imageframe-none imageframe-1 hover-type-none\"><img decoding=\"async\" width=\"162\" height=\"227\" title=\"zaruka-bg\" src=\"https:\/\/quadromag.eu\/wp-content\/uploads\/2025\/10\/zaruka-bg.png\" alt class=\"img-responsive wp-image-2206\"\/><\/span><\/div><\/div><\/div><div class=\"fusion-layout-column fusion_builder_column fusion-builder-column-2 fusion_builder_column_2_5 2_5 fusion-flex-column\" style=\"--awb-bg-size:cover;--awb-width-large:40%;--awb-margin-top-large:0px;--awb-spacing-right-large:4.8%;--awb-margin-bottom-large:20px;--awb-spacing-left-large:4.8%;--awb-width-medium:100%;--awb-order-medium:0;--awb-spacing-right-medium:1.92%;--awb-spacing-left-medium:1.92%;--awb-width-small:100%;--awb-order-small:0;--awb-spacing-right-small:1.92%;--awb-spacing-left-small:1.92%;\" data-scroll-devices=\"small-visibility,medium-visibility,large-visibility\"><div class=\"fusion-column-wrapper fusion-column-has-shadow fusion-flex-justify-content-flex-start fusion-content-layout-column\"><div class=\"fusion-image-element \" style=\"--awb-caption-title-font-family:var(--h2_typography-font-family);--awb-caption-title-font-weight:var(--h2_typography-font-weight);--awb-caption-title-font-style:var(--h2_typography-font-style);--awb-caption-title-size:var(--h2_typography-font-size);--awb-caption-title-transform:var(--h2_typography-text-transform);--awb-caption-title-line-height:var(--h2_typography-line-height);--awb-caption-title-letter-spacing:var(--h2_typography-letter-spacing);\"><span class=\" fusion-imageframe imageframe-none imageframe-2 hover-type-none\" style=\"border-radius:30px;\"><img decoding=\"async\" width=\"570\" height=\"663\" title=\"Pre\u010do je dole\u017eit\u00e9 ma\u0165 v syst\u00e9me zaraden\u00fd Quadromag\" src=\"https:\/\/quadromag.eu\/wp-content\/uploads\/2025\/04\/preco-je-dolezite.webp\" alt class=\"img-responsive wp-image-2006\" srcset=\"https:\/\/quadromag.eu\/wp-content\/uploads\/2025\/04\/preco-je-dolezite-200x233.webp 200w, https:\/\/quadromag.eu\/wp-content\/uploads\/2025\/04\/preco-je-dolezite-258x300.webp 258w, https:\/\/quadromag.eu\/wp-content\/uploads\/2025\/04\/preco-je-dolezite-400x465.webp 400w, https:\/\/quadromag.eu\/wp-content\/uploads\/2025\/04\/preco-je-dolezite.webp 570w\" sizes=\"(max-width: 800px) 100vw, 570px\" \/><\/span><\/div><\/div><\/div><\/div><\/div><div class=\"fusion-fullwidth fullwidth-box fusion-builder-row-3 fusion-flex-container has-pattern-background has-mask-background produkt-kontakt-container nonhundred-percent-fullwidth non-hundred-percent-height-scrolling\" style=\"--awb-border-radius-top-left:0px;--awb-border-radius-top-right:0px;--awb-border-radius-bottom-right:0px;--awb-border-radius-bottom-left:0px;--awb-margin-top:100px;--awb-margin-bottom:40px;--awb-margin-top-medium:70px;--awb-margin-top-small:20px;--awb-margin-bottom-small:0px;--awb-flex-wrap:wrap;\" ><div class=\"fusion-builder-row fusion-row fusion-flex-align-items-center fusion-flex-content-wrap\" style=\"max-width:1466.4px;margin-left: calc(-4% \/ 2 );margin-right: calc(-4% \/ 2 );\"><div class=\"fusion-layout-column fusion_builder_column fusion-builder-column-3 fusion_builder_column_1_1 1_1 fusion-flex-column\" style=\"--awb-padding-left:90px;--awb-padding-right-medium:30px;--awb-padding-left-medium:30px;--awb-padding-right-small:15px;--awb-padding-left-small:15px;--awb-overflow:visible;--awb-bg-color:#24428d;--awb-bg-color-hover:#24428d;--awb-bg-size:cover;--awb-border-radius:31px 31px 31px 31px;--awb-width-large:100%;--awb-margin-top-large:0px;--awb-spacing-right-large:1.92%;--awb-margin-bottom-large:20px;--awb-spacing-left-large:1.92%;--awb-width-medium:100%;--awb-order-medium:0;--awb-spacing-right-medium:1.92%;--awb-spacing-left-medium:1.92%;--awb-width-small:100%;--awb-order-small:0;--awb-spacing-right-small:1.92%;--awb-spacing-left-small:1.92%;\" data-scroll-devices=\"small-visibility,medium-visibility,large-visibility\"><div class=\"fusion-column-wrapper fusion-column-has-shadow fusion-flex-justify-content-flex-start fusion-content-layout-column\"><div class=\"fusion-builder-row fusion-builder-row-inner fusion-row fusion-flex-align-items-center fusion-flex-content-wrap\" style=\"width:104% !important;max-width:104% !important;margin-left: calc(-4% \/ 2 );margin-right: calc(-4% \/ 2 );\"><div class=\"fusion-layout-column fusion_builder_column_inner fusion-builder-nested-column-0 fusion_builder_column_inner_3_5 3_5 fusion-flex-column\" style=\"--awb-padding-top:10px;--awb-padding-bottom:15px;--awb-bg-size:cover;--awb-width-large:60%;--awb-margin-top-large:0px;--awb-spacing-right-large:3.2%;--awb-margin-bottom-large:0px;--awb-spacing-left-large:3.2%;--awb-width-medium:60%;--awb-order-medium:0;--awb-spacing-right-medium:3.2%;--awb-spacing-left-medium:3.2%;--awb-width-small:100%;--awb-order-small:0;--awb-spacing-right-small:1.92%;--awb-spacing-left-small:1.92%;\" data-scroll-devices=\"small-visibility,medium-visibility,large-visibility\"><div class=\"fusion-column-wrapper fusion-column-has-shadow fusion-flex-justify-content-flex-start fusion-content-layout-column\"><div class=\"fusion-title title fusion-title-2 fusion-sep-none fusion-title-text fusion-title-size-two\" style=\"--awb-text-color:#ffffff;\"><h2 class=\"fusion-title-heading title-heading-left\" style=\"margin:0;\">\u0418\u043c\u0430\u0442\u0435 \u0432\u044a\u043f\u0440\u043e\u0441\u0438?<\/h2><\/div><div class=\"fusion-text fusion-text-2\" style=\"--awb-font-size:24px;--awb-text-color:#ffffff;\"><p>\u0412 \u0441\u043b\u0443\u0447\u0430\u0439 \u043d\u0430 \u043a\u0430\u043a\u0432\u0438\u0442\u043e \u0438 \u0434\u0430 \u0435 \u0432\u044a\u043f\u0440\u043e\u0441\u0438, \u043d\u0435 \u0441\u0435 \u043a\u043e\u043b\u0435\u0431\u0430\u0439\u0442\u0435 \u0434\u0430 \u0441\u0435 \u0441\u0432\u044a\u0440\u0436\u0435\u0442\u0435 \u0441 \u043d\u0430\u0441 \u043f\u043e \u0438\u043c\u0435\u0439\u043b \u0438\u043b\u0438 \u0442\u0435\u043b\u0435\u0444\u043e\u043d.<\/p>\n<\/div><div ><a class=\"fusion-button button-flat fusion-button-default-size button-default fusion-button-default button-1 fusion-button-default-span fusion-button-default-type\" target=\"_self\" href=\"https:\/\/quadromag.eu\/bg\/kontakt\/\"><span class=\"fusion-button-text\">\u041a\u043e\u043d\u0442\u0430\u043a\u0442<\/span><\/a><\/div><\/div><\/div><div class=\"fusion-layout-column fusion_builder_column_inner fusion-builder-nested-column-1 fusion_builder_column_inner_2_5 2_5 fusion-flex-column\" style=\"--awb-bg-size:cover;--awb-width-large:40%;--awb-margin-top-large:0px;--awb-spacing-right-large:4.8%;--awb-margin-bottom-large:0px;--awb-spacing-left-large:4.8%;--awb-width-medium:40%;--awb-order-medium:0;--awb-spacing-right-medium:4.8%;--awb-spacing-left-medium:4.8%;--awb-width-small:100%;--awb-order-small:0;--awb-spacing-right-small:1.92%;--awb-spacing-left-small:1.92%;\" data-scroll-devices=\"small-visibility,medium-visibility,large-visibility\"><div class=\"fusion-column-wrapper fusion-column-has-shadow fusion-flex-justify-content-flex-start fusion-content-layout-column\"><div class=\"fusion-image-element sm-text-align-center\" style=\"--awb-margin-top:-50px;--awb-margin-bottom:-50px;--awb-margin-top-small:20px;--awb-caption-title-font-family:var(--h2_typography-font-family);--awb-caption-title-font-weight:var(--h2_typography-font-weight);--awb-caption-title-font-style:var(--h2_typography-font-style);--awb-caption-title-size:var(--h2_typography-font-size);--awb-caption-title-transform:var(--h2_typography-text-transform);--awb-caption-title-line-height:var(--h2_typography-line-height);--awb-caption-title-letter-spacing:var(--h2_typography-letter-spacing);\"><span class=\" fusion-imageframe imageframe-none imageframe-3 hover-type-none\"><img decoding=\"async\" width=\"382\" height=\"430\" title=\"mate-otazky\" src=\"https:\/\/quadromag.eu\/wp-content\/uploads\/2025\/04\/mate-otazky.svg\" alt class=\"img-responsive wp-image-2463\"\/><\/span><\/div><\/div><\/div><\/div><\/div><\/div><\/div><\/div>\n<\/p>\n","protected":false},"excerpt":{"rendered":"","protected":false},"author":1,"featured_media":0,"parent":0,"menu_order":0,"comment_status":"closed","ping_status":"closed","template":"100-width.php","meta":{"footnotes":""},"class_list":["post-2007","page","type-page","status-publish","hentry"],"yoast_head":"<!-- This site is optimized with the Yoast SEO plugin v27.0 - https:\/\/yoast.com\/product\/yoast-seo-wordpress\/ -->\n<title>\u0417\u0430 \u043d\u0430\u0441 - Quadromag<\/title>\n<meta name=\"robots\" content=\"index, follow, max-snippet:-1, max-image-preview:large, max-video-preview:-1\" \/>\n<link rel=\"canonical\" href=\"https:\/\/quadromag.eu\/bg\/za-nas\/\" \/>\n<meta property=\"og:locale\" content=\"bg_BG\" \/>\n<meta property=\"og:type\" content=\"article\" \/>\n<meta property=\"og:title\" content=\"\u0417\u0430 \u043d\u0430\u0441 - Quadromag\" \/>\n<meta property=\"og:url\" content=\"https:\/\/quadromag.eu\/bg\/za-nas\/\" \/>\n<meta property=\"og:site_name\" content=\"Quadromag\" \/>\n<meta property=\"article:publisher\" content=\"https:\/\/www.facebook.com\/www.quadroflex.sk\" \/>\n<meta property=\"article:modified_time\" content=\"2025-10-28T11:35:30+00:00\" \/>\n<meta name=\"twitter:card\" content=\"summary_large_image\" \/>\n<meta name=\"twitter:label1\" content=\"Est. reading time\" \/>\n\t<meta name=\"twitter:data1\" content=\"2 \u043c\u0438\u043d\u0443\u0442\u0438\" \/>\n<script type=\"application\/ld+json\" class=\"yoast-schema-graph\">{\"@context\":\"https:\/\/schema.org\",\"@graph\":[{\"@type\":\"WebPage\",\"@id\":\"https:\/\/quadromag.eu\/bg\/za-nas\/\",\"url\":\"https:\/\/quadromag.eu\/bg\/za-nas\/\",\"name\":\"\u0417\u0430 \u043d\u0430\u0441 - Quadromag\",\"isPartOf\":{\"@id\":\"https:\/\/quadromag.eu\/#website\"},\"datePublished\":\"2025-04-02T12:11:45+00:00\",\"dateModified\":\"2025-10-28T11:35:30+00:00\",\"breadcrumb\":{\"@id\":\"https:\/\/quadromag.eu\/bg\/za-nas\/#breadcrumb\"},\"inLanguage\":\"bg-BG\",\"potentialAction\":[{\"@type\":\"ReadAction\",\"target\":[\"https:\/\/quadromag.eu\/bg\/za-nas\/\"]}]},{\"@type\":\"BreadcrumbList\",\"@id\":\"https:\/\/quadromag.eu\/bg\/za-nas\/#breadcrumb\",\"itemListElement\":[{\"@type\":\"ListItem\",\"position\":1,\"name\":\"Domovsk\u00e1 str\u00e1nka\",\"item\":\"https:\/\/quadromag.eu\/bg\/\"},{\"@type\":\"ListItem\",\"position\":2,\"name\":\"\u0417\u0430 \u043d\u0430\u0441\"}]},{\"@type\":\"WebSite\",\"@id\":\"https:\/\/quadromag.eu\/#website\",\"url\":\"https:\/\/quadromag.eu\/\",\"name\":\"quadromag.eu\",\"description\":\"Chr\u00e1\u0148te svoj vykurovac\u00ed syst\u00e9m\",\"publisher\":{\"@id\":\"https:\/\/quadromag.eu\/#organization\"},\"potentialAction\":[{\"@type\":\"SearchAction\",\"target\":{\"@type\":\"EntryPoint\",\"urlTemplate\":\"https:\/\/quadromag.eu\/?s={search_term_string}\"},\"query-input\":{\"@type\":\"PropertyValueSpecification\",\"valueRequired\":true,\"valueName\":\"search_term_string\"}}],\"inLanguage\":\"bg-BG\"},{\"@type\":\"Organization\",\"@id\":\"https:\/\/quadromag.eu\/#organization\",\"name\":\"Quadromag\",\"url\":\"https:\/\/quadromag.eu\/\",\"logo\":{\"@type\":\"ImageObject\",\"inLanguage\":\"bg-BG\",\"@id\":\"https:\/\/quadromag.eu\/#\/schema\/logo\/image\/\",\"url\":\"https:\/\/quadromag.eu\/wp-content\/uploads\/2025\/04\/quadromag-logo.svg\",\"contentUrl\":\"https:\/\/quadromag.eu\/wp-content\/uploads\/2025\/04\/quadromag-logo.svg\",\"width\":320,\"height\":30,\"caption\":\"Quadromag\"},\"image\":{\"@id\":\"https:\/\/quadromag.eu\/#\/schema\/logo\/image\/\"},\"sameAs\":[\"https:\/\/www.facebook.com\/www.quadroflex.sk\",\"https:\/\/www.instagram.com\/quadroflex_sro\/\"]}]}<\/script>\n<!-- \/ Yoast SEO plugin. -->","yoast_head_json":{"title":"\u0417\u0430 \u043d\u0430\u0441 - Quadromag","robots":{"index":"index","follow":"follow","max-snippet":"max-snippet:-1","max-image-preview":"max-image-preview:large","max-video-preview":"max-video-preview:-1"},"canonical":"https:\/\/quadromag.eu\/bg\/za-nas\/","og_locale":"bg_BG","og_type":"article","og_title":"\u0417\u0430 \u043d\u0430\u0441 - Quadromag","og_url":"https:\/\/quadromag.eu\/bg\/za-nas\/","og_site_name":"Quadromag","article_publisher":"https:\/\/www.facebook.com\/www.quadroflex.sk","article_modified_time":"2025-10-28T11:35:30+00:00","twitter_card":"summary_large_image","twitter_misc":{"Est. reading time":"2 \u043c\u0438\u043d\u0443\u0442\u0438"},"schema":{"@context":"https:\/\/schema.org","@graph":[{"@type":"WebPage","@id":"https:\/\/quadromag.eu\/bg\/za-nas\/","url":"https:\/\/quadromag.eu\/bg\/za-nas\/","name":"\u0417\u0430 \u043d\u0430\u0441 - Quadromag","isPartOf":{"@id":"https:\/\/quadromag.eu\/#website"},"datePublished":"2025-04-02T12:11:45+00:00","dateModified":"2025-10-28T11:35:30+00:00","breadcrumb":{"@id":"https:\/\/quadromag.eu\/bg\/za-nas\/#breadcrumb"},"inLanguage":"bg-BG","potentialAction":[{"@type":"ReadAction","target":["https:\/\/quadromag.eu\/bg\/za-nas\/"]}]},{"@type":"BreadcrumbList","@id":"https:\/\/quadromag.eu\/bg\/za-nas\/#breadcrumb","itemListElement":[{"@type":"ListItem","position":1,"name":"Domovsk\u00e1 str\u00e1nka","item":"https:\/\/quadromag.eu\/bg\/"},{"@type":"ListItem","position":2,"name":"\u0417\u0430 \u043d\u0430\u0441"}]},{"@type":"WebSite","@id":"https:\/\/quadromag.eu\/#website","url":"https:\/\/quadromag.eu\/","name":"quadromag.eu","description":"Chr\u00e1\u0148te svoj vykurovac\u00ed syst\u00e9m","publisher":{"@id":"https:\/\/quadromag.eu\/#organization"},"potentialAction":[{"@type":"SearchAction","target":{"@type":"EntryPoint","urlTemplate":"https:\/\/quadromag.eu\/?s={search_term_string}"},"query-input":{"@type":"PropertyValueSpecification","valueRequired":true,"valueName":"search_term_string"}}],"inLanguage":"bg-BG"},{"@type":"Organization","@id":"https:\/\/quadromag.eu\/#organization","name":"Quadromag","url":"https:\/\/quadromag.eu\/","logo":{"@type":"ImageObject","inLanguage":"bg-BG","@id":"https:\/\/quadromag.eu\/#\/schema\/logo\/image\/","url":"https:\/\/quadromag.eu\/wp-content\/uploads\/2025\/04\/quadromag-logo.svg","contentUrl":"https:\/\/quadromag.eu\/wp-content\/uploads\/2025\/04\/quadromag-logo.svg","width":320,"height":30,"caption":"Quadromag"},"image":{"@id":"https:\/\/quadromag.eu\/#\/schema\/logo\/image\/"},"sameAs":["https:\/\/www.facebook.com\/www.quadroflex.sk","https:\/\/www.instagram.com\/quadroflex_sro\/"]}]}},"_links":{"self":[{"href":"https:\/\/quadromag.eu\/bg\/wp-json\/wp\/v2\/pages\/2007","targetHints":{"allow":["GET"]}}],"collection":[{"href":"https:\/\/quadromag.eu\/bg\/wp-json\/wp\/v2\/pages"}],"about":[{"href":"https:\/\/quadromag.eu\/bg\/wp-json\/wp\/v2\/types\/page"}],"author":[{"embeddable":true,"href":"https:\/\/quadromag.eu\/bg\/wp-json\/wp\/v2\/users\/1"}],"replies":[{"embeddable":true,"href":"https:\/\/quadromag.eu\/bg\/wp-json\/wp\/v2\/comments?post=2007"}],"version-history":[{"count":11,"href":"https:\/\/quadromag.eu\/bg\/wp-json\/wp\/v2\/pages\/2007\/revisions"}],"predecessor-version":[{"id":2214,"href":"https:\/\/quadromag.eu\/bg\/wp-json\/wp\/v2\/pages\/2007\/revisions\/2214"}],"wp:attachment":[{"href":"https:\/\/quadromag.eu\/bg\/wp-json\/wp\/v2\/media?parent=2007"}],"curies":[{"name":"wp","href":"https:\/\/api.w.org\/{rel}","templated":true}]}}