{"id":1462,"date":"2025-04-07T11:25:26","date_gmt":"2025-04-07T11:25:26","guid":{"rendered":"https:\/\/quadromag.eu\/produkty\/"},"modified":"2025-04-22T12:21:08","modified_gmt":"2025-04-22T12:21:08","slug":"produkty","status":"publish","type":"page","link":"https:\/\/quadromag.eu\/cs\/produkty\/","title":{"rendered":"Produkty"},"content":{"rendered":"<p><div class=\"fusion-fullwidth fullwidth-box fusion-builder-row-1 fusion-flex-container has-pattern-background has-mask-background nonhundred-percent-fullwidth non-hundred-percent-height-scrolling\" style=\"--awb-border-radius-top-left:0px;--awb-border-radius-top-right:0px;--awb-border-radius-bottom-right:0px;--awb-border-radius-bottom-left:0px;--awb-flex-wrap:wrap;\" ><div class=\"fusion-builder-row fusion-row fusion-flex-align-items-flex-start fusion-flex-content-wrap\" style=\"max-width:1466.4px;margin-left: calc(-4% \/ 2 );margin-right: calc(-4% \/ 2 );\"><div class=\"fusion-layout-column fusion_builder_column fusion-builder-column-0 fusion_builder_column_1_1 1_1 fusion-flex-column\" style=\"--awb-bg-size:cover;--awb-width-large:100%;--awb-margin-top-large:0px;--awb-spacing-right-large:1.92%;--awb-margin-bottom-large:20px;--awb-spacing-left-large:1.92%;--awb-width-medium:100%;--awb-order-medium:0;--awb-spacing-right-medium:1.92%;--awb-spacing-left-medium:1.92%;--awb-width-small:100%;--awb-order-small:0;--awb-spacing-right-small:1.92%;--awb-spacing-left-small:1.92%;\"><div class=\"fusion-column-wrapper fusion-column-has-shadow fusion-flex-justify-content-flex-start fusion-content-layout-column\"><div class=\"fusion-title title fusion-title-1 fusion-sep-none fusion-title-center fusion-title-text fusion-title-size-one\"><h1 class=\"fusion-title-heading title-heading-center\" style=\"margin:0;\">Produkty<\/h1><\/div><\/div><\/div><\/div><\/div><div class=\"fusion-fullwidth fullwidth-box fusion-builder-row-2 fusion-flex-container has-pattern-background has-mask-background nonhundred-percent-fullwidth non-hundred-percent-height-scrolling\" style=\"--awb-border-radius-top-left:0px;--awb-border-radius-top-right:0px;--awb-border-radius-bottom-right:0px;--awb-border-radius-bottom-left:0px;--awb-margin-top:20px;--awb-flex-wrap:wrap;\" ><div class=\"fusion-builder-row fusion-row fusion-flex-align-items-flex-start fusion-flex-content-wrap\" style=\"max-width:1466.4px;margin-left: calc(-4% \/ 2 );margin-right: calc(-4% \/ 2 );\"><div class=\"fusion-layout-column fusion_builder_column fusion-builder-column-1 fusion_builder_column_1_1 1_1 fusion-flex-column\" style=\"--awb-bg-size:cover;--awb-width-large:100%;--awb-margin-top-large:0px;--awb-spacing-right-large:1.92%;--awb-margin-bottom-large:20px;--awb-spacing-left-large:1.92%;--awb-width-medium:100%;--awb-order-medium:0;--awb-spacing-right-medium:1.92%;--awb-spacing-left-medium:1.92%;--awb-width-small:100%;--awb-order-small:0;--awb-spacing-right-small:1.92%;--awb-spacing-left-small:1.92%;\"><div class=\"fusion-column-wrapper fusion-column-has-shadow fusion-flex-justify-content-flex-start fusion-content-layout-column\"><style type=\"text\/css\">.fusion-portfolio-wrapper#fusion-portfolio-1 .fusion-portfolio-content{  text-align: left; }<\/style><div class=\"fusion-recent-works fusion-portfolio-element fusion-portfolio fusion-portfolio-1 fusion-portfolio-grid fusion-portfolio-paging-pagination fusion-portfolio-three fusion-portfolio-unboxed fusion-portfolio-text fusion-portfolio-equal-heights\" data-id=\"-rw-1\" data-columns=\"three\"><style type=\"text\/css\">.fusion-portfolio-1 .fusion-portfolio-wrapper .fusion-col-spacing{padding:15px;}<\/style><div class=\"fusion-portfolio-wrapper\" id=\"fusion-portfolio-1\" data-picturesize=\"auto\" data-pages=\"1\" style=\"margin:-15px;\"><article id=\"portfolio-1-post-1513\" class=\"fusion-portfolio-post fusion-col-spacing post-1513\"><div class=\"fusion-portfolio-content-wrapper\" style=\"border:none;\"><div  class=\"fusion-image-wrapper\" aria-haspopup=\"true\">\n\t\t\t\t\t\t\t<a href=\"https:\/\/quadromag.eu\/cs\/portfolio\/quadromag-basic\/\" aria-label=\"Quadromag Basic\">\n\t\t\t\t\t\t\t<img decoding=\"async\" width=\"331\" height=\"264\" src=\"https:\/\/quadromag.eu\/wp-content\/uploads\/2025\/04\/quadromag-basic.png\" class=\"attachment-full size-full wp-post-image\" alt=\"\" srcset=\"https:\/\/quadromag.eu\/wp-content\/uploads\/2025\/04\/quadromag-basic-200x160.png 200w, https:\/\/quadromag.eu\/wp-content\/uploads\/2025\/04\/quadromag-basic.png 331w\" sizes=\"(min-width: 2200px) 100vw, (min-width: 784px) 450px, (min-width: 712px) 675px, (min-width: 640px) 712px, \" \/>\t\t\t<\/a>\n\t\t\t\t\t\t\t<\/div>\n<div class=\"fusion-portfolio-content\"><h2 class=\"fusion-post-title\"><a href=\"https:\/\/quadromag.eu\/cs\/portfolio\/quadromag-basic\/\">Quadromag Basic<\/a><\/h2><div class=\"fusion-post-content\"><p>Z\u00e1kladn\u00ed \u0159ada magnetick\u00fdch filtr\u016f s p\u0159ipojen\u00edm 3\/4\u2033 nebo 1\u2033 Univerz\u00e1ln\u00ed p\u0159ipojen\u00ed umo\u017e\u0148uje svislou i horizont\u00e1ln\u00ed instalaci. Je ur\u010den pro v\u0161echny typy syst\u00e9mu centr\u00e1ln\u00edho vyt\u00e1p\u011bn\u00ed a chlazen\u00ed.  <\/p><\/div><\/div><\/div><\/article><article id=\"portfolio-1-post-1517\" class=\"fusion-portfolio-post fusion-col-spacing post-1517\"><div class=\"fusion-portfolio-content-wrapper\" style=\"border:none;\"><div  class=\"fusion-image-wrapper\" aria-haspopup=\"true\">\n\t\t\t\t\t\t\t<a href=\"https:\/\/quadromag.eu\/cs\/portfolio\/quadromag-basic-big\/\" aria-label=\"Quadromag Basic Big\">\n\t\t\t\t\t\t\t<img decoding=\"async\" width=\"331\" height=\"264\" src=\"https:\/\/quadromag.eu\/wp-content\/uploads\/2025\/04\/quadromag-basic-big.png\" class=\"attachment-full size-full wp-post-image\" alt=\"\" srcset=\"https:\/\/quadromag.eu\/wp-content\/uploads\/2025\/04\/quadromag-basic-big-200x160.png 200w, https:\/\/quadromag.eu\/wp-content\/uploads\/2025\/04\/quadromag-basic-big.png 331w\" sizes=\"(min-width: 2200px) 100vw, (min-width: 784px) 450px, (min-width: 712px) 675px, (min-width: 640px) 712px, \" \/>\t\t\t<\/a>\n\t\t\t\t\t\t\t<\/div>\n<div class=\"fusion-portfolio-content\"><h2 class=\"fusion-post-title\"><a href=\"https:\/\/quadromag.eu\/cs\/portfolio\/quadromag-basic-big\/\">Quadromag Basic Big<\/a><\/h2><div class=\"fusion-post-content\"><p>Je ur\u010den pro vy\u0161\u0161\u00ed pr\u016ftoky. u v\u011bt\u0161\u00edch syst\u00e9m\u016f nebo vy\u0161\u0161\u00edch v\u00fdkon\u016f zdroj\u016f topen\u00ed nebo chlazen\u00ed. <\/p><\/div><\/div><\/div><\/article><article id=\"portfolio-1-post-1521\" class=\"fusion-portfolio-post fusion-col-spacing post-1521\"><div class=\"fusion-portfolio-content-wrapper\" style=\"border:none;\"><div  class=\"fusion-image-wrapper\" aria-haspopup=\"true\">\n\t\t\t\t\t\t\t<a href=\"https:\/\/quadromag.eu\/cs\/portfolio\/quadromag-mini\/\" aria-label=\"Quadromag Mini\">\n\t\t\t\t\t\t\t<img decoding=\"async\" width=\"331\" height=\"264\" src=\"https:\/\/quadromag.eu\/wp-content\/uploads\/2025\/04\/quadromag-mini.png\" class=\"attachment-full size-full wp-post-image\" alt=\"\" srcset=\"https:\/\/quadromag.eu\/wp-content\/uploads\/2025\/04\/quadromag-mini-200x160.png 200w, https:\/\/quadromag.eu\/wp-content\/uploads\/2025\/04\/quadromag-mini.png 331w\" sizes=\"(min-width: 2200px) 100vw, (min-width: 784px) 450px, (min-width: 712px) 675px, (min-width: 640px) 712px, \" \/>\t\t\t<\/a>\n\t\t\t\t\t\t\t<\/div>\n<div class=\"fusion-portfolio-content\"><h2 class=\"fusion-post-title\"><a href=\"https:\/\/quadromag.eu\/cs\/portfolio\/quadromag-mini\/\">Quadromag Mini<\/a><\/h2><div class=\"fusion-post-content\"><p>Pou\u017e\u00edv\u00e1 p\u0159i instalac\u00edch s nedostatkem m\u00edsta. Patentovan\u00fd syst\u00e9m nucen\u00e9ho usm\u011brn\u011bn\u00ed pr\u016ftoku m\u00e9dia vedle r\u016fzn\u00fdch mo\u017enost\u00ed p\u0159ipojen\u00ed, d\u011blaj\u00ed z tohoto filtru dokonalou ochranu srovnatelnou s v\u011bt\u0161\u00edmi filtry. <\/p><\/div><\/div><\/div><\/article><article id=\"portfolio-1-post-1525\" class=\"fusion-portfolio-post fusion-col-spacing post-1525\"><div class=\"fusion-portfolio-content-wrapper\" style=\"border:none;\"><div  class=\"fusion-image-wrapper\" aria-haspopup=\"true\">\n\t\t\t\t\t\t\t<a href=\"https:\/\/quadromag.eu\/cs\/portfolio\/quadromag-micro\/\" aria-label=\"Quadromag Micro\">\n\t\t\t\t\t\t\t<img decoding=\"async\" width=\"331\" height=\"264\" src=\"https:\/\/quadromag.eu\/wp-content\/uploads\/2025\/04\/quadromag-micro.png\" class=\"attachment-full size-full wp-post-image\" alt=\"\" srcset=\"https:\/\/quadromag.eu\/wp-content\/uploads\/2025\/04\/quadromag-micro-200x160.png 200w, https:\/\/quadromag.eu\/wp-content\/uploads\/2025\/04\/quadromag-micro.png 331w\" sizes=\"(min-width: 2200px) 100vw, (min-width: 784px) 450px, (min-width: 712px) 675px, (min-width: 640px) 712px, \" \/>\t\t\t<\/a>\n\t\t\t\t\t\t\t<\/div>\n<div class=\"fusion-portfolio-content\"><h2 class=\"fusion-post-title\"><a href=\"https:\/\/quadromag.eu\/cs\/portfolio\/quadromag-micro\/\">Quadromag Micro<\/a><\/h2><div class=\"fusion-post-content\"><p>Transparentn\u00ed n\u00e1dr\u017e filtru pro vizu\u00e1ln\u00ed identifikaci pot\u0159eby \u010di\u0161t\u011bn\u00ed filtru. Pou\u017e\u00edv\u00e1 se zejm\u00e9na pod plynov\u00e9 a elektrick\u00e9 kotle pro dom\u00e1cnost. <\/p><\/div><\/div><\/div><\/article><article id=\"portfolio-1-post-1529\" class=\"fusion-portfolio-post fusion-col-spacing post-1529\"><div class=\"fusion-portfolio-content-wrapper\" style=\"border:none;\"><div  class=\"fusion-image-wrapper\" aria-haspopup=\"true\">\n\t\t\t\t\t\t\t<a href=\"https:\/\/quadromag.eu\/cs\/portfolio\/quadromag-hp\/\" aria-label=\"Quadromag HP\">\n\t\t\t\t\t\t\t<img decoding=\"async\" width=\"331\" height=\"264\" src=\"https:\/\/quadromag.eu\/wp-content\/uploads\/2025\/04\/quadromag-hp.png\" class=\"attachment-full size-full wp-post-image\" alt=\"\" srcset=\"https:\/\/quadromag.eu\/wp-content\/uploads\/2025\/04\/quadromag-hp-200x160.png 200w, https:\/\/quadromag.eu\/wp-content\/uploads\/2025\/04\/quadromag-hp.png 331w\" sizes=\"(min-width: 2200px) 100vw, (min-width: 784px) 450px, (min-width: 712px) 675px, (min-width: 640px) 712px, \" \/>\t\t\t<\/a>\n\t\t\t\t\t\t\t<\/div>\n<div class=\"fusion-portfolio-content\"><h2 class=\"fusion-post-title\"><a href=\"https:\/\/quadromag.eu\/cs\/portfolio\/quadromag-hp\/\">Quadromag HP<\/a><\/h2><div class=\"fusion-post-content\"><p>\u0158ada magnetick\u00fdch filtr\u016f pro ochranu tepeln\u00fdch \u010derpadel a jin\u00fdch za\u0159\u00edzen\u00ed a syst\u00e9m\u016f s vysok\u00fdm p\u0159\u00edtokem s p\u0159ipojen\u00edm 5\/4\" nebo 6\/4\". Zv\u00fd\u0161en\u00fd objem n\u00e1dr\u017ee zaji\u0161\u0165uje pokles tlaku v n\u00e1dr\u017ei pro jste dokonalej\u0161\u00ed filtraci. Magnet nerezov\u00e1 s\u00ed\u0165 po cel\u00e9 v\u00fd\u0161ce n\u00e1dr\u017ee, zachyt\u00ed v\u0161echny magnetick\u00e9 a nemagnetick\u00e9 \u010d\u00e1sti.  <\/p><\/div><\/div><\/div><\/article><article id=\"portfolio-1-post-1533\" class=\"fusion-portfolio-post fusion-col-spacing post-1533\"><div class=\"fusion-portfolio-content-wrapper\" style=\"border:none;\"><div  class=\"fusion-image-wrapper\" aria-haspopup=\"true\">\n\t\t\t\t\t\t\t<a href=\"https:\/\/quadromag.eu\/cs\/portfolio\/quadromag-y\/\" aria-label=\"Quadromag Y\">\n\t\t\t\t\t\t\t<img decoding=\"async\" width=\"331\" height=\"264\" src=\"https:\/\/quadromag.eu\/wp-content\/uploads\/2025\/04\/quadromag-y.png\" class=\"attachment-full size-full wp-post-image\" alt=\"\" srcset=\"https:\/\/quadromag.eu\/wp-content\/uploads\/2025\/04\/quadromag-y-200x160.png 200w, https:\/\/quadromag.eu\/wp-content\/uploads\/2025\/04\/quadromag-y.png 331w\" sizes=\"(min-width: 2200px) 100vw, (min-width: 784px) 450px, (min-width: 712px) 675px, (min-width: 640px) 712px, \" \/>\t\t\t<\/a>\n\t\t\t\t\t\t\t<\/div>\n<div class=\"fusion-portfolio-content\"><h2 class=\"fusion-post-title\"><a href=\"https:\/\/quadromag.eu\/cs\/portfolio\/quadromag-y\/\">Quadromag Y<\/a><\/h2><div class=\"fusion-post-content\"><p>Klasick\u00e1 forma filtrace topn\u00e9ho m\u00e9dia v kombinaci s magnetem. Jednoduch\u00e1 instalace a \u010di\u0161t\u011bn\u00ed. Kompaktn\u00ed rozm\u011bry pro \u00fasporu m\u00edsta. Jeliko\u017e se jedn\u00e1 o nejmen\u0161\u00ed mo\u017enou filtra\u010dn\u00ed komoru, konstrukce pln\u011b nenahrazuje funkci jin\u00fdch magnetick\u00fdch filtr\u016f instalovan\u00fdch p\u0159ed zdrojem tepla nebo chlazen\u00ed. Je to dokonal\u00fd dopln\u011bk pro zv\u00fd\u0161en\u00ed \u00fa\u010dinnosti jin\u00fdch magnetick\u00fdch filtr\u016f a pro prodlou\u017een\u00ed interval\u016f \u010di\u0161t\u011bn\u00ed.    <\/p><\/div><\/div><\/div><\/article><article id=\"portfolio-1-post-2438\" class=\"fusion-portfolio-post fusion-col-spacing post-2438\"><div class=\"fusion-portfolio-content-wrapper\" style=\"border:none;\"><div  class=\"fusion-image-wrapper\" aria-haspopup=\"true\">\n\t\t\t\t\t\t\t<a href=\"https:\/\/quadromag.eu\/cs\/portfolio\/nemrznouci-ventil-pro-tepelna-cerpadla\/\" aria-label=\"Nemrznouc\u00ed ventil pro tepeln\u00e1 \u010derpadla\">\n\t\t\t\t\t\t\t<img decoding=\"async\" width=\"331\" height=\"264\" src=\"https:\/\/quadromag.eu\/wp-content\/uploads\/2026\/02\/quadromag-ventil-nahladova.png\" class=\"attachment-full size-full wp-post-image\" alt=\"\" srcset=\"https:\/\/quadromag.eu\/wp-content\/uploads\/2026\/02\/quadromag-ventil-nahladova-200x160.png 200w, https:\/\/quadromag.eu\/wp-content\/uploads\/2026\/02\/quadromag-ventil-nahladova.png 331w\" sizes=\"(min-width: 2200px) 100vw, (min-width: 784px) 450px, (min-width: 712px) 675px, (min-width: 640px) 712px, \" \/>\t\t\t<\/a>\n\t\t\t\t\t\t\t<\/div>\n<div class=\"fusion-portfolio-content\"><h2 class=\"fusion-post-title\"><a href=\"https:\/\/quadromag.eu\/cs\/portfolio\/nemrznouci-ventil-pro-tepelna-cerpadla\/\">Nemrznouc\u00ed ventil pro tepeln\u00e1 \u010derpadla<\/a><\/h2><div class=\"fusion-post-content\"><p>Nemrzn\u00faci mosadzn\u00fd ventil 1\u2033 (DN 25) chr\u00e1ni okruh syst\u00e9mu proti zamrznutiu. Ke\u010f teplota v syst\u00e9me dosiahne priemern\u00fa hodnotu 3 \u00b0C, m\u00e9dium vytek\u00e1 zo syst\u00e9mu cez tento ventil, \u010d\u00edm chr\u00e1ni rozvody a zariadenia vo\u010di tvorbe \u013eadu v syst\u00e9me, tj. pred jeho po\u0161koden\u00edm. Ide\u00e1lne pred monoblokov\u00e9 tepeln\u00e9 \u010derpadl\u00e1 na vstupn\u00fa a v\u00fdstupn\u00fa vetvu, tj (2ks).<\/p><\/div><\/div><\/div><\/article><\/div><\/div><\/div><\/div><\/div><\/div><\/p>\n","protected":false},"excerpt":{"rendered":"","protected":false},"author":1,"featured_media":0,"parent":0,"menu_order":0,"comment_status":"closed","ping_status":"closed","template":"100-width.php","meta":{"footnotes":""},"class_list":["post-1462","page","type-page","status-publish","hentry"],"yoast_head":"<!-- This site is optimized with the Yoast SEO plugin v27.0 - https:\/\/yoast.com\/product\/yoast-seo-wordpress\/ -->\n<title>Produkty - Quadromag<\/title>\n<meta name=\"robots\" content=\"index, follow, max-snippet:-1, max-image-preview:large, max-video-preview:-1\" \/>\n<link rel=\"canonical\" href=\"https:\/\/quadromag.eu\/cs\/produkty\/\" \/>\n<meta property=\"og:locale\" content=\"cs_CZ\" \/>\n<meta property=\"og:type\" content=\"article\" \/>\n<meta property=\"og:title\" content=\"Produkty - Quadromag\" \/>\n<meta property=\"og:url\" content=\"https:\/\/quadromag.eu\/cs\/produkty\/\" \/>\n<meta property=\"og:site_name\" content=\"Quadromag\" \/>\n<meta property=\"article:publisher\" content=\"https:\/\/www.facebook.com\/www.quadroflex.sk\" \/>\n<meta property=\"article:modified_time\" content=\"2025-04-22T12:21:08+00:00\" \/>\n<meta name=\"twitter:card\" content=\"summary_large_image\" \/>\n<meta name=\"twitter:label1\" content=\"Odhadovan\u00e1 doba \u010dten\u00ed\" \/>\n\t<meta name=\"twitter:data1\" content=\"11 minut\" \/>\n<script type=\"application\/ld+json\" class=\"yoast-schema-graph\">{\"@context\":\"https:\/\/schema.org\",\"@graph\":[{\"@type\":\"WebPage\",\"@id\":\"https:\/\/quadromag.eu\/cs\/produkty\/\",\"url\":\"https:\/\/quadromag.eu\/cs\/produkty\/\",\"name\":\"Produkty - Quadromag\",\"isPartOf\":{\"@id\":\"https:\/\/quadromag.eu\/#website\"},\"datePublished\":\"2025-04-07T11:25:26+00:00\",\"dateModified\":\"2025-04-22T12:21:08+00:00\",\"breadcrumb\":{\"@id\":\"https:\/\/quadromag.eu\/cs\/produkty\/#breadcrumb\"},\"inLanguage\":\"cs\",\"potentialAction\":[{\"@type\":\"ReadAction\",\"target\":[\"https:\/\/quadromag.eu\/cs\/produkty\/\"]}]},{\"@type\":\"BreadcrumbList\",\"@id\":\"https:\/\/quadromag.eu\/cs\/produkty\/#breadcrumb\",\"itemListElement\":[{\"@type\":\"ListItem\",\"position\":1,\"name\":\"Domovsk\u00e1 str\u00e1nka\",\"item\":\"https:\/\/quadromag.eu\/cs\/\"},{\"@type\":\"ListItem\",\"position\":2,\"name\":\"Produkty\"}]},{\"@type\":\"WebSite\",\"@id\":\"https:\/\/quadromag.eu\/#website\",\"url\":\"https:\/\/quadromag.eu\/\",\"name\":\"quadromag.eu\",\"description\":\"Chr\u00e1\u0148te svoj vykurovac\u00ed syst\u00e9m\",\"publisher\":{\"@id\":\"https:\/\/quadromag.eu\/#organization\"},\"potentialAction\":[{\"@type\":\"SearchAction\",\"target\":{\"@type\":\"EntryPoint\",\"urlTemplate\":\"https:\/\/quadromag.eu\/?s={search_term_string}\"},\"query-input\":{\"@type\":\"PropertyValueSpecification\",\"valueRequired\":true,\"valueName\":\"search_term_string\"}}],\"inLanguage\":\"cs\"},{\"@type\":\"Organization\",\"@id\":\"https:\/\/quadromag.eu\/#organization\",\"name\":\"Quadromag\",\"url\":\"https:\/\/quadromag.eu\/\",\"logo\":{\"@type\":\"ImageObject\",\"inLanguage\":\"cs\",\"@id\":\"https:\/\/quadromag.eu\/#\/schema\/logo\/image\/\",\"url\":\"https:\/\/quadromag.eu\/wp-content\/uploads\/2025\/04\/quadromag-logo.svg\",\"contentUrl\":\"https:\/\/quadromag.eu\/wp-content\/uploads\/2025\/04\/quadromag-logo.svg\",\"width\":320,\"height\":30,\"caption\":\"Quadromag\"},\"image\":{\"@id\":\"https:\/\/quadromag.eu\/#\/schema\/logo\/image\/\"},\"sameAs\":[\"https:\/\/www.facebook.com\/www.quadroflex.sk\",\"https:\/\/www.instagram.com\/quadroflex_sro\/\"]}]}<\/script>\n<!-- \/ Yoast SEO plugin. -->","yoast_head_json":{"title":"Produkty - Quadromag","robots":{"index":"index","follow":"follow","max-snippet":"max-snippet:-1","max-image-preview":"max-image-preview:large","max-video-preview":"max-video-preview:-1"},"canonical":"https:\/\/quadromag.eu\/cs\/produkty\/","og_locale":"cs_CZ","og_type":"article","og_title":"Produkty - Quadromag","og_url":"https:\/\/quadromag.eu\/cs\/produkty\/","og_site_name":"Quadromag","article_publisher":"https:\/\/www.facebook.com\/www.quadroflex.sk","article_modified_time":"2025-04-22T12:21:08+00:00","twitter_card":"summary_large_image","twitter_misc":{"Odhadovan\u00e1 doba \u010dten\u00ed":"11 minut"},"schema":{"@context":"https:\/\/schema.org","@graph":[{"@type":"WebPage","@id":"https:\/\/quadromag.eu\/cs\/produkty\/","url":"https:\/\/quadromag.eu\/cs\/produkty\/","name":"Produkty - Quadromag","isPartOf":{"@id":"https:\/\/quadromag.eu\/#website"},"datePublished":"2025-04-07T11:25:26+00:00","dateModified":"2025-04-22T12:21:08+00:00","breadcrumb":{"@id":"https:\/\/quadromag.eu\/cs\/produkty\/#breadcrumb"},"inLanguage":"cs","potentialAction":[{"@type":"ReadAction","target":["https:\/\/quadromag.eu\/cs\/produkty\/"]}]},{"@type":"BreadcrumbList","@id":"https:\/\/quadromag.eu\/cs\/produkty\/#breadcrumb","itemListElement":[{"@type":"ListItem","position":1,"name":"Domovsk\u00e1 str\u00e1nka","item":"https:\/\/quadromag.eu\/cs\/"},{"@type":"ListItem","position":2,"name":"Produkty"}]},{"@type":"WebSite","@id":"https:\/\/quadromag.eu\/#website","url":"https:\/\/quadromag.eu\/","name":"quadromag.eu","description":"Chr\u00e1\u0148te svoj vykurovac\u00ed syst\u00e9m","publisher":{"@id":"https:\/\/quadromag.eu\/#organization"},"potentialAction":[{"@type":"SearchAction","target":{"@type":"EntryPoint","urlTemplate":"https:\/\/quadromag.eu\/?s={search_term_string}"},"query-input":{"@type":"PropertyValueSpecification","valueRequired":true,"valueName":"search_term_string"}}],"inLanguage":"cs"},{"@type":"Organization","@id":"https:\/\/quadromag.eu\/#organization","name":"Quadromag","url":"https:\/\/quadromag.eu\/","logo":{"@type":"ImageObject","inLanguage":"cs","@id":"https:\/\/quadromag.eu\/#\/schema\/logo\/image\/","url":"https:\/\/quadromag.eu\/wp-content\/uploads\/2025\/04\/quadromag-logo.svg","contentUrl":"https:\/\/quadromag.eu\/wp-content\/uploads\/2025\/04\/quadromag-logo.svg","width":320,"height":30,"caption":"Quadromag"},"image":{"@id":"https:\/\/quadromag.eu\/#\/schema\/logo\/image\/"},"sameAs":["https:\/\/www.facebook.com\/www.quadroflex.sk","https:\/\/www.instagram.com\/quadroflex_sro\/"]}]}},"_links":{"self":[{"href":"https:\/\/quadromag.eu\/cs\/wp-json\/wp\/v2\/pages\/1462","targetHints":{"allow":["GET"]}}],"collection":[{"href":"https:\/\/quadromag.eu\/cs\/wp-json\/wp\/v2\/pages"}],"about":[{"href":"https:\/\/quadromag.eu\/cs\/wp-json\/wp\/v2\/types\/page"}],"author":[{"embeddable":true,"href":"https:\/\/quadromag.eu\/cs\/wp-json\/wp\/v2\/users\/1"}],"replies":[{"embeddable":true,"href":"https:\/\/quadromag.eu\/cs\/wp-json\/wp\/v2\/comments?post=1462"}],"version-history":[{"count":0,"href":"https:\/\/quadromag.eu\/cs\/wp-json\/wp\/v2\/pages\/1462\/revisions"}],"wp:attachment":[{"href":"https:\/\/quadromag.eu\/cs\/wp-json\/wp\/v2\/media?parent=1462"}],"curies":[{"name":"wp","href":"https:\/\/api.w.org\/{rel}","templated":true}]}}