{"id":1464,"date":"2025-04-02T16:31:06","date_gmt":"2025-04-02T16:31:06","guid":{"rendered":"https:\/\/quadromag.eu\/cookies\/"},"modified":"2025-04-22T12:23:08","modified_gmt":"2025-04-22T12:23:08","slug":"cookies","status":"publish","type":"page","link":"https:\/\/quadromag.eu\/cs\/cookies\/","title":{"rendered":"Cookies"},"content":{"rendered":"<div class=\"fusion-fullwidth fullwidth-box fusion-builder-row-1 fusion-flex-container has-pattern-background has-mask-background nonhundred-percent-fullwidth non-hundred-percent-height-scrolling\" style=\"--awb-border-radius-top-left:0px;--awb-border-radius-top-right:0px;--awb-border-radius-bottom-right:0px;--awb-border-radius-bottom-left:0px;--awb-flex-wrap:wrap;\" ><div class=\"fusion-builder-row fusion-row fusion-flex-align-items-flex-start fusion-flex-content-wrap\" style=\"max-width:1466.4px;margin-left: calc(-4% \/ 2 );margin-right: calc(-4% \/ 2 );\"><div class=\"fusion-layout-column fusion_builder_column fusion-builder-column-0 fusion_builder_column_1_1 1_1 fusion-flex-column\" style=\"--awb-bg-size:cover;--awb-width-large:100%;--awb-margin-top-large:0px;--awb-spacing-right-large:1.92%;--awb-margin-bottom-large:20px;--awb-spacing-left-large:1.92%;--awb-width-medium:100%;--awb-order-medium:0;--awb-spacing-right-medium:1.92%;--awb-spacing-left-medium:1.92%;--awb-width-small:100%;--awb-order-small:0;--awb-spacing-right-small:1.92%;--awb-spacing-left-small:1.92%;\"><div class=\"fusion-column-wrapper fusion-column-has-shadow fusion-flex-justify-content-flex-start fusion-content-layout-column\"><div class=\"fusion-title title fusion-title-1 fusion-sep-none fusion-title-center fusion-title-text fusion-title-size-one\"><h1 class=\"fusion-title-heading title-heading-center\" style=\"margin:0;\">Cookies<\/h1><\/div><div class=\"fusion-text fusion-text-1\"><ol>\n<li>Pro zaji\u0161t\u011bn\u00ed spr\u00e1vn\u00e9ho fungov\u00e1n\u00ed t\u00e9to webov\u00e9 str\u00e1nky n\u011bkdy ukl\u00e1d\u00e1me na va\u0161e za\u0159\u00edzen\u00ed mal\u00e9 datov\u00e9 soubory, tzv. cookies. Jedn\u00e1 se o b\u011b\u017enou praxi v\u011bt\u0161iny velk\u00fdch webov\u00fdch str\u00e1nek.<\/li>\n<li>Cookie je mal\u00fd textov\u00fd soubor, kter\u00fd webov\u00e1 str\u00e1nka ukl\u00e1d\u00e1 na va\u0161em po\u010d\u00edta\u010di nebo mobiln\u00edm za\u0159\u00edzen\u00ed p\u0159i jej\u00edm prohl\u00ed\u017een\u00ed. D\u00edky tomuto souboru si webov\u00e1 str\u00e1nka na ur\u010ditou dobu uchov\u00e1 informace o va\u0161ich kroc\u00edch a preferenc\u00edch (nap\u0159\u00edklad p\u0159ihla\u0161ovac\u00ed jm\u00e9no, jazyk, velikost p\u00edsma a dal\u0161\u00ed nastaven\u00ed zobrazen\u00ed), tak\u017ee je p\u0159i dal\u0161\u00ed n\u00e1v\u0161t\u011bv\u011b str\u00e1nky nebo p\u0159i proch\u00e1zen\u00ed jej\u00edch podstr\u00e1nek nemus\u00edte znovu nastavovat.<\/li>\n<li>Tato webov\u00e1 str\u00e1nka pou\u017e\u00edv\u00e1 cookies k zapamatov\u00e1n\u00ed u\u017eivatelsk\u00fdch nastaven\u00ed, k lep\u0161\u00edmu p\u0159izp\u016fsoben\u00ed reklam z\u00e1jm\u016fm n\u00e1v\u0161t\u011bvn\u00edk\u016f a k zaji\u0161t\u011bn\u00ed nezbytn\u00e9 funkcionality str\u00e1nek.<\/li>\n<li>Soubory cookies m\u016f\u017eete kontrolovat nebo smazat podle sv\u00e9ho uv\u00e1\u017een\u00ed \u2013 podrobnosti najdete na str\u00e1nce\u00a0<a href=\"https:\/\/www.aboutcookies.org\/\" target=\"_blank\" rel=\"noopener\">aboutcookies.org<\/a>. M\u016f\u017eete smazat v\u0161echny soubory cookies ulo\u017een\u00e9 na va\u0161em za\u0159\u00edzen\u00ed a v\u011bt\u0161inu prohl\u00ed\u017ee\u010d\u016f m\u016f\u017eete nastavit tak, aby ukl\u00e1d\u00e1n\u00ed cookies znemo\u017enily. V takov\u00e9m p\u0159\u00edpad\u011b ale mo\u017en\u00e1 budete muset p\u0159i ka\u017ed\u00e9 n\u00e1v\u0161t\u011bv\u011b webov\u00e9 str\u00e1nky manu\u00e1ln\u011b upravit n\u011bkter\u00e1 nastaven\u00ed a n\u011bkter\u00e9 slu\u017eby a funkce nemus\u00ed fungovat spr\u00e1vn\u011b.<\/li>\n<li>Pou\u017e\u00edv\u00e1n\u00ed cookies lze nastavit pomoc\u00ed va\u0161eho internetov\u00e9ho prohl\u00ed\u017ee\u010de. V\u011bt\u0161ina prohl\u00ed\u017ee\u010d\u016f cookies automaticky p\u0159ij\u00edm\u00e1 ji\u017e v z\u00e1kladn\u00edm nastaven\u00ed. Webov\u00e9 str\u00e1nky v\u0161ak m\u016f\u017eete pou\u017e\u00edvat i v re\u017eimu, kter\u00fd neumo\u017e\u0148uje sb\u011br dat o chov\u00e1n\u00ed n\u00e1v\u0161t\u011bvn\u00edk\u016f \u2013 to m\u016f\u017eete upravit v nastaven\u00ed va\u0161eho webov\u00e9ho prohl\u00ed\u017ee\u010de.<\/li>\n<li>Pokud p\u0159id\u00e1te koment\u00e1\u0159 nebo ode\u0161lete zpr\u00e1vu p\u0159es kontaktn\u00ed formul\u00e1\u0159 na na\u0161em webu, m\u016f\u017eete souhlasit s ulo\u017een\u00edm va\u0161eho jm\u00e9na, e-mailov\u00e9 adresy a webov\u00e9 str\u00e1nky do soubor\u016f cookies. Toto opat\u0159en\u00ed je pro va\u0161e pohodl\u00ed, aby bylo p\u0159i p\u0159id\u00e1v\u00e1n\u00ed dal\u0161\u00edch koment\u00e1\u0159\u016f p\u0159edvypln\u011bno. Tyto cookies jsou platn\u00e9 po dobu jednoho roku.<\/li>\n<li>Pokud m\u00e1te na na\u0161em webu \u00fa\u010det a p\u0159ihl\u00e1s\u00edte se, ulo\u017e\u00edme do\u010dasn\u00e9 soubory cookies, kter\u00e9 ov\u011b\u0159uj\u00ed, zda v\u00e1\u0161 prohl\u00ed\u017ee\u010d cookies akceptuje. Tyto cookies neobsahuj\u00ed \u017e\u00e1dn\u00e9 osobn\u00ed \u00fadaje a po zav\u0159en\u00ed prohl\u00ed\u017ee\u010de se sma\u017eou.<\/li>\n<li>P\u0159i p\u0159ihl\u00e1\u0161en\u00ed nastavujeme n\u011bkolik soubor\u016f cookies pro ulo\u017een\u00ed va\u0161ich p\u0159ihla\u0161ovac\u00edch \u00fadaj\u016f a nastaven\u00ed zobrazen\u00ed. P\u0159ihla\u0161ovac\u00ed cookies jsou platn\u00e9 jeden den, nastaven\u00ed zobrazen\u00ed jeden rok. Pokud zvol\u00edte mo\u017enost &#8222;Zapamatovat si m\u011b&#8220;, va\u0161e p\u0159ihl\u00e1\u0161en\u00ed bude platn\u00e9 dva t\u00fddny. P\u0159i odhl\u00e1\u0161en\u00ed z \u00fa\u010dtu se cookies odstran\u00ed.<\/li>\n<li>Pro spr\u00e1vn\u00e9 fungov\u00e1n\u00ed webu a usnadn\u011bn\u00ed p\u0159\u00edstupu ukl\u00e1d\u00e1me cookies c\u00edlen\u00e9 reklamy, kter\u00e9 zpracov\u00e1v\u00e1me na z\u00e1klad\u011b va\u0161eho souhlasu.<\/li>\n<li>Sb\u011br \u00fadaj\u016f o chov\u00e1n\u00ed n\u00e1v\u0161t\u011bvn\u00edk\u016f webu (pro \u00fa\u010dely c\u00edlen\u00e9 reklamy) je aktivov\u00e1n na z\u00e1klad\u011b souhlasu n\u00e1v\u0161t\u011bvn\u00edka kliknut\u00edm na tla\u010d\u00edtko \u201e<strong>Souhlas\u00edm se v\u0161\u00edm<\/strong>\u201c, kter\u00e9 naleznete v cookie banneru ve spodn\u00ed \u010d\u00e1sti str\u00e1nky. P\u0159ed t\u00edmto tla\u010d\u00edtkem se nach\u00e1z\u00ed upozorn\u011bn\u00ed:\u00a0<em>\u201ePou\u017e\u00edv\u00e1me soubory cookies pro zlep\u0161en\u00ed va\u0161eho z\u00e1\u017eitku p\u0159i proch\u00e1zen\u00ed na\u0161ich webov\u00fdch str\u00e1nek. R\u00e1di bychom v\u00e1m zobrazovali p\u0159izp\u016fsoben\u00fd obsah a c\u00edlen\u00e9 reklamy, vyhodnocovali n\u00e1v\u0161t\u011bvnost a pochopili, odkud p\u0159ich\u00e1z\u00edte.\u201c<\/em> Toto upozorn\u011bn\u00ed je dopln\u011bno odkazem na tuto str\u00e1nku.<\/li>\n<li>Z\u00edskan\u00e1 data z cookies jsou zpracov\u00e1v\u00e1na prim\u00e1rn\u011b pomoc\u00ed slu\u017eeb Google Analytics a Google Ads, provozovan\u00fdch spole\u010dnost\u00ed Google Inc., se s\u00eddlem 1600 Amphitheatre Parkway, Mountain View, CA 94043, USA. Tyto \u00fadaje jsou n\u00e1sledn\u011b zpracov\u00e1v\u00e1ny spole\u010dnost\u00ed Google Inc. v souladu se Z\u00e1sadami ochrany soukrom\u00ed. V\u00edce informac\u00ed najdete\u00a0<a href=\"https:\/\/policies.google.com\/privacy?hl=cs#nosharing\" target=\"_blank\" rel=\"noopener\">zde<\/a>.<\/li>\n<li>Provozovatel na sv\u00e9m webu zpracov\u00e1v\u00e1 n\u00e1sleduj\u00edc\u00ed soubory cookies t\u0159et\u00edch stran:\n<ol>\n<li>Google Analytics pro z\u00edsk\u00e1v\u00e1n\u00ed statistick\u00fdch informac\u00ed po dobu nastavenou va\u0161\u00edm internetov\u00fdm prohl\u00ed\u017ee\u010dem nebo do odstran\u011bn\u00ed informac\u00ed (nap\u0159. vymaz\u00e1n\u00ed cache).<\/li>\n<li>Google Ads pro identifikaci v r\u00e1mci reklamn\u00ed s\u00edt\u011b Google a pro retargeting reklamy po dobu 180 dn\u00ed.<\/li>\n<\/ol>\n<\/li>\n<li>Cookies jsou jedn\u00edm z va\u0161ich osobn\u00edch \u00fadaj\u016f. V\u00edce informac\u00ed o z\u00e1sad\u00e1ch zpracov\u00e1n\u00ed osobn\u00edch \u00fadaj\u016f najdete na\u00a0<a href=\"https:\/\/quadromag.eu\/cs\/zasady-zpracovani-osobnich-udaju\/\" target=\"blank\" rel=\"noopener\">tomto odkazu<\/a>.<\/li>\n<\/ol>\n<\/div><\/div><\/div><\/div><\/div>\n","protected":false},"excerpt":{"rendered":"","protected":false},"author":1,"featured_media":0,"parent":0,"menu_order":0,"comment_status":"closed","ping_status":"closed","template":"100-width.php","meta":{"footnotes":""},"class_list":["post-1464","page","type-page","status-publish","hentry"],"yoast_head":"<!-- This site is optimized with the Yoast SEO plugin v27.0 - https:\/\/yoast.com\/product\/yoast-seo-wordpress\/ -->\n<title>Cookies - Quadromag<\/title>\n<meta name=\"robots\" content=\"index, follow, max-snippet:-1, max-image-preview:large, max-video-preview:-1\" \/>\n<link rel=\"canonical\" href=\"https:\/\/quadromag.eu\/cs\/cookies\/\" \/>\n<meta property=\"og:locale\" content=\"cs_CZ\" \/>\n<meta property=\"og:type\" content=\"article\" \/>\n<meta property=\"og:title\" content=\"Cookies - Quadromag\" \/>\n<meta property=\"og:url\" content=\"https:\/\/quadromag.eu\/cs\/cookies\/\" \/>\n<meta property=\"og:site_name\" content=\"Quadromag\" \/>\n<meta property=\"article:publisher\" content=\"https:\/\/www.facebook.com\/www.quadroflex.sk\" \/>\n<meta property=\"article:modified_time\" content=\"2025-04-22T12:23:08+00:00\" \/>\n<meta name=\"twitter:card\" content=\"summary_large_image\" \/>\n<meta name=\"twitter:label1\" content=\"Odhadovan\u00e1 doba \u010dten\u00ed\" \/>\n\t<meta name=\"twitter:data1\" content=\"10 minut\" \/>\n<script type=\"application\/ld+json\" class=\"yoast-schema-graph\">{\"@context\":\"https:\/\/schema.org\",\"@graph\":[{\"@type\":\"WebPage\",\"@id\":\"https:\/\/quadromag.eu\/cs\/cookies\/\",\"url\":\"https:\/\/quadromag.eu\/cs\/cookies\/\",\"name\":\"Cookies - Quadromag\",\"isPartOf\":{\"@id\":\"https:\/\/quadromag.eu\/#website\"},\"datePublished\":\"2025-04-02T16:31:06+00:00\",\"dateModified\":\"2025-04-22T12:23:08+00:00\",\"breadcrumb\":{\"@id\":\"https:\/\/quadromag.eu\/cs\/cookies\/#breadcrumb\"},\"inLanguage\":\"cs\",\"potentialAction\":[{\"@type\":\"ReadAction\",\"target\":[\"https:\/\/quadromag.eu\/cs\/cookies\/\"]}]},{\"@type\":\"BreadcrumbList\",\"@id\":\"https:\/\/quadromag.eu\/cs\/cookies\/#breadcrumb\",\"itemListElement\":[{\"@type\":\"ListItem\",\"position\":1,\"name\":\"Domovsk\u00e1 str\u00e1nka\",\"item\":\"https:\/\/quadromag.eu\/cs\/\"},{\"@type\":\"ListItem\",\"position\":2,\"name\":\"Cookies\"}]},{\"@type\":\"WebSite\",\"@id\":\"https:\/\/quadromag.eu\/#website\",\"url\":\"https:\/\/quadromag.eu\/\",\"name\":\"quadromag.eu\",\"description\":\"Chr\u00e1\u0148te svoj vykurovac\u00ed syst\u00e9m\",\"publisher\":{\"@id\":\"https:\/\/quadromag.eu\/#organization\"},\"potentialAction\":[{\"@type\":\"SearchAction\",\"target\":{\"@type\":\"EntryPoint\",\"urlTemplate\":\"https:\/\/quadromag.eu\/?s={search_term_string}\"},\"query-input\":{\"@type\":\"PropertyValueSpecification\",\"valueRequired\":true,\"valueName\":\"search_term_string\"}}],\"inLanguage\":\"cs\"},{\"@type\":\"Organization\",\"@id\":\"https:\/\/quadromag.eu\/#organization\",\"name\":\"Quadromag\",\"url\":\"https:\/\/quadromag.eu\/\",\"logo\":{\"@type\":\"ImageObject\",\"inLanguage\":\"cs\",\"@id\":\"https:\/\/quadromag.eu\/#\/schema\/logo\/image\/\",\"url\":\"https:\/\/quadromag.eu\/wp-content\/uploads\/2025\/04\/quadromag-logo.svg\",\"contentUrl\":\"https:\/\/quadromag.eu\/wp-content\/uploads\/2025\/04\/quadromag-logo.svg\",\"width\":320,\"height\":30,\"caption\":\"Quadromag\"},\"image\":{\"@id\":\"https:\/\/quadromag.eu\/#\/schema\/logo\/image\/\"},\"sameAs\":[\"https:\/\/www.facebook.com\/www.quadroflex.sk\",\"https:\/\/www.instagram.com\/quadroflex_sro\/\"]}]}<\/script>\n<!-- \/ Yoast SEO plugin. -->","yoast_head_json":{"title":"Cookies - Quadromag","robots":{"index":"index","follow":"follow","max-snippet":"max-snippet:-1","max-image-preview":"max-image-preview:large","max-video-preview":"max-video-preview:-1"},"canonical":"https:\/\/quadromag.eu\/cs\/cookies\/","og_locale":"cs_CZ","og_type":"article","og_title":"Cookies - Quadromag","og_url":"https:\/\/quadromag.eu\/cs\/cookies\/","og_site_name":"Quadromag","article_publisher":"https:\/\/www.facebook.com\/www.quadroflex.sk","article_modified_time":"2025-04-22T12:23:08+00:00","twitter_card":"summary_large_image","twitter_misc":{"Odhadovan\u00e1 doba \u010dten\u00ed":"10 minut"},"schema":{"@context":"https:\/\/schema.org","@graph":[{"@type":"WebPage","@id":"https:\/\/quadromag.eu\/cs\/cookies\/","url":"https:\/\/quadromag.eu\/cs\/cookies\/","name":"Cookies - Quadromag","isPartOf":{"@id":"https:\/\/quadromag.eu\/#website"},"datePublished":"2025-04-02T16:31:06+00:00","dateModified":"2025-04-22T12:23:08+00:00","breadcrumb":{"@id":"https:\/\/quadromag.eu\/cs\/cookies\/#breadcrumb"},"inLanguage":"cs","potentialAction":[{"@type":"ReadAction","target":["https:\/\/quadromag.eu\/cs\/cookies\/"]}]},{"@type":"BreadcrumbList","@id":"https:\/\/quadromag.eu\/cs\/cookies\/#breadcrumb","itemListElement":[{"@type":"ListItem","position":1,"name":"Domovsk\u00e1 str\u00e1nka","item":"https:\/\/quadromag.eu\/cs\/"},{"@type":"ListItem","position":2,"name":"Cookies"}]},{"@type":"WebSite","@id":"https:\/\/quadromag.eu\/#website","url":"https:\/\/quadromag.eu\/","name":"quadromag.eu","description":"Chr\u00e1\u0148te svoj vykurovac\u00ed syst\u00e9m","publisher":{"@id":"https:\/\/quadromag.eu\/#organization"},"potentialAction":[{"@type":"SearchAction","target":{"@type":"EntryPoint","urlTemplate":"https:\/\/quadromag.eu\/?s={search_term_string}"},"query-input":{"@type":"PropertyValueSpecification","valueRequired":true,"valueName":"search_term_string"}}],"inLanguage":"cs"},{"@type":"Organization","@id":"https:\/\/quadromag.eu\/#organization","name":"Quadromag","url":"https:\/\/quadromag.eu\/","logo":{"@type":"ImageObject","inLanguage":"cs","@id":"https:\/\/quadromag.eu\/#\/schema\/logo\/image\/","url":"https:\/\/quadromag.eu\/wp-content\/uploads\/2025\/04\/quadromag-logo.svg","contentUrl":"https:\/\/quadromag.eu\/wp-content\/uploads\/2025\/04\/quadromag-logo.svg","width":320,"height":30,"caption":"Quadromag"},"image":{"@id":"https:\/\/quadromag.eu\/#\/schema\/logo\/image\/"},"sameAs":["https:\/\/www.facebook.com\/www.quadroflex.sk","https:\/\/www.instagram.com\/quadroflex_sro\/"]}]}},"_links":{"self":[{"href":"https:\/\/quadromag.eu\/cs\/wp-json\/wp\/v2\/pages\/1464","targetHints":{"allow":["GET"]}}],"collection":[{"href":"https:\/\/quadromag.eu\/cs\/wp-json\/wp\/v2\/pages"}],"about":[{"href":"https:\/\/quadromag.eu\/cs\/wp-json\/wp\/v2\/types\/page"}],"author":[{"embeddable":true,"href":"https:\/\/quadromag.eu\/cs\/wp-json\/wp\/v2\/users\/1"}],"replies":[{"embeddable":true,"href":"https:\/\/quadromag.eu\/cs\/wp-json\/wp\/v2\/comments?post=1464"}],"version-history":[{"count":0,"href":"https:\/\/quadromag.eu\/cs\/wp-json\/wp\/v2\/pages\/1464\/revisions"}],"wp:attachment":[{"href":"https:\/\/quadromag.eu\/cs\/wp-json\/wp\/v2\/media?parent=1464"}],"curies":[{"name":"wp","href":"https:\/\/api.w.org\/{rel}","templated":true}]}}