{"id":1467,"date":"2025-04-02T16:33:53","date_gmt":"2025-04-02T16:33:53","guid":{"rendered":"https:\/\/quadromag.eu\/zasady-zpracovani-osobnich-udaju\/"},"modified":"2025-04-22T12:25:42","modified_gmt":"2025-04-22T12:25:42","slug":"zasady-zpracovani-osobnich-udaju","status":"publish","type":"page","link":"https:\/\/quadromag.eu\/cs\/zasady-zpracovani-osobnich-udaju\/","title":{"rendered":"Z\u00e1sady zpracov\u00e1n\u00ed osobn\u00edch \u00fadaj\u016f"},"content":{"rendered":"<div class=\"fusion-fullwidth fullwidth-box fusion-builder-row-1 fusion-flex-container has-pattern-background has-mask-background nonhundred-percent-fullwidth non-hundred-percent-height-scrolling\" style=\"--awb-border-radius-top-left:0px;--awb-border-radius-top-right:0px;--awb-border-radius-bottom-right:0px;--awb-border-radius-bottom-left:0px;--awb-flex-wrap:wrap;\" ><div class=\"fusion-builder-row fusion-row fusion-flex-align-items-flex-start fusion-flex-content-wrap\" style=\"max-width:1466.4px;margin-left: calc(-4% \/ 2 );margin-right: calc(-4% \/ 2 );\"><div class=\"fusion-layout-column fusion_builder_column fusion-builder-column-0 fusion_builder_column_1_1 1_1 fusion-flex-column\" style=\"--awb-bg-size:cover;--awb-width-large:100%;--awb-margin-top-large:0px;--awb-spacing-right-large:1.92%;--awb-margin-bottom-large:20px;--awb-spacing-left-large:1.92%;--awb-width-medium:100%;--awb-order-medium:0;--awb-spacing-right-medium:1.92%;--awb-spacing-left-medium:1.92%;--awb-width-small:100%;--awb-order-small:0;--awb-spacing-right-small:1.92%;--awb-spacing-left-small:1.92%;\"><div class=\"fusion-column-wrapper fusion-column-has-shadow fusion-flex-justify-content-flex-start fusion-content-layout-column\"><div class=\"fusion-title title fusion-title-1 fusion-sep-none fusion-title-center fusion-title-text fusion-title-size-one\"><h1 class=\"fusion-title-heading title-heading-center\" style=\"margin:0;\">Z\u00e1sady zpracov\u00e1n\u00ed osobn\u00edch \u00fadaj\u016f<\/h1><\/div><div class=\"fusion-text fusion-text-1\"><ol>\n<li><strong>Subjekt \u00fadaj\u016f<\/strong> \u2013 n\u00e1v\u0161t\u011bvn\u00edk str\u00e1nky.<\/li>\n<li><strong>Spr\u00e1vce<\/strong> \u2013 provozovatel webov\u00e9 str\u00e1nky <a href=\"https:\/\/quadromag.eu\/cs\/\">www.quadromag.eu<\/a><br \/>\nQUADROFLEX, s.r.o., Nov\u00e1 Osada 11 929 01 Dunajsk\u00e1 Streda, I\u010cO: 31435998, DI\u010c: 2020367129, DI\u010c: SK2020367129, zapsan\u00e1 v obchodn\u00edm rejst\u0159\u00edku Sr. 1801\/T.<\/li>\n<li>Subjekt \u00fadaj\u016f souhlas\u00ed se zpracov\u00e1n\u00edm osobn\u00edch \u00fadaj\u016f spr\u00e1vcem v rozsahu uveden\u00e9m n\u00ed\u017ee.<\/li>\n<li>Spr\u00e1vce odpov\u00edd\u00e1 za zpracov\u00e1n\u00ed osobn\u00edch \u00fadaj\u016f dle na\u0159\u00edzen\u00ed Evropsk\u00e9ho parlamentu a Rady (EU) 2016\/679 ze dne 27. dubna 2016 o ochran\u011b fyzick\u00fdch osob v souvislosti se zpracov\u00e1n\u00edm osobn\u00edch \u00fadaj\u016f a o voln\u00e9m pohybu t\u011bchto \u00fadaj\u016f (d\u00e1le jen GDPR).<\/li>\n<li>Seznam osobn\u00edch \u00fadaj\u016f: jm\u00e9no, p\u0159\u00edjmen\u00ed, ulice a \u010d\u00edslo, PS\u010c, m\u011bsto, e-mail, telefonn\u00ed kontakt, cookies. V\u00edce informac\u00ed o cookies naleznete n\u00ed\u017ee.<\/li>\n<li>\u00da\u010dely zpracov\u00e1n\u00ed osobn\u00edch \u00fadaj\u016f: vystaven\u00ed da\u0148ov\u00e9ho dokladu, kontaktov\u00e1n\u00ed z\u00e1kazn\u00edka ohledn\u011b objedn\u00e1vky, pln\u011bn\u00ed smlouvy, vy\u0159\u00edzen\u00ed popt\u00e1vky zaslan\u00e9 prost\u0159ednictv\u00edm kontaktn\u00edho formul\u00e1\u0159e \u010di jin\u00e9ho opr\u00e1vn\u011bn\u00e9ho z\u00e1jmu. Osobn\u00ed \u00fadaje nesm\u011bj\u00ed b\u00fdt d\u00e1le zpracov\u00e1v\u00e1ny zp\u016fsobem, kter\u00fd nen\u00ed slu\u010diteln\u00fd s t\u011bmito \u00fa\u010dely.<\/li>\n<li><strong>P\u0159\u00edjemci<\/strong> \u2013 provozovatel webov\u00e9 str\u00e1nky <a href=\"https:\/\/quadromag.eu\/cs\/\">www.quadromag.eu<\/a>, spole\u010dnost Modern\u00e9 Webstr\u00e1nky s.r.o. zaji\u0161\u0165uj\u00edc\u00ed technick\u00fd provoz webov\u00e9 str\u00e1nky.<\/li>\n<li><strong>Zprost\u0159edkovatel\u00e9<\/strong> \u2013 p\u0159\u00edjemci \u00fadaj\u016f, jako nap\u0159\u00edklad Google (<a href=\"https:\/\/privacy.google.com\/businesses\/processorterms\/\" target=\"_blank\" rel=\"noopener noreferrer\">Ads Data Processing Terms<\/a>), Google Analytics a Google Ads (<a href=\"https:\/\/www.google.com\/analytics\/terms\/dpa\/dataprocessingamendment_20160909.html\" target=\"_blank\" rel=\"noopener noreferrer\">Data Processing Amendment<\/a>), s nimi\u017e m\u00e1me uzav\u0159en\u00e9 zprost\u0159edkovatelsk\u00e9 smlouvy.<\/li>\n<li>Osobn\u00ed \u00fadaje neprod\u00e1v\u00e1me, neobchodujeme s nimi ani je neposkytujeme jin\u00fdm t\u0159et\u00edm stran\u00e1m, s v\u00fdjimkou zprost\u0159edkovatel\u016f uveden\u00fdch v p\u0159edchoz\u00edm bod\u011b.<\/li>\n<li>Pr\u00e1vn\u00ed z\u00e1klad zpracov\u00e1n\u00ed osobn\u00edch \u00fadaj\u016f:\n<ol>\n<li>Zpracov\u00e1n\u00ed osobn\u00edch \u00fadaj\u016f (jm\u00e9no, p\u0159\u00edjmen\u00ed, titul, ulice a \u010d\u00edslo, PS\u010c, m\u011bsto) je nezbytn\u00e9 podle zvl\u00e1\u0161tn\u00edho p\u0159edpisu nebo mezin\u00e1rodn\u00ed smlouvy, kterou je \u010cesk\u00e1 republika v\u00e1z\u00e1na, zejm\u00e9na z\u00e1kona \u010d. 235\/2004 Sb. o dani z p\u0159idan\u00e9 hodnoty.<\/li>\n<li>Zpracov\u00e1n\u00ed osobn\u00edch \u00fadaj\u016f (e-mail, telefonn\u00ed kontakt) je nezbytn\u00e9 pro pln\u011bn\u00ed smlouvy.<\/li>\n<li>Pokud jste vyj\u00e1d\u0159ili souhlas se zas\u00edl\u00e1n\u00edm novinek, tento souhlas m\u016f\u017eete kdykoli odvolat kliknut\u00edm na tla\u010d\u00edtko <em>odhl\u00e1sit<\/em> v kter\u00e9mkoli informa\u010dn\u00edm newsletteru nebo e-mailovou \u017e\u00e1dost\u00ed.<\/li>\n<\/ol>\n<\/li>\n<li>Vlo\u017een\u00fd obsah z jin\u00fdch webov\u00fdch str\u00e1nek \u2013 \u010dl\u00e1nky na t\u00e9to webov\u00e9 str\u00e1nce mohou obsahovat vlo\u017een\u00fd obsah (nap\u0159. videa, obr\u00e1zky, \u010dl\u00e1nky apod.). Vlo\u017een\u00fd obsah z jin\u00fdch web\u016f se chov\u00e1 stejn\u011b, jako by n\u00e1v\u0161t\u011bvn\u00edk nav\u0161t\u00edvil jinou webovou str\u00e1nku. Tyto weby mohou sb\u00edrat osobn\u00ed \u00fadaje, pou\u017e\u00edvat cookies, vkl\u00e1dat t\u0159et\u00ed strany ke sledov\u00e1n\u00ed a monitorovat va\u0161i interakci s vlo\u017een\u00fdm obsahem, v\u010detn\u011b sledov\u00e1n\u00ed va\u0161\u00ed interakce, pokud na t\u011bchto webech m\u00e1te \u00fa\u010det a jste p\u0159ihl\u00e1\u0161eni.<\/li>\n<li>Doba uchov\u00e1v\u00e1n\u00ed osobn\u00edch \u00fadaj\u016f: 10 let.<\/li>\n<li>Subjekt \u00fadaj\u016f souhlasem s obchodn\u00edmi podm\u00ednkami z\u00e1rove\u0148 v\u00fdslovn\u011b souhlas\u00ed s t\u00edm, aby spr\u00e1vce zpracov\u00e1val jeho osobn\u00ed \u00fadaje pro v\u00fd\u0161e uveden\u00e9 \u00fa\u010dely, po v\u00fd\u0161e uvedenou dobu a v uveden\u00e9m rozsahu. Subjekt \u00fadaj\u016f m\u00e1 pr\u00e1vo kdykoli sv\u016fj souhlas odvolat. Odvol\u00e1n\u00ed souhlasu nem\u00e1 vliv na z\u00e1konnost zpracov\u00e1n\u00ed na z\u00e1klad\u011b souhlasu p\u0159ed jeho odvol\u00e1n\u00edm. Subjekt \u00fadaj\u016f je povinen poskytnout pravdiv\u00e9 a aktu\u00e1ln\u00ed osobn\u00ed \u00fadaje. Pr\u00e1va subjektu \u00fadaj\u016f jsou upravena v kapitole 3 GDPR. Mezi tato pr\u00e1va pat\u0159\u00ed nap\u0159\u00edklad pr\u00e1vo podat st\u00ed\u017enost dozorov\u00e9mu org\u00e1nu, pr\u00e1vo vzn\u00e9st n\u00e1mitku proti zpracov\u00e1n\u00ed, pr\u00e1vo po\u017eadovat p\u0159\u00edstup k osobn\u00edm \u00fadaj\u016fm, jejich opravu, v\u00fdmaz \u010di omezen\u00ed zpracov\u00e1n\u00ed, a tak\u00e9 pr\u00e1vo na p\u0159enositelnost \u00fadaj\u016f.<\/li>\n<li>V p\u0159\u00edpad\u011b registrace na webov\u00e9 str\u00e1nce m\u00e1 z\u00e1kazn\u00edk pr\u00e1vo smazat \u00fa\u010det zasl\u00e1n\u00edm \u017e\u00e1dosti na e-mail spr\u00e1vce nebo kliknut\u00edm na tla\u010d\u00edtko &#8222;smazat \u00fa\u010det&#8220; v rozhran\u00ed sv\u00e9ho \u00fa\u010dtu.<\/li>\n<li>Tyto podm\u00ednky jsou platn\u00e9 od 2.4.2025.<\/li>\n<\/ol>\n<\/div><\/div><\/div><\/div><\/div>\n","protected":false},"excerpt":{"rendered":"","protected":false},"author":1,"featured_media":0,"parent":0,"menu_order":0,"comment_status":"closed","ping_status":"closed","template":"100-width.php","meta":{"footnotes":""},"class_list":["post-1467","page","type-page","status-publish","hentry"],"yoast_head":"<!-- This site is optimized with the Yoast SEO plugin v27.0 - https:\/\/yoast.com\/product\/yoast-seo-wordpress\/ -->\n<title>Z\u00e1sady zpracov\u00e1n\u00ed osobn\u00edch \u00fadaj\u016f - Quadromag<\/title>\n<meta name=\"robots\" content=\"index, follow, max-snippet:-1, max-image-preview:large, max-video-preview:-1\" \/>\n<link rel=\"canonical\" href=\"https:\/\/quadromag.eu\/cs\/zasady-zpracovani-osobnich-udaju\/\" \/>\n<meta property=\"og:locale\" content=\"cs_CZ\" \/>\n<meta property=\"og:type\" content=\"article\" \/>\n<meta property=\"og:title\" content=\"Z\u00e1sady zpracov\u00e1n\u00ed osobn\u00edch \u00fadaj\u016f - Quadromag\" \/>\n<meta property=\"og:url\" content=\"https:\/\/quadromag.eu\/cs\/zasady-zpracovani-osobnich-udaju\/\" \/>\n<meta property=\"og:site_name\" content=\"Quadromag\" \/>\n<meta property=\"article:publisher\" content=\"https:\/\/www.facebook.com\/www.quadroflex.sk\" \/>\n<meta property=\"article:modified_time\" content=\"2025-04-22T12:25:42+00:00\" \/>\n<meta name=\"twitter:card\" content=\"summary_large_image\" \/>\n<meta name=\"twitter:label1\" content=\"Odhadovan\u00e1 doba \u010dten\u00ed\" \/>\n\t<meta name=\"twitter:data1\" content=\"10 minut\" \/>\n<script type=\"application\/ld+json\" class=\"yoast-schema-graph\">{\"@context\":\"https:\/\/schema.org\",\"@graph\":[{\"@type\":\"WebPage\",\"@id\":\"https:\/\/quadromag.eu\/cs\/zasady-zpracovani-osobnich-udaju\/\",\"url\":\"https:\/\/quadromag.eu\/cs\/zasady-zpracovani-osobnich-udaju\/\",\"name\":\"Z\u00e1sady zpracov\u00e1n\u00ed osobn\u00edch \u00fadaj\u016f - Quadromag\",\"isPartOf\":{\"@id\":\"https:\/\/quadromag.eu\/#website\"},\"datePublished\":\"2025-04-02T16:33:53+00:00\",\"dateModified\":\"2025-04-22T12:25:42+00:00\",\"breadcrumb\":{\"@id\":\"https:\/\/quadromag.eu\/cs\/zasady-zpracovani-osobnich-udaju\/#breadcrumb\"},\"inLanguage\":\"cs\",\"potentialAction\":[{\"@type\":\"ReadAction\",\"target\":[\"https:\/\/quadromag.eu\/cs\/zasady-zpracovani-osobnich-udaju\/\"]}]},{\"@type\":\"BreadcrumbList\",\"@id\":\"https:\/\/quadromag.eu\/cs\/zasady-zpracovani-osobnich-udaju\/#breadcrumb\",\"itemListElement\":[{\"@type\":\"ListItem\",\"position\":1,\"name\":\"Domovsk\u00e1 str\u00e1nka\",\"item\":\"https:\/\/quadromag.eu\/cs\/\"},{\"@type\":\"ListItem\",\"position\":2,\"name\":\"Z\u00e1sady zpracov\u00e1n\u00ed osobn\u00edch \u00fadaj\u016f\"}]},{\"@type\":\"WebSite\",\"@id\":\"https:\/\/quadromag.eu\/#website\",\"url\":\"https:\/\/quadromag.eu\/\",\"name\":\"quadromag.eu\",\"description\":\"Chr\u00e1\u0148te svoj vykurovac\u00ed syst\u00e9m\",\"publisher\":{\"@id\":\"https:\/\/quadromag.eu\/#organization\"},\"potentialAction\":[{\"@type\":\"SearchAction\",\"target\":{\"@type\":\"EntryPoint\",\"urlTemplate\":\"https:\/\/quadromag.eu\/?s={search_term_string}\"},\"query-input\":{\"@type\":\"PropertyValueSpecification\",\"valueRequired\":true,\"valueName\":\"search_term_string\"}}],\"inLanguage\":\"cs\"},{\"@type\":\"Organization\",\"@id\":\"https:\/\/quadromag.eu\/#organization\",\"name\":\"Quadromag\",\"url\":\"https:\/\/quadromag.eu\/\",\"logo\":{\"@type\":\"ImageObject\",\"inLanguage\":\"cs\",\"@id\":\"https:\/\/quadromag.eu\/#\/schema\/logo\/image\/\",\"url\":\"https:\/\/quadromag.eu\/wp-content\/uploads\/2025\/04\/quadromag-logo.svg\",\"contentUrl\":\"https:\/\/quadromag.eu\/wp-content\/uploads\/2025\/04\/quadromag-logo.svg\",\"width\":320,\"height\":30,\"caption\":\"Quadromag\"},\"image\":{\"@id\":\"https:\/\/quadromag.eu\/#\/schema\/logo\/image\/\"},\"sameAs\":[\"https:\/\/www.facebook.com\/www.quadroflex.sk\",\"https:\/\/www.instagram.com\/quadroflex_sro\/\"]}]}<\/script>\n<!-- \/ Yoast SEO plugin. -->","yoast_head_json":{"title":"Z\u00e1sady zpracov\u00e1n\u00ed osobn\u00edch \u00fadaj\u016f - Quadromag","robots":{"index":"index","follow":"follow","max-snippet":"max-snippet:-1","max-image-preview":"max-image-preview:large","max-video-preview":"max-video-preview:-1"},"canonical":"https:\/\/quadromag.eu\/cs\/zasady-zpracovani-osobnich-udaju\/","og_locale":"cs_CZ","og_type":"article","og_title":"Z\u00e1sady zpracov\u00e1n\u00ed osobn\u00edch \u00fadaj\u016f - Quadromag","og_url":"https:\/\/quadromag.eu\/cs\/zasady-zpracovani-osobnich-udaju\/","og_site_name":"Quadromag","article_publisher":"https:\/\/www.facebook.com\/www.quadroflex.sk","article_modified_time":"2025-04-22T12:25:42+00:00","twitter_card":"summary_large_image","twitter_misc":{"Odhadovan\u00e1 doba \u010dten\u00ed":"10 minut"},"schema":{"@context":"https:\/\/schema.org","@graph":[{"@type":"WebPage","@id":"https:\/\/quadromag.eu\/cs\/zasady-zpracovani-osobnich-udaju\/","url":"https:\/\/quadromag.eu\/cs\/zasady-zpracovani-osobnich-udaju\/","name":"Z\u00e1sady zpracov\u00e1n\u00ed osobn\u00edch \u00fadaj\u016f - Quadromag","isPartOf":{"@id":"https:\/\/quadromag.eu\/#website"},"datePublished":"2025-04-02T16:33:53+00:00","dateModified":"2025-04-22T12:25:42+00:00","breadcrumb":{"@id":"https:\/\/quadromag.eu\/cs\/zasady-zpracovani-osobnich-udaju\/#breadcrumb"},"inLanguage":"cs","potentialAction":[{"@type":"ReadAction","target":["https:\/\/quadromag.eu\/cs\/zasady-zpracovani-osobnich-udaju\/"]}]},{"@type":"BreadcrumbList","@id":"https:\/\/quadromag.eu\/cs\/zasady-zpracovani-osobnich-udaju\/#breadcrumb","itemListElement":[{"@type":"ListItem","position":1,"name":"Domovsk\u00e1 str\u00e1nka","item":"https:\/\/quadromag.eu\/cs\/"},{"@type":"ListItem","position":2,"name":"Z\u00e1sady zpracov\u00e1n\u00ed osobn\u00edch \u00fadaj\u016f"}]},{"@type":"WebSite","@id":"https:\/\/quadromag.eu\/#website","url":"https:\/\/quadromag.eu\/","name":"quadromag.eu","description":"Chr\u00e1\u0148te svoj vykurovac\u00ed syst\u00e9m","publisher":{"@id":"https:\/\/quadromag.eu\/#organization"},"potentialAction":[{"@type":"SearchAction","target":{"@type":"EntryPoint","urlTemplate":"https:\/\/quadromag.eu\/?s={search_term_string}"},"query-input":{"@type":"PropertyValueSpecification","valueRequired":true,"valueName":"search_term_string"}}],"inLanguage":"cs"},{"@type":"Organization","@id":"https:\/\/quadromag.eu\/#organization","name":"Quadromag","url":"https:\/\/quadromag.eu\/","logo":{"@type":"ImageObject","inLanguage":"cs","@id":"https:\/\/quadromag.eu\/#\/schema\/logo\/image\/","url":"https:\/\/quadromag.eu\/wp-content\/uploads\/2025\/04\/quadromag-logo.svg","contentUrl":"https:\/\/quadromag.eu\/wp-content\/uploads\/2025\/04\/quadromag-logo.svg","width":320,"height":30,"caption":"Quadromag"},"image":{"@id":"https:\/\/quadromag.eu\/#\/schema\/logo\/image\/"},"sameAs":["https:\/\/www.facebook.com\/www.quadroflex.sk","https:\/\/www.instagram.com\/quadroflex_sro\/"]}]}},"_links":{"self":[{"href":"https:\/\/quadromag.eu\/cs\/wp-json\/wp\/v2\/pages\/1467","targetHints":{"allow":["GET"]}}],"collection":[{"href":"https:\/\/quadromag.eu\/cs\/wp-json\/wp\/v2\/pages"}],"about":[{"href":"https:\/\/quadromag.eu\/cs\/wp-json\/wp\/v2\/types\/page"}],"author":[{"embeddable":true,"href":"https:\/\/quadromag.eu\/cs\/wp-json\/wp\/v2\/users\/1"}],"replies":[{"embeddable":true,"href":"https:\/\/quadromag.eu\/cs\/wp-json\/wp\/v2\/comments?post=1467"}],"version-history":[{"count":0,"href":"https:\/\/quadromag.eu\/cs\/wp-json\/wp\/v2\/pages\/1467\/revisions"}],"wp:attachment":[{"href":"https:\/\/quadromag.eu\/cs\/wp-json\/wp\/v2\/media?parent=1467"}],"curies":[{"name":"wp","href":"https:\/\/api.w.org\/{rel}","templated":true}]}}