{"id":1722,"date":"2025-04-02T12:11:45","date_gmt":"2025-04-02T12:11:45","guid":{"rendered":"https:\/\/quadromag.eu\/ueber-uns\/"},"modified":"2025-04-24T14:19:08","modified_gmt":"2025-04-24T14:19:08","slug":"ueber-uns","status":"publish","type":"page","link":"https:\/\/quadromag.eu\/de\/ueber-uns\/","title":{"rendered":"\u00dcber uns"},"content":{"rendered":"<p><div class=\"fusion-fullwidth fullwidth-box fusion-builder-row-1 fusion-flex-container has-pattern-background has-mask-background nonhundred-percent-fullwidth non-hundred-percent-height-scrolling\" style=\"--awb-border-radius-top-left:0px;--awb-border-radius-top-right:0px;--awb-border-radius-bottom-right:0px;--awb-border-radius-bottom-left:0px;--awb-flex-wrap:wrap;\" ><div class=\"fusion-builder-row fusion-row fusion-flex-align-items-flex-start fusion-flex-content-wrap\" style=\"max-width:1466.4px;margin-left: calc(-4% \/ 2 );margin-right: calc(-4% \/ 2 );\"><div class=\"fusion-layout-column fusion_builder_column fusion-builder-column-0 fusion_builder_column_1_1 1_1 fusion-flex-column\" style=\"--awb-bg-size:cover;--awb-width-large:100%;--awb-margin-top-large:0px;--awb-spacing-right-large:1.92%;--awb-margin-bottom-large:20px;--awb-spacing-left-large:1.92%;--awb-width-medium:100%;--awb-order-medium:0;--awb-spacing-right-medium:1.92%;--awb-spacing-left-medium:1.92%;--awb-width-small:100%;--awb-order-small:0;--awb-spacing-right-small:1.92%;--awb-spacing-left-small:1.92%;\"><div class=\"fusion-column-wrapper fusion-column-has-shadow fusion-flex-justify-content-flex-start fusion-content-layout-column\"><div class=\"fusion-title title fusion-title-1 fusion-sep-none fusion-title-center fusion-title-text fusion-title-size-one\"><h1 class=\"fusion-title-heading title-heading-center\" style=\"margin:0;\">\u00dcber uns<\/h1><\/div><\/div><\/div><\/div><\/div><div class=\"fusion-fullwidth fullwidth-box fusion-builder-row-2 fusion-flex-container has-pattern-background has-mask-background nonhundred-percent-fullwidth non-hundred-percent-height-scrolling\" style=\"--awb-border-radius-top-left:0px;--awb-border-radius-top-right:0px;--awb-border-radius-bottom-right:0px;--awb-border-radius-bottom-left:0px;--awb-flex-wrap:wrap;\" ><div class=\"fusion-builder-row fusion-row fusion-flex-align-items-center fusion-flex-justify-content-center fusion-flex-content-wrap\" style=\"max-width:1466.4px;margin-left: calc(-4% \/ 2 );margin-right: calc(-4% \/ 2 );\"><div class=\"fusion-layout-column fusion_builder_column fusion-builder-column-1 fusion_builder_column_2_5 2_5 fusion-flex-column\" style=\"--awb-bg-size:cover;--awb-width-large:40%;--awb-margin-top-large:0px;--awb-spacing-right-large:4.8%;--awb-margin-bottom-large:20px;--awb-spacing-left-large:4.8%;--awb-width-medium:100%;--awb-order-medium:0;--awb-spacing-right-medium:1.92%;--awb-spacing-left-medium:1.92%;--awb-width-small:100%;--awb-order-small:0;--awb-spacing-right-small:1.92%;--awb-spacing-left-small:1.92%;\" data-scroll-devices=\"small-visibility,medium-visibility,large-visibility\"><div class=\"fusion-column-wrapper fusion-column-has-shadow fusion-flex-justify-content-flex-start fusion-content-layout-column\"><div class=\"fusion-text fusion-text-1\"><p>Firma QUADROFLEX s.r.o. ist ein f\u00fchrendes Unternehmen im Bereich Heizung und Warmwasserbereitung. Mit 33 Jahren Erfahrung ist das Unternehmen als Lieferant hochwertiger, zuverl\u00e4ssiger und preisg\u00fcnstiger Ger\u00e4te mit langer Lebensdauer bekannt. Seit 10 Jahren bringen wir immer neue L\u00f6sungen zur Reinigung von Heiz- und K\u00fchlsystemen und zum Schutz von Ger\u00e4ten auf den Markt, die auf der Filterung magnetischer und nichtmagnetischer Verunreinigungen basieren. Die Entwicklung neuer Produkte und deren Anpassung an die neuen Anforderungen von Installations- und Serviceunternehmen sowie Ger\u00e4teherstellern ist uns ein Anliegen. Sie finden unsere Filter in ganz Europa unter verschiedenen Marken (OEM) oder als Teil mehrerer Ger\u00e4te, wie beispielsweise W\u00e4rmepumpen und anderen Heiz- oder K\u00fchlquellen.<\/p>\n<\/div><div class=\"fusion-image-element \" style=\"--awb-caption-title-font-family:var(--h2_typography-font-family);--awb-caption-title-font-weight:var(--h2_typography-font-weight);--awb-caption-title-font-style:var(--h2_typography-font-style);--awb-caption-title-size:var(--h2_typography-font-size);--awb-caption-title-transform:var(--h2_typography-text-transform);--awb-caption-title-line-height:var(--h2_typography-line-height);--awb-caption-title-letter-spacing:var(--h2_typography-letter-spacing);\"><span class=\" fusion-imageframe imageframe-none imageframe-1 hover-type-none\"><img decoding=\"async\" width=\"162\" height=\"224\" title=\"zaruka-de\" src=\"https:\/\/quadromag.eu\/wp-content\/uploads\/2025\/04\/zaruka-de-1.png\" alt class=\"img-responsive wp-image-1390\"\/><\/span><\/div><\/div><\/div><div class=\"fusion-layout-column fusion_builder_column fusion-builder-column-2 fusion_builder_column_2_5 2_5 fusion-flex-column\" style=\"--awb-bg-size:cover;--awb-width-large:40%;--awb-margin-top-large:0px;--awb-spacing-right-large:4.8%;--awb-margin-bottom-large:20px;--awb-spacing-left-large:4.8%;--awb-width-medium:100%;--awb-order-medium:0;--awb-spacing-right-medium:1.92%;--awb-spacing-left-medium:1.92%;--awb-width-small:100%;--awb-order-small:0;--awb-spacing-right-small:1.92%;--awb-spacing-left-small:1.92%;\" data-scroll-devices=\"small-visibility,medium-visibility,large-visibility\"><div class=\"fusion-column-wrapper fusion-column-has-shadow fusion-flex-justify-content-flex-start fusion-content-layout-column\"><div class=\"fusion-image-element \" style=\"--awb-caption-title-font-family:var(--h2_typography-font-family);--awb-caption-title-font-weight:var(--h2_typography-font-weight);--awb-caption-title-font-style:var(--h2_typography-font-style);--awb-caption-title-size:var(--h2_typography-font-size);--awb-caption-title-transform:var(--h2_typography-text-transform);--awb-caption-title-line-height:var(--h2_typography-line-height);--awb-caption-title-letter-spacing:var(--h2_typography-letter-spacing);\"><span class=\" fusion-imageframe imageframe-none imageframe-2 hover-type-none\" style=\"border-radius:30px;\"><img decoding=\"async\" width=\"570\" height=\"663\" alt=\"Warum ist es wichtig, Quadromag in das System zu integrieren\" title=\"Warum ist es wichtig, Quadromag in das System zu integrieren\" src=\"https:\/\/quadromag.eu\/wp-content\/uploads\/2025\/04\/preco-je-dolezite.webp\" class=\"img-responsive wp-image-553\" srcset=\"https:\/\/quadromag.eu\/wp-content\/uploads\/2025\/04\/preco-je-dolezite-200x233.webp 200w, https:\/\/quadromag.eu\/wp-content\/uploads\/2025\/04\/preco-je-dolezite-258x300.webp 258w, https:\/\/quadromag.eu\/wp-content\/uploads\/2025\/04\/preco-je-dolezite-400x465.webp 400w, https:\/\/quadromag.eu\/wp-content\/uploads\/2025\/04\/preco-je-dolezite.webp 570w\" sizes=\"(max-width: 800px) 100vw, 570px\" \/><\/span><\/div><\/div><\/div><\/div><\/div><div class=\"fusion-fullwidth fullwidth-box fusion-builder-row-3 fusion-flex-container has-pattern-background has-mask-background produkt-kontakt-container nonhundred-percent-fullwidth non-hundred-percent-height-scrolling\" style=\"--awb-border-radius-top-left:0px;--awb-border-radius-top-right:0px;--awb-border-radius-bottom-right:0px;--awb-border-radius-bottom-left:0px;--awb-margin-top:100px;--awb-margin-bottom:40px;--awb-margin-top-medium:70px;--awb-margin-top-small:20px;--awb-margin-bottom-small:0px;--awb-flex-wrap:wrap;\" ><div class=\"fusion-builder-row fusion-row fusion-flex-align-items-center fusion-flex-content-wrap\" style=\"max-width:1466.4px;margin-left: calc(-4% \/ 2 );margin-right: calc(-4% \/ 2 );\"><div class=\"fusion-layout-column fusion_builder_column fusion-builder-column-3 fusion_builder_column_1_1 1_1 fusion-flex-column\" style=\"--awb-padding-left:90px;--awb-padding-right-medium:30px;--awb-padding-left-medium:30px;--awb-padding-right-small:15px;--awb-padding-left-small:15px;--awb-overflow:visible;--awb-bg-color:#24428d;--awb-bg-color-hover:#24428d;--awb-bg-size:cover;--awb-border-radius:31px 31px 31px 31px;--awb-width-large:100%;--awb-margin-top-large:0px;--awb-spacing-right-large:1.92%;--awb-margin-bottom-large:20px;--awb-spacing-left-large:1.92%;--awb-width-medium:100%;--awb-order-medium:0;--awb-spacing-right-medium:1.92%;--awb-spacing-left-medium:1.92%;--awb-width-small:100%;--awb-order-small:0;--awb-spacing-right-small:1.92%;--awb-spacing-left-small:1.92%;\" data-scroll-devices=\"small-visibility,medium-visibility,large-visibility\"><div class=\"fusion-column-wrapper fusion-column-has-shadow fusion-flex-justify-content-flex-start fusion-content-layout-column\"><div class=\"fusion-builder-row fusion-builder-row-inner fusion-row fusion-flex-align-items-center fusion-flex-content-wrap\" style=\"width:104% !important;max-width:104% !important;margin-left: calc(-4% \/ 2 );margin-right: calc(-4% \/ 2 );\"><div class=\"fusion-layout-column fusion_builder_column_inner fusion-builder-nested-column-0 fusion_builder_column_inner_3_5 3_5 fusion-flex-column\" style=\"--awb-padding-top:10px;--awb-padding-bottom:15px;--awb-bg-size:cover;--awb-width-large:60%;--awb-margin-top-large:0px;--awb-spacing-right-large:3.2%;--awb-margin-bottom-large:0px;--awb-spacing-left-large:3.2%;--awb-width-medium:60%;--awb-order-medium:0;--awb-spacing-right-medium:3.2%;--awb-spacing-left-medium:3.2%;--awb-width-small:100%;--awb-order-small:0;--awb-spacing-right-small:1.92%;--awb-spacing-left-small:1.92%;\" data-scroll-devices=\"small-visibility,medium-visibility,large-visibility\"><div class=\"fusion-column-wrapper fusion-column-has-shadow fusion-flex-justify-content-flex-start fusion-content-layout-column\"><div class=\"fusion-title title fusion-title-2 fusion-sep-none fusion-title-text fusion-title-size-two\" style=\"--awb-text-color:#ffffff;\"><h2 class=\"fusion-title-heading title-heading-left\" style=\"margin:0;\">Haben Sie Fragen?<\/h2><\/div><div class=\"fusion-text fusion-text-2\" style=\"--awb-font-size:24px;--awb-text-color:#ffffff;\"><p>Sollten Sie Fragen haben, z\u00f6gern Sie bitte nicht, uns per E-Mail oder Telefon zu kontaktieren.<\/p>\n<\/div><div ><a class=\"fusion-button button-flat fusion-button-default-size button-default fusion-button-default button-1 fusion-button-default-span fusion-button-default-type\" target=\"_self\" href=\"https:\/\/quadromag.eu\/de\/kontakt\/\"><span class=\"fusion-button-text\">Kontakt<\/span><\/a><\/div><\/div><\/div><div class=\"fusion-layout-column fusion_builder_column_inner fusion-builder-nested-column-1 fusion_builder_column_inner_2_5 2_5 fusion-flex-column\" style=\"--awb-bg-size:cover;--awb-width-large:40%;--awb-margin-top-large:0px;--awb-spacing-right-large:4.8%;--awb-margin-bottom-large:0px;--awb-spacing-left-large:4.8%;--awb-width-medium:40%;--awb-order-medium:0;--awb-spacing-right-medium:4.8%;--awb-spacing-left-medium:4.8%;--awb-width-small:100%;--awb-order-small:0;--awb-spacing-right-small:1.92%;--awb-spacing-left-small:1.92%;\" data-scroll-devices=\"small-visibility,medium-visibility,large-visibility\"><div class=\"fusion-column-wrapper fusion-column-has-shadow fusion-flex-justify-content-flex-start fusion-content-layout-column\"><div class=\"fusion-image-element sm-text-align-center\" style=\"--awb-margin-top:-50px;--awb-margin-bottom:-50px;--awb-margin-top-small:20px;--awb-caption-title-font-family:var(--h2_typography-font-family);--awb-caption-title-font-weight:var(--h2_typography-font-weight);--awb-caption-title-font-style:var(--h2_typography-font-style);--awb-caption-title-size:var(--h2_typography-font-size);--awb-caption-title-transform:var(--h2_typography-text-transform);--awb-caption-title-line-height:var(--h2_typography-line-height);--awb-caption-title-letter-spacing:var(--h2_typography-letter-spacing);\"><span class=\" fusion-imageframe imageframe-none imageframe-3 hover-type-none\"><img decoding=\"async\" width=\"382\" height=\"430\" title=\"mate-otazky\" src=\"https:\/\/quadromag.eu\/wp-content\/uploads\/2025\/04\/mate-otazky.svg\" alt class=\"img-responsive wp-image-568\"\/><\/span><\/div><\/div><\/div><\/div><\/div><\/div><\/div><\/div>\n<\/p>\n","protected":false},"excerpt":{"rendered":"","protected":false},"author":1,"featured_media":0,"parent":0,"menu_order":0,"comment_status":"closed","ping_status":"closed","template":"100-width.php","meta":{"footnotes":""},"class_list":["post-1722","page","type-page","status-publish","hentry"],"yoast_head":"<!-- This site is optimized with the Yoast SEO plugin v27.0 - https:\/\/yoast.com\/product\/yoast-seo-wordpress\/ -->\n<title>\u00dcber uns - Quadromag<\/title>\n<meta name=\"robots\" content=\"index, follow, max-snippet:-1, max-image-preview:large, max-video-preview:-1\" \/>\n<link rel=\"canonical\" href=\"https:\/\/quadromag.eu\/de\/ueber-uns\/\" \/>\n<meta property=\"og:locale\" content=\"de_DE\" \/>\n<meta property=\"og:type\" content=\"article\" \/>\n<meta property=\"og:title\" content=\"\u00dcber uns - Quadromag\" \/>\n<meta property=\"og:url\" content=\"https:\/\/quadromag.eu\/de\/ueber-uns\/\" \/>\n<meta property=\"og:site_name\" content=\"Quadromag\" \/>\n<meta property=\"article:publisher\" content=\"https:\/\/www.facebook.com\/www.quadroflex.sk\" \/>\n<meta property=\"article:modified_time\" content=\"2025-04-24T14:19:08+00:00\" \/>\n<meta name=\"twitter:card\" content=\"summary_large_image\" \/>\n<meta name=\"twitter:label1\" content=\"Gesch\u00e4tzte Lesezeit\" \/>\n\t<meta name=\"twitter:data1\" content=\"18\u00a0Minuten\" \/>\n<script type=\"application\/ld+json\" class=\"yoast-schema-graph\">{\"@context\":\"https:\/\/schema.org\",\"@graph\":[{\"@type\":\"WebPage\",\"@id\":\"https:\/\/quadromag.eu\/de\/ueber-uns\/\",\"url\":\"https:\/\/quadromag.eu\/de\/ueber-uns\/\",\"name\":\"\u00dcber uns - Quadromag\",\"isPartOf\":{\"@id\":\"https:\/\/quadromag.eu\/#website\"},\"datePublished\":\"2025-04-02T12:11:45+00:00\",\"dateModified\":\"2025-04-24T14:19:08+00:00\",\"breadcrumb\":{\"@id\":\"https:\/\/quadromag.eu\/de\/ueber-uns\/#breadcrumb\"},\"inLanguage\":\"de\",\"potentialAction\":[{\"@type\":\"ReadAction\",\"target\":[\"https:\/\/quadromag.eu\/de\/ueber-uns\/\"]}]},{\"@type\":\"BreadcrumbList\",\"@id\":\"https:\/\/quadromag.eu\/de\/ueber-uns\/#breadcrumb\",\"itemListElement\":[{\"@type\":\"ListItem\",\"position\":1,\"name\":\"Domovsk\u00e1 str\u00e1nka\",\"item\":\"https:\/\/quadromag.eu\/de\/\"},{\"@type\":\"ListItem\",\"position\":2,\"name\":\"\u00dcber uns\"}]},{\"@type\":\"WebSite\",\"@id\":\"https:\/\/quadromag.eu\/#website\",\"url\":\"https:\/\/quadromag.eu\/\",\"name\":\"quadromag.eu\",\"description\":\"Chr\u00e1\u0148te svoj vykurovac\u00ed syst\u00e9m\",\"publisher\":{\"@id\":\"https:\/\/quadromag.eu\/#organization\"},\"potentialAction\":[{\"@type\":\"SearchAction\",\"target\":{\"@type\":\"EntryPoint\",\"urlTemplate\":\"https:\/\/quadromag.eu\/?s={search_term_string}\"},\"query-input\":{\"@type\":\"PropertyValueSpecification\",\"valueRequired\":true,\"valueName\":\"search_term_string\"}}],\"inLanguage\":\"de\"},{\"@type\":\"Organization\",\"@id\":\"https:\/\/quadromag.eu\/#organization\",\"name\":\"Quadromag\",\"url\":\"https:\/\/quadromag.eu\/\",\"logo\":{\"@type\":\"ImageObject\",\"inLanguage\":\"de\",\"@id\":\"https:\/\/quadromag.eu\/#\/schema\/logo\/image\/\",\"url\":\"https:\/\/quadromag.eu\/wp-content\/uploads\/2025\/04\/quadromag-logo.svg\",\"contentUrl\":\"https:\/\/quadromag.eu\/wp-content\/uploads\/2025\/04\/quadromag-logo.svg\",\"width\":320,\"height\":30,\"caption\":\"Quadromag\"},\"image\":{\"@id\":\"https:\/\/quadromag.eu\/#\/schema\/logo\/image\/\"},\"sameAs\":[\"https:\/\/www.facebook.com\/www.quadroflex.sk\",\"https:\/\/www.instagram.com\/quadroflex_sro\/\"]}]}<\/script>\n<!-- \/ Yoast SEO plugin. -->","yoast_head_json":{"title":"\u00dcber uns - Quadromag","robots":{"index":"index","follow":"follow","max-snippet":"max-snippet:-1","max-image-preview":"max-image-preview:large","max-video-preview":"max-video-preview:-1"},"canonical":"https:\/\/quadromag.eu\/de\/ueber-uns\/","og_locale":"de_DE","og_type":"article","og_title":"\u00dcber uns - Quadromag","og_url":"https:\/\/quadromag.eu\/de\/ueber-uns\/","og_site_name":"Quadromag","article_publisher":"https:\/\/www.facebook.com\/www.quadroflex.sk","article_modified_time":"2025-04-24T14:19:08+00:00","twitter_card":"summary_large_image","twitter_misc":{"Gesch\u00e4tzte Lesezeit":"18\u00a0Minuten"},"schema":{"@context":"https:\/\/schema.org","@graph":[{"@type":"WebPage","@id":"https:\/\/quadromag.eu\/de\/ueber-uns\/","url":"https:\/\/quadromag.eu\/de\/ueber-uns\/","name":"\u00dcber uns - Quadromag","isPartOf":{"@id":"https:\/\/quadromag.eu\/#website"},"datePublished":"2025-04-02T12:11:45+00:00","dateModified":"2025-04-24T14:19:08+00:00","breadcrumb":{"@id":"https:\/\/quadromag.eu\/de\/ueber-uns\/#breadcrumb"},"inLanguage":"de","potentialAction":[{"@type":"ReadAction","target":["https:\/\/quadromag.eu\/de\/ueber-uns\/"]}]},{"@type":"BreadcrumbList","@id":"https:\/\/quadromag.eu\/de\/ueber-uns\/#breadcrumb","itemListElement":[{"@type":"ListItem","position":1,"name":"Domovsk\u00e1 str\u00e1nka","item":"https:\/\/quadromag.eu\/de\/"},{"@type":"ListItem","position":2,"name":"\u00dcber uns"}]},{"@type":"WebSite","@id":"https:\/\/quadromag.eu\/#website","url":"https:\/\/quadromag.eu\/","name":"quadromag.eu","description":"Chr\u00e1\u0148te svoj vykurovac\u00ed syst\u00e9m","publisher":{"@id":"https:\/\/quadromag.eu\/#organization"},"potentialAction":[{"@type":"SearchAction","target":{"@type":"EntryPoint","urlTemplate":"https:\/\/quadromag.eu\/?s={search_term_string}"},"query-input":{"@type":"PropertyValueSpecification","valueRequired":true,"valueName":"search_term_string"}}],"inLanguage":"de"},{"@type":"Organization","@id":"https:\/\/quadromag.eu\/#organization","name":"Quadromag","url":"https:\/\/quadromag.eu\/","logo":{"@type":"ImageObject","inLanguage":"de","@id":"https:\/\/quadromag.eu\/#\/schema\/logo\/image\/","url":"https:\/\/quadromag.eu\/wp-content\/uploads\/2025\/04\/quadromag-logo.svg","contentUrl":"https:\/\/quadromag.eu\/wp-content\/uploads\/2025\/04\/quadromag-logo.svg","width":320,"height":30,"caption":"Quadromag"},"image":{"@id":"https:\/\/quadromag.eu\/#\/schema\/logo\/image\/"},"sameAs":["https:\/\/www.facebook.com\/www.quadroflex.sk","https:\/\/www.instagram.com\/quadroflex_sro\/"]}]}},"_links":{"self":[{"href":"https:\/\/quadromag.eu\/de\/wp-json\/wp\/v2\/pages\/1722","targetHints":{"allow":["GET"]}}],"collection":[{"href":"https:\/\/quadromag.eu\/de\/wp-json\/wp\/v2\/pages"}],"about":[{"href":"https:\/\/quadromag.eu\/de\/wp-json\/wp\/v2\/types\/page"}],"author":[{"embeddable":true,"href":"https:\/\/quadromag.eu\/de\/wp-json\/wp\/v2\/users\/1"}],"replies":[{"embeddable":true,"href":"https:\/\/quadromag.eu\/de\/wp-json\/wp\/v2\/comments?post=1722"}],"version-history":[{"count":0,"href":"https:\/\/quadromag.eu\/de\/wp-json\/wp\/v2\/pages\/1722\/revisions"}],"wp:attachment":[{"href":"https:\/\/quadromag.eu\/de\/wp-json\/wp\/v2\/media?parent=1722"}],"curies":[{"name":"wp","href":"https:\/\/api.w.org\/{rel}","templated":true}]}}