{"id":1732,"date":"2025-04-07T11:25:26","date_gmt":"2025-04-07T11:25:26","guid":{"rendered":"https:\/\/quadromag.eu\/produkte\/"},"modified":"2025-04-24T14:20:20","modified_gmt":"2025-04-24T14:20:20","slug":"produkte","status":"publish","type":"page","link":"https:\/\/quadromag.eu\/de\/produkte\/","title":{"rendered":"Produkte"},"content":{"rendered":"<p><div class=\"fusion-fullwidth fullwidth-box fusion-builder-row-1 fusion-flex-container has-pattern-background has-mask-background nonhundred-percent-fullwidth non-hundred-percent-height-scrolling\" style=\"--awb-border-radius-top-left:0px;--awb-border-radius-top-right:0px;--awb-border-radius-bottom-right:0px;--awb-border-radius-bottom-left:0px;--awb-flex-wrap:wrap;\" ><div class=\"fusion-builder-row fusion-row fusion-flex-align-items-flex-start fusion-flex-content-wrap\" style=\"max-width:1466.4px;margin-left: calc(-4% \/ 2 );margin-right: calc(-4% \/ 2 );\"><div class=\"fusion-layout-column fusion_builder_column fusion-builder-column-0 fusion_builder_column_1_1 1_1 fusion-flex-column\" style=\"--awb-bg-size:cover;--awb-width-large:100%;--awb-margin-top-large:0px;--awb-spacing-right-large:1.92%;--awb-margin-bottom-large:20px;--awb-spacing-left-large:1.92%;--awb-width-medium:100%;--awb-order-medium:0;--awb-spacing-right-medium:1.92%;--awb-spacing-left-medium:1.92%;--awb-width-small:100%;--awb-order-small:0;--awb-spacing-right-small:1.92%;--awb-spacing-left-small:1.92%;\"><div class=\"fusion-column-wrapper fusion-column-has-shadow fusion-flex-justify-content-flex-start fusion-content-layout-column\"><div class=\"fusion-title title fusion-title-1 fusion-sep-none fusion-title-center fusion-title-text fusion-title-size-one\"><h1 class=\"fusion-title-heading title-heading-center\" style=\"margin:0;\">Produkte<\/h1><\/div><\/div><\/div><\/div><\/div><div class=\"fusion-fullwidth fullwidth-box fusion-builder-row-2 fusion-flex-container has-pattern-background has-mask-background nonhundred-percent-fullwidth non-hundred-percent-height-scrolling\" style=\"--awb-border-radius-top-left:0px;--awb-border-radius-top-right:0px;--awb-border-radius-bottom-right:0px;--awb-border-radius-bottom-left:0px;--awb-margin-top:20px;--awb-flex-wrap:wrap;\" ><div class=\"fusion-builder-row fusion-row fusion-flex-align-items-flex-start fusion-flex-content-wrap\" style=\"max-width:1466.4px;margin-left: calc(-4% \/ 2 );margin-right: calc(-4% \/ 2 );\"><div class=\"fusion-layout-column fusion_builder_column fusion-builder-column-1 fusion_builder_column_1_1 1_1 fusion-flex-column\" style=\"--awb-bg-size:cover;--awb-width-large:100%;--awb-margin-top-large:0px;--awb-spacing-right-large:1.92%;--awb-margin-bottom-large:20px;--awb-spacing-left-large:1.92%;--awb-width-medium:100%;--awb-order-medium:0;--awb-spacing-right-medium:1.92%;--awb-spacing-left-medium:1.92%;--awb-width-small:100%;--awb-order-small:0;--awb-spacing-right-small:1.92%;--awb-spacing-left-small:1.92%;\"><div class=\"fusion-column-wrapper fusion-column-has-shadow fusion-flex-justify-content-flex-start fusion-content-layout-column\"><style type=\"text\/css\">.fusion-portfolio-wrapper#fusion-portfolio-1 .fusion-portfolio-content{  text-align: left; }<\/style><div class=\"fusion-recent-works fusion-portfolio-element fusion-portfolio fusion-portfolio-1 fusion-portfolio-grid fusion-portfolio-paging-pagination fusion-portfolio-three fusion-portfolio-unboxed fusion-portfolio-text fusion-portfolio-equal-heights\" data-id=\"-rw-1\" data-columns=\"three\"><style type=\"text\/css\">.fusion-portfolio-1 .fusion-portfolio-wrapper .fusion-col-spacing{padding:15px;}<\/style><div class=\"fusion-portfolio-wrapper\" id=\"fusion-portfolio-1\" data-picturesize=\"auto\" data-pages=\"1\" style=\"margin:-15px;\"><article id=\"portfolio-1-post-1746\" class=\"fusion-portfolio-post fusion-col-spacing post-1746\"><div class=\"fusion-portfolio-content-wrapper\" style=\"border:none;\"><div  class=\"fusion-image-wrapper\" aria-haspopup=\"true\">\n\t\t\t\t\t\t\t<a href=\"https:\/\/quadromag.eu\/de\/portfolio\/quadromag-basic\/\" aria-label=\"Quadromag Basic\">\n\t\t\t\t\t\t\t<img decoding=\"async\" width=\"331\" height=\"264\" src=\"https:\/\/quadromag.eu\/wp-content\/uploads\/2025\/04\/quadromag-basic.png\" class=\"attachment-full size-full wp-post-image\" alt=\"\" srcset=\"https:\/\/quadromag.eu\/wp-content\/uploads\/2025\/04\/quadromag-basic-200x160.png 200w, https:\/\/quadromag.eu\/wp-content\/uploads\/2025\/04\/quadromag-basic.png 331w\" sizes=\"(min-width: 2200px) 100vw, (min-width: 784px) 450px, (min-width: 712px) 675px, (min-width: 640px) 712px, \" \/>\t\t\t<\/a>\n\t\t\t\t\t\t\t<\/div>\n<div class=\"fusion-portfolio-content\"><h2 class=\"fusion-post-title\"><a href=\"https:\/\/quadromag.eu\/de\/portfolio\/quadromag-basic\/\">Quadromag Basic<\/a><\/h2><div class=\"fusion-post-content\"><p>Basislinie von Magnetfiltern mit 3\/4\u2033- oder 1\u2033-Anschluss. Der Universalanschluss erm\u00f6glicht sowohl eine vertikale als auch eine horizontale Montage. Es ist f\u00fcr alle Arten von Zentralheizungs- und K\u00fchlsystemen konzipiert.  <\/p><\/div><\/div><\/div><\/article><article id=\"portfolio-1-post-1750\" class=\"fusion-portfolio-post fusion-col-spacing post-1750\"><div class=\"fusion-portfolio-content-wrapper\" style=\"border:none;\"><div  class=\"fusion-image-wrapper\" aria-haspopup=\"true\">\n\t\t\t\t\t\t\t<a href=\"https:\/\/quadromag.eu\/de\/portfolio\/quadromag-basic-big\/\" aria-label=\"Quadromag Basic Big\">\n\t\t\t\t\t\t\t<img decoding=\"async\" width=\"331\" height=\"264\" src=\"https:\/\/quadromag.eu\/wp-content\/uploads\/2025\/04\/quadromag-basic-big.png\" class=\"attachment-full size-full wp-post-image\" alt=\"\" srcset=\"https:\/\/quadromag.eu\/wp-content\/uploads\/2025\/04\/quadromag-basic-big-200x160.png 200w, https:\/\/quadromag.eu\/wp-content\/uploads\/2025\/04\/quadromag-basic-big.png 331w\" sizes=\"(min-width: 2200px) 100vw, (min-width: 784px) 450px, (min-width: 712px) 675px, (min-width: 640px) 712px, \" \/>\t\t\t<\/a>\n\t\t\t\t\t\t\t<\/div>\n<div class=\"fusion-portfolio-content\"><h2 class=\"fusion-post-title\"><a href=\"https:\/\/quadromag.eu\/de\/portfolio\/quadromag-basic-big\/\">Quadromag Basic Big<\/a><\/h2><div class=\"fusion-post-content\"><p>Es ist f\u00fcr h\u00f6here Durchflussraten ausgelegt, z. B. f\u00fcr gr\u00f6\u00dfere Systeme oder leistungsst\u00e4rkere Heiz- oder K\u00fchlquellen. <\/p><\/div><\/div><\/div><\/article><article id=\"portfolio-1-post-1754\" class=\"fusion-portfolio-post fusion-col-spacing post-1754\"><div class=\"fusion-portfolio-content-wrapper\" style=\"border:none;\"><div  class=\"fusion-image-wrapper\" aria-haspopup=\"true\">\n\t\t\t\t\t\t\t<a href=\"https:\/\/quadromag.eu\/de\/portfolio\/quadromag-mini\/\" aria-label=\"Quadromag Mini\">\n\t\t\t\t\t\t\t<img decoding=\"async\" width=\"331\" height=\"264\" src=\"https:\/\/quadromag.eu\/wp-content\/uploads\/2025\/04\/quadromag-mini.png\" class=\"attachment-full size-full wp-post-image\" alt=\"\" srcset=\"https:\/\/quadromag.eu\/wp-content\/uploads\/2025\/04\/quadromag-mini-200x160.png 200w, https:\/\/quadromag.eu\/wp-content\/uploads\/2025\/04\/quadromag-mini.png 331w\" sizes=\"(min-width: 2200px) 100vw, (min-width: 784px) 450px, (min-width: 712px) 675px, (min-width: 640px) 712px, \" \/>\t\t\t<\/a>\n\t\t\t\t\t\t\t<\/div>\n<div class=\"fusion-portfolio-content\"><h2 class=\"fusion-post-title\"><a href=\"https:\/\/quadromag.eu\/de\/portfolio\/quadromag-mini\/\">Quadromag Mini<\/a><\/h2><div class=\"fusion-post-content\"><p>Wird in Installationen mit begrenztem Platz verwendet. Das patentierte System der erzwungenen Str\u00f6mungsrichtung des Mediums sowie die verschiedenen Anschlussm\u00f6glichkeiten machen diesen Filter zu einem perfekten Schutz, vergleichbar mit gr\u00f6\u00dferen Filtern. <\/p><\/div><\/div><\/div><\/article><article id=\"portfolio-1-post-1758\" class=\"fusion-portfolio-post fusion-col-spacing post-1758\"><div class=\"fusion-portfolio-content-wrapper\" style=\"border:none;\"><div  class=\"fusion-image-wrapper\" aria-haspopup=\"true\">\n\t\t\t\t\t\t\t<a href=\"https:\/\/quadromag.eu\/de\/portfolio\/quadromag-micro\/\" aria-label=\"Quadromag Micro\">\n\t\t\t\t\t\t\t<img decoding=\"async\" width=\"331\" height=\"264\" src=\"https:\/\/quadromag.eu\/wp-content\/uploads\/2025\/04\/quadromag-micro.png\" class=\"attachment-full size-full wp-post-image\" alt=\"\" srcset=\"https:\/\/quadromag.eu\/wp-content\/uploads\/2025\/04\/quadromag-micro-200x160.png 200w, https:\/\/quadromag.eu\/wp-content\/uploads\/2025\/04\/quadromag-micro.png 331w\" sizes=\"(min-width: 2200px) 100vw, (min-width: 784px) 450px, (min-width: 712px) 675px, (min-width: 640px) 712px, \" \/>\t\t\t<\/a>\n\t\t\t\t\t\t\t<\/div>\n<div class=\"fusion-portfolio-content\"><h2 class=\"fusion-post-title\"><a href=\"https:\/\/quadromag.eu\/de\/portfolio\/quadromag-micro\/\">Quadromag Micro<\/a><\/h2><div class=\"fusion-post-content\"><p>Transparenter Filterbeh\u00e4lter zur optischen Erkennung der Notwendigkeit einer Filterreinigung. Es wird haupts\u00e4chlich unter Gas- und Elektrokesseln f\u00fcr den Haushalt verwendet. <\/p><\/div><\/div><\/div><\/article><article id=\"portfolio-1-post-1762\" class=\"fusion-portfolio-post fusion-col-spacing post-1762\"><div class=\"fusion-portfolio-content-wrapper\" style=\"border:none;\"><div  class=\"fusion-image-wrapper\" aria-haspopup=\"true\">\n\t\t\t\t\t\t\t<a href=\"https:\/\/quadromag.eu\/de\/portfolio\/quadromag-hp\/\" aria-label=\"Quadromag HP\">\n\t\t\t\t\t\t\t<img decoding=\"async\" width=\"331\" height=\"264\" src=\"https:\/\/quadromag.eu\/wp-content\/uploads\/2025\/04\/quadromag-hp.png\" class=\"attachment-full size-full wp-post-image\" alt=\"\" srcset=\"https:\/\/quadromag.eu\/wp-content\/uploads\/2025\/04\/quadromag-hp-200x160.png 200w, https:\/\/quadromag.eu\/wp-content\/uploads\/2025\/04\/quadromag-hp.png 331w\" sizes=\"(min-width: 2200px) 100vw, (min-width: 784px) 450px, (min-width: 712px) 675px, (min-width: 640px) 712px, \" \/>\t\t\t<\/a>\n\t\t\t\t\t\t\t<\/div>\n<div class=\"fusion-portfolio-content\"><h2 class=\"fusion-post-title\"><a href=\"https:\/\/quadromag.eu\/de\/portfolio\/quadromag-hp\/\">Quadromag HP<\/a><\/h2><div class=\"fusion-post-content\"><p>Eine Reihe von Magnetfiltern zum Schutz von W\u00e4rmepumpen und anderen Ger\u00e4ten und Systemen mit hohem Durchfluss und 5\/4-Zoll- oder 6\/4-Zoll-Anschl\u00fcssen. Das vergr\u00f6\u00dferte Tankvolumen sorgt f\u00fcr einen Druckabfall im Tank und damit f\u00fcr eine perfektere Filterung. Ein Edelstahl-Magnetnetz \u00fcber die gesamte H\u00f6he des Tanks f\u00e4ngt alle magnetischen und nicht magnetischen Teile auf.  <\/p><\/div><\/div><\/div><\/article><article id=\"portfolio-1-post-1766\" class=\"fusion-portfolio-post fusion-col-spacing post-1766\"><div class=\"fusion-portfolio-content-wrapper\" style=\"border:none;\"><div  class=\"fusion-image-wrapper\" aria-haspopup=\"true\">\n\t\t\t\t\t\t\t<a href=\"https:\/\/quadromag.eu\/de\/portfolio\/quadromag-y\/\" aria-label=\"Quadromag Y\">\n\t\t\t\t\t\t\t<img decoding=\"async\" width=\"331\" height=\"264\" src=\"https:\/\/quadromag.eu\/wp-content\/uploads\/2025\/04\/quadromag-y.png\" class=\"attachment-full size-full wp-post-image\" alt=\"\" srcset=\"https:\/\/quadromag.eu\/wp-content\/uploads\/2025\/04\/quadromag-y-200x160.png 200w, https:\/\/quadromag.eu\/wp-content\/uploads\/2025\/04\/quadromag-y.png 331w\" sizes=\"(min-width: 2200px) 100vw, (min-width: 784px) 450px, (min-width: 712px) 675px, (min-width: 640px) 712px, \" \/>\t\t\t<\/a>\n\t\t\t\t\t\t\t<\/div>\n<div class=\"fusion-portfolio-content\"><h2 class=\"fusion-post-title\"><a href=\"https:\/\/quadromag.eu\/de\/portfolio\/quadromag-y\/\">Quadromag Y<\/a><\/h2><div class=\"fusion-post-content\"><p>Die klassische Form der Heizmittelfiltration in Kombination mit einem Magneten. Einfach zu installieren und zu reinigen. Kompakte Abmessungen zur Platzersparnis. Da es sich hierbei um die kleinstm\u00f6gliche Filterkammer handelt, ersetzt diese Konstruktion nicht vollst\u00e4ndig die Funktion anderer, vor der W\u00e4rme- oder K\u00e4ltequelle installierter Magnetfilter. Es ist die perfekte Erg\u00e4nzung, um die Effizienz anderer Magnetfilter zu steigern und die Reinigungsintervalle zu verl\u00e4ngern.    <\/p><\/div><\/div><\/div><\/article><article id=\"portfolio-1-post-2397\" class=\"fusion-portfolio-post fusion-col-spacing post-2397\"><div class=\"fusion-portfolio-content-wrapper\" style=\"border:none;\"><div  class=\"fusion-image-wrapper\" aria-haspopup=\"true\">\n\t\t\t\t\t\t\t<a href=\"https:\/\/quadromag.eu\/de\/portfolio\/frostschutzventil-fuer-waermepumpen\/\" aria-label=\"Frostschutzventil f\u00fcr W\u00e4rmepumpen\">\n\t\t\t\t\t\t\t<img decoding=\"async\" width=\"331\" height=\"264\" src=\"https:\/\/quadromag.eu\/wp-content\/uploads\/2026\/02\/quadromag-ventil-nahladova.png\" class=\"attachment-full size-full wp-post-image\" alt=\"\" srcset=\"https:\/\/quadromag.eu\/wp-content\/uploads\/2026\/02\/quadromag-ventil-nahladova-200x160.png 200w, https:\/\/quadromag.eu\/wp-content\/uploads\/2026\/02\/quadromag-ventil-nahladova.png 331w\" sizes=\"(min-width: 2200px) 100vw, (min-width: 784px) 450px, (min-width: 712px) 675px, (min-width: 640px) 712px, \" \/>\t\t\t<\/a>\n\t\t\t\t\t\t\t<\/div>\n<div class=\"fusion-portfolio-content\"><h2 class=\"fusion-post-title\"><a href=\"https:\/\/quadromag.eu\/de\/portfolio\/frostschutzventil-fuer-waermepumpen\/\">Frostschutzventil f\u00fcr W\u00e4rmepumpen<\/a><\/h2><div class=\"fusion-post-content\"><p>Frostschutzventil aus Messing 1\u2033 (DN 25) zum Schutz des Systemkreislaufs vor Frost. Erreicht die Temperatur im System einen Durchschnittswert von 3 \u00b0C, \u00f6ffnet das Ventil automatisch und das Medium wird aus dem System abgeleitet. Dadurch werden Leitungen und Ger\u00e4te zuverl\u00e4ssig vor Eisbildung und somit vor Sch\u00e4den gesch\u00fctzt. Ideal geeignet f\u00fcr Monoblock-W\u00e4rmepumpen, zur Installation im Vor- und R\u00fccklauf (2 St\u00fcck erforderlich).   <\/p><\/div><\/div><\/div><\/article><\/div><\/div><\/div><\/div><\/div><\/div><\/p>\n","protected":false},"excerpt":{"rendered":"","protected":false},"author":1,"featured_media":0,"parent":0,"menu_order":0,"comment_status":"closed","ping_status":"closed","template":"100-width.php","meta":{"footnotes":""},"class_list":["post-1732","page","type-page","status-publish","hentry"],"yoast_head":"<!-- This site is optimized with the Yoast SEO plugin v27.0 - https:\/\/yoast.com\/product\/yoast-seo-wordpress\/ -->\n<title>Produkte - Quadromag<\/title>\n<meta name=\"robots\" content=\"index, follow, max-snippet:-1, max-image-preview:large, max-video-preview:-1\" \/>\n<link rel=\"canonical\" href=\"https:\/\/quadromag.eu\/de\/produkte\/\" \/>\n<meta property=\"og:locale\" content=\"de_DE\" \/>\n<meta property=\"og:type\" content=\"article\" \/>\n<meta property=\"og:title\" content=\"Produkte - Quadromag\" \/>\n<meta property=\"og:url\" content=\"https:\/\/quadromag.eu\/de\/produkte\/\" \/>\n<meta property=\"og:site_name\" content=\"Quadromag\" \/>\n<meta property=\"article:publisher\" content=\"https:\/\/www.facebook.com\/www.quadroflex.sk\" \/>\n<meta property=\"article:modified_time\" content=\"2025-04-24T14:20:20+00:00\" \/>\n<meta name=\"twitter:card\" content=\"summary_large_image\" \/>\n<meta name=\"twitter:label1\" content=\"Gesch\u00e4tzte Lesezeit\" \/>\n\t<meta name=\"twitter:data1\" content=\"11\u00a0Minuten\" \/>\n<script type=\"application\/ld+json\" class=\"yoast-schema-graph\">{\"@context\":\"https:\/\/schema.org\",\"@graph\":[{\"@type\":\"WebPage\",\"@id\":\"https:\/\/quadromag.eu\/de\/produkte\/\",\"url\":\"https:\/\/quadromag.eu\/de\/produkte\/\",\"name\":\"Produkte - Quadromag\",\"isPartOf\":{\"@id\":\"https:\/\/quadromag.eu\/#website\"},\"datePublished\":\"2025-04-07T11:25:26+00:00\",\"dateModified\":\"2025-04-24T14:20:20+00:00\",\"breadcrumb\":{\"@id\":\"https:\/\/quadromag.eu\/de\/produkte\/#breadcrumb\"},\"inLanguage\":\"de\",\"potentialAction\":[{\"@type\":\"ReadAction\",\"target\":[\"https:\/\/quadromag.eu\/de\/produkte\/\"]}]},{\"@type\":\"BreadcrumbList\",\"@id\":\"https:\/\/quadromag.eu\/de\/produkte\/#breadcrumb\",\"itemListElement\":[{\"@type\":\"ListItem\",\"position\":1,\"name\":\"Domovsk\u00e1 str\u00e1nka\",\"item\":\"https:\/\/quadromag.eu\/de\/\"},{\"@type\":\"ListItem\",\"position\":2,\"name\":\"Produkte\"}]},{\"@type\":\"WebSite\",\"@id\":\"https:\/\/quadromag.eu\/#website\",\"url\":\"https:\/\/quadromag.eu\/\",\"name\":\"quadromag.eu\",\"description\":\"Chr\u00e1\u0148te svoj vykurovac\u00ed syst\u00e9m\",\"publisher\":{\"@id\":\"https:\/\/quadromag.eu\/#organization\"},\"potentialAction\":[{\"@type\":\"SearchAction\",\"target\":{\"@type\":\"EntryPoint\",\"urlTemplate\":\"https:\/\/quadromag.eu\/?s={search_term_string}\"},\"query-input\":{\"@type\":\"PropertyValueSpecification\",\"valueRequired\":true,\"valueName\":\"search_term_string\"}}],\"inLanguage\":\"de\"},{\"@type\":\"Organization\",\"@id\":\"https:\/\/quadromag.eu\/#organization\",\"name\":\"Quadromag\",\"url\":\"https:\/\/quadromag.eu\/\",\"logo\":{\"@type\":\"ImageObject\",\"inLanguage\":\"de\",\"@id\":\"https:\/\/quadromag.eu\/#\/schema\/logo\/image\/\",\"url\":\"https:\/\/quadromag.eu\/wp-content\/uploads\/2025\/04\/quadromag-logo.svg\",\"contentUrl\":\"https:\/\/quadromag.eu\/wp-content\/uploads\/2025\/04\/quadromag-logo.svg\",\"width\":320,\"height\":30,\"caption\":\"Quadromag\"},\"image\":{\"@id\":\"https:\/\/quadromag.eu\/#\/schema\/logo\/image\/\"},\"sameAs\":[\"https:\/\/www.facebook.com\/www.quadroflex.sk\",\"https:\/\/www.instagram.com\/quadroflex_sro\/\"]}]}<\/script>\n<!-- \/ Yoast SEO plugin. -->","yoast_head_json":{"title":"Produkte - Quadromag","robots":{"index":"index","follow":"follow","max-snippet":"max-snippet:-1","max-image-preview":"max-image-preview:large","max-video-preview":"max-video-preview:-1"},"canonical":"https:\/\/quadromag.eu\/de\/produkte\/","og_locale":"de_DE","og_type":"article","og_title":"Produkte - Quadromag","og_url":"https:\/\/quadromag.eu\/de\/produkte\/","og_site_name":"Quadromag","article_publisher":"https:\/\/www.facebook.com\/www.quadroflex.sk","article_modified_time":"2025-04-24T14:20:20+00:00","twitter_card":"summary_large_image","twitter_misc":{"Gesch\u00e4tzte Lesezeit":"11\u00a0Minuten"},"schema":{"@context":"https:\/\/schema.org","@graph":[{"@type":"WebPage","@id":"https:\/\/quadromag.eu\/de\/produkte\/","url":"https:\/\/quadromag.eu\/de\/produkte\/","name":"Produkte - Quadromag","isPartOf":{"@id":"https:\/\/quadromag.eu\/#website"},"datePublished":"2025-04-07T11:25:26+00:00","dateModified":"2025-04-24T14:20:20+00:00","breadcrumb":{"@id":"https:\/\/quadromag.eu\/de\/produkte\/#breadcrumb"},"inLanguage":"de","potentialAction":[{"@type":"ReadAction","target":["https:\/\/quadromag.eu\/de\/produkte\/"]}]},{"@type":"BreadcrumbList","@id":"https:\/\/quadromag.eu\/de\/produkte\/#breadcrumb","itemListElement":[{"@type":"ListItem","position":1,"name":"Domovsk\u00e1 str\u00e1nka","item":"https:\/\/quadromag.eu\/de\/"},{"@type":"ListItem","position":2,"name":"Produkte"}]},{"@type":"WebSite","@id":"https:\/\/quadromag.eu\/#website","url":"https:\/\/quadromag.eu\/","name":"quadromag.eu","description":"Chr\u00e1\u0148te svoj vykurovac\u00ed syst\u00e9m","publisher":{"@id":"https:\/\/quadromag.eu\/#organization"},"potentialAction":[{"@type":"SearchAction","target":{"@type":"EntryPoint","urlTemplate":"https:\/\/quadromag.eu\/?s={search_term_string}"},"query-input":{"@type":"PropertyValueSpecification","valueRequired":true,"valueName":"search_term_string"}}],"inLanguage":"de"},{"@type":"Organization","@id":"https:\/\/quadromag.eu\/#organization","name":"Quadromag","url":"https:\/\/quadromag.eu\/","logo":{"@type":"ImageObject","inLanguage":"de","@id":"https:\/\/quadromag.eu\/#\/schema\/logo\/image\/","url":"https:\/\/quadromag.eu\/wp-content\/uploads\/2025\/04\/quadromag-logo.svg","contentUrl":"https:\/\/quadromag.eu\/wp-content\/uploads\/2025\/04\/quadromag-logo.svg","width":320,"height":30,"caption":"Quadromag"},"image":{"@id":"https:\/\/quadromag.eu\/#\/schema\/logo\/image\/"},"sameAs":["https:\/\/www.facebook.com\/www.quadroflex.sk","https:\/\/www.instagram.com\/quadroflex_sro\/"]}]}},"_links":{"self":[{"href":"https:\/\/quadromag.eu\/de\/wp-json\/wp\/v2\/pages\/1732","targetHints":{"allow":["GET"]}}],"collection":[{"href":"https:\/\/quadromag.eu\/de\/wp-json\/wp\/v2\/pages"}],"about":[{"href":"https:\/\/quadromag.eu\/de\/wp-json\/wp\/v2\/types\/page"}],"author":[{"embeddable":true,"href":"https:\/\/quadromag.eu\/de\/wp-json\/wp\/v2\/users\/1"}],"replies":[{"embeddable":true,"href":"https:\/\/quadromag.eu\/de\/wp-json\/wp\/v2\/comments?post=1732"}],"version-history":[{"count":0,"href":"https:\/\/quadromag.eu\/de\/wp-json\/wp\/v2\/pages\/1732\/revisions"}],"wp:attachment":[{"href":"https:\/\/quadromag.eu\/de\/wp-json\/wp\/v2\/media?parent=1732"}],"curies":[{"name":"wp","href":"https:\/\/api.w.org\/{rel}","templated":true}]}}