{"id":1735,"date":"2025-04-02T16:31:06","date_gmt":"2025-04-02T16:31:06","guid":{"rendered":"https:\/\/quadromag.eu\/?page_id=1735"},"modified":"2025-04-24T14:21:00","modified_gmt":"2025-04-24T14:21:00","slug":"cookies","status":"publish","type":"page","link":"https:\/\/quadromag.eu\/de\/cookies\/","title":{"rendered":"Cookies"},"content":{"rendered":"<div class=\"fusion-fullwidth fullwidth-box fusion-builder-row-1 fusion-flex-container has-pattern-background has-mask-background nonhundred-percent-fullwidth non-hundred-percent-height-scrolling\" style=\"--awb-border-radius-top-left:0px;--awb-border-radius-top-right:0px;--awb-border-radius-bottom-right:0px;--awb-border-radius-bottom-left:0px;--awb-flex-wrap:wrap;\" ><div class=\"fusion-builder-row fusion-row fusion-flex-align-items-flex-start fusion-flex-content-wrap\" style=\"max-width:1466.4px;margin-left: calc(-4% \/ 2 );margin-right: calc(-4% \/ 2 );\"><div class=\"fusion-layout-column fusion_builder_column fusion-builder-column-0 fusion_builder_column_1_1 1_1 fusion-flex-column\" style=\"--awb-bg-size:cover;--awb-width-large:100%;--awb-margin-top-large:0px;--awb-spacing-right-large:1.92%;--awb-margin-bottom-large:20px;--awb-spacing-left-large:1.92%;--awb-width-medium:100%;--awb-order-medium:0;--awb-spacing-right-medium:1.92%;--awb-spacing-left-medium:1.92%;--awb-width-small:100%;--awb-order-small:0;--awb-spacing-right-small:1.92%;--awb-spacing-left-small:1.92%;\"><div class=\"fusion-column-wrapper fusion-column-has-shadow fusion-flex-justify-content-flex-start fusion-content-layout-column\"><div class=\"fusion-title title fusion-title-1 fusion-sep-none fusion-title-center fusion-title-text fusion-title-size-one\"><h1 class=\"fusion-title-heading title-heading-center\" style=\"margin:0;\">Cookies<\/h1><\/div><div class=\"fusion-text fusion-text-1\"><ol>\n<li>Um den ordnungsgem\u00e4\u00dfen Betrieb dieser Website sicherzustellen, speichern wir manchmal kleine Datendateien (sogenannte Cookies) auf Ihrem Ger\u00e4t. Dies ist g\u00e4ngige Praxis auf den meisten gro\u00dfen Websites.<\/li>\n<li>Ein Cookie ist eine kleine Textdatei, die eine Website auf Ihrem Computer oder mobilen Ger\u00e4t speichert, w\u00e4hrend Sie diese besuchen. Mithilfe dieser Datei kann sich die Website f\u00fcr eine gewisse Zeit Informationen \u00fcber Ihre Aktionen und Vorlieben merken (z. B. Loginname, Sprache, Schriftgr\u00f6\u00dfe und andere Anzeigeeinstellungen), sodass Sie diese bei einem erneuten Besuch oder beim Navigieren innerhalb der Website nicht immer wieder neu eingeben m\u00fcssen.<\/li>\n<li>Diese Website verwendet Cookies, um sich Benutzereinstellungen zu merken, Anzeigen besser auf die Interessen der Besucher abzustimmen und die wesentlichen Funktionen der Website zu gew\u00e4hrleisten.<\/li>\n<li>Sie k\u00f6nnen Cookies kontrollieren oder l\u00f6schen, wie Sie m\u00f6chten \u2013 n\u00e4here Informationen finden Sie unter <a href=\"https:\/\/www.aboutcookies.org\/\" target=\"_blank\" rel=\"noopener\">aboutcookies.org<\/a>. Sie k\u00f6nnen alle auf Ihrem Computer gespeicherten Cookies l\u00f6schen und die meisten Browser k\u00f6nnen so eingestellt werden, dass sie das Speichern von Cookies verhindern. In diesem Fall m\u00fcssen Sie jedoch m\u00f6glicherweise bei jedem Besuch der Website einige Einstellungen manuell anpassen, und manche Dienste und Funktionen werden eventuell nicht funktionieren.<\/li>\n<li>Die Verwendung von Cookies k\u00f6nnen Sie in Ihrem Internetbrowser anpassen. Die meisten Browser akzeptieren Cookies standardm\u00e4\u00dfig. Sie k\u00f6nnen die Website jedoch auch so nutzen, dass keine Daten \u00fcber das Verhalten der Besucher gesammelt werden \u2013 indem Sie die entsprechenden Einstellungen in Ihrem Browser vornehmen.<\/li>\n<li>Wenn Sie auf unserer Website einen Kommentar hinzuf\u00fcgen oder eine Nachricht \u00fcber das Kontaktformular senden, k\u00f6nnen Sie zustimmen, dass Ihr Name, Ihre E-Mail-Adresse und Ihre Website in Cookies gespeichert werden. Dies ist zu Ihrem Komfort, damit Sie Ihre Daten nicht erneut eingeben m\u00fcssen, wenn Sie einen weiteren Kommentar hinzuf\u00fcgen. Diese Cookies sind ein Jahr lang g\u00fcltig.<\/li>\n<li>Wenn Sie ein Konto auf unserer Website haben und sich einloggen, speichern wir tempor\u00e4re Cookies, um festzustellen, ob Ihr Browser Cookies akzeptiert. Diese Cookies enthalten keine pers\u00f6nlichen Daten und werden beim Schlie\u00dfen des Browsers gel\u00f6scht.<\/li>\n<li>Beim Anmelden setzen wir mehrere Cookies, um Ihre Anmeldedaten und Anzeigeeinstellungen zu speichern. Anmelde-Cookies sind einen Tag g\u00fcltig, Anzeigeeinstellungen ein Jahr. Wenn Sie \u201emerken\u201c w\u00e4hlen, bleibt Ihr Login zwei Wochen bestehen. Beim Abmelden aus Ihrem Konto werden diese Cookies entfernt.<\/li>\n<li>Neben der Gew\u00e4hrleistung eines ordnungsgem\u00e4\u00dfen Betriebs der Website und der Erleichterung des Zugriffs speichern wir auch Cookies f\u00fcr zielgerichtete Werbung und verarbeiten sie auf Grundlage Ihrer Einwilligung.<\/li>\n<li>Die Erfassung von Daten \u00fcber das Verhalten der Besucher auf der Website (Zweck: zielgerichtete Werbung) wird auf der Grundlage der Einwilligung des Besuchers durch Anklicken der Schaltfl\u00e4che \u201e<strong>Ich stimme allem zu<\/strong>\u201c aktiviert, die Sie im Cookie-Banner am unteren Rand der Website finden. Vor dieser Schaltfl\u00e4che steht der Hinweis: <em>\u201eWir verwenden Cookies, um Ihr Erlebnis beim Browsen unserer Websites zu verbessern. Wir m\u00f6chten Ihnen personalisierte Inhalte und zielgerichtete Werbung anzeigen, den Website-Traffic auswerten und verstehen, woher unsere Besucher kommen.\u201c<\/em> \u2013 erg\u00e4nzt um einen Link mit weiteren Informationen, der auf diese Seite verweist.<\/li>\n<li>Die gesammelten Cookies werden haupts\u00e4chlich \u00fcber die Dienste Google Analytics und Google Adwords verarbeitet, die von der Google Inc. mit Sitz in 1600 Amphitheatre Parkway, Mountain View, CA 94043, USA betrieben werden. Anschlie\u00dfend werden die von Google Inc. erfassten Daten gem\u00e4\u00df den Datenschutzbestimmungen verarbeitet; weitere Informationen finden Sie <a href=\"https:\/\/policies.google.com\/privacy?hl=de#nosharing\" target=\"_blank\" rel=\"noopener\">hier<\/a>.<\/li>\n<li>Der Betreiber erhebt auf seiner Website folgende Cookies von Drittanbietern:\n<ol>\n<li>Google Analytics, um statistische Informationen zu gewinnen, f\u00fcr die Dauer gem\u00e4\u00df Ihren Browsereinstellungen oder bis zur L\u00f6schung dieser Informationen (z. B. durch das Leeren des Caches).<\/li>\n<li>Google Adwords zur Identifizierung im Werbenetzwerk von Google und Retargeting f\u00fcr 180 Tage.<\/li>\n<\/ol>\n<\/li>\n<li>Cookies stellen einen Teil Ihrer personenbezogenen Daten dar. Weitere Informationen zu den Grunds\u00e4tzen der Verarbeitung personenbezogener Daten finden Sie unter <a href=\"https:\/\/quadromag.eu\/de\/grundsaetze-zur-verarbeitung-personenbezogener-daten\/\" target=\"blank\" rel=\"noopener\">diesem Link<\/a>.<\/li>\n<\/ol>\n<\/div><\/div><\/div><\/div><\/div>\n","protected":false},"excerpt":{"rendered":"","protected":false},"author":1,"featured_media":0,"parent":0,"menu_order":0,"comment_status":"closed","ping_status":"closed","template":"100-width.php","meta":{"footnotes":""},"class_list":["post-1735","page","type-page","status-publish","hentry"],"yoast_head":"<!-- This site is optimized with the Yoast SEO plugin v27.0 - https:\/\/yoast.com\/product\/yoast-seo-wordpress\/ -->\n<title>Cookies - Quadromag<\/title>\n<meta name=\"robots\" content=\"index, follow, max-snippet:-1, max-image-preview:large, max-video-preview:-1\" \/>\n<link rel=\"canonical\" href=\"https:\/\/quadromag.eu\/de\/cookies\/\" \/>\n<meta property=\"og:locale\" content=\"de_DE\" \/>\n<meta property=\"og:type\" content=\"article\" \/>\n<meta property=\"og:title\" content=\"Cookies - Quadromag\" \/>\n<meta property=\"og:url\" content=\"https:\/\/quadromag.eu\/de\/cookies\/\" \/>\n<meta property=\"og:site_name\" content=\"Quadromag\" \/>\n<meta property=\"article:publisher\" content=\"https:\/\/www.facebook.com\/www.quadroflex.sk\" \/>\n<meta property=\"article:modified_time\" content=\"2025-04-24T14:21:00+00:00\" \/>\n<meta name=\"twitter:card\" content=\"summary_large_image\" \/>\n<meta name=\"twitter:label1\" content=\"Gesch\u00e4tzte Lesezeit\" \/>\n\t<meta name=\"twitter:data1\" content=\"9\u00a0Minuten\" \/>\n<script type=\"application\/ld+json\" class=\"yoast-schema-graph\">{\"@context\":\"https:\/\/schema.org\",\"@graph\":[{\"@type\":\"WebPage\",\"@id\":\"https:\/\/quadromag.eu\/de\/cookies\/\",\"url\":\"https:\/\/quadromag.eu\/de\/cookies\/\",\"name\":\"Cookies - Quadromag\",\"isPartOf\":{\"@id\":\"https:\/\/quadromag.eu\/#website\"},\"datePublished\":\"2025-04-02T16:31:06+00:00\",\"dateModified\":\"2025-04-24T14:21:00+00:00\",\"breadcrumb\":{\"@id\":\"https:\/\/quadromag.eu\/de\/cookies\/#breadcrumb\"},\"inLanguage\":\"de\",\"potentialAction\":[{\"@type\":\"ReadAction\",\"target\":[\"https:\/\/quadromag.eu\/de\/cookies\/\"]}]},{\"@type\":\"BreadcrumbList\",\"@id\":\"https:\/\/quadromag.eu\/de\/cookies\/#breadcrumb\",\"itemListElement\":[{\"@type\":\"ListItem\",\"position\":1,\"name\":\"Domovsk\u00e1 str\u00e1nka\",\"item\":\"https:\/\/quadromag.eu\/de\/\"},{\"@type\":\"ListItem\",\"position\":2,\"name\":\"Cookies\"}]},{\"@type\":\"WebSite\",\"@id\":\"https:\/\/quadromag.eu\/#website\",\"url\":\"https:\/\/quadromag.eu\/\",\"name\":\"quadromag.eu\",\"description\":\"Chr\u00e1\u0148te svoj vykurovac\u00ed syst\u00e9m\",\"publisher\":{\"@id\":\"https:\/\/quadromag.eu\/#organization\"},\"potentialAction\":[{\"@type\":\"SearchAction\",\"target\":{\"@type\":\"EntryPoint\",\"urlTemplate\":\"https:\/\/quadromag.eu\/?s={search_term_string}\"},\"query-input\":{\"@type\":\"PropertyValueSpecification\",\"valueRequired\":true,\"valueName\":\"search_term_string\"}}],\"inLanguage\":\"de\"},{\"@type\":\"Organization\",\"@id\":\"https:\/\/quadromag.eu\/#organization\",\"name\":\"Quadromag\",\"url\":\"https:\/\/quadromag.eu\/\",\"logo\":{\"@type\":\"ImageObject\",\"inLanguage\":\"de\",\"@id\":\"https:\/\/quadromag.eu\/#\/schema\/logo\/image\/\",\"url\":\"https:\/\/quadromag.eu\/wp-content\/uploads\/2025\/04\/quadromag-logo.svg\",\"contentUrl\":\"https:\/\/quadromag.eu\/wp-content\/uploads\/2025\/04\/quadromag-logo.svg\",\"width\":320,\"height\":30,\"caption\":\"Quadromag\"},\"image\":{\"@id\":\"https:\/\/quadromag.eu\/#\/schema\/logo\/image\/\"},\"sameAs\":[\"https:\/\/www.facebook.com\/www.quadroflex.sk\",\"https:\/\/www.instagram.com\/quadroflex_sro\/\"]}]}<\/script>\n<!-- \/ Yoast SEO plugin. -->","yoast_head_json":{"title":"Cookies - Quadromag","robots":{"index":"index","follow":"follow","max-snippet":"max-snippet:-1","max-image-preview":"max-image-preview:large","max-video-preview":"max-video-preview:-1"},"canonical":"https:\/\/quadromag.eu\/de\/cookies\/","og_locale":"de_DE","og_type":"article","og_title":"Cookies - Quadromag","og_url":"https:\/\/quadromag.eu\/de\/cookies\/","og_site_name":"Quadromag","article_publisher":"https:\/\/www.facebook.com\/www.quadroflex.sk","article_modified_time":"2025-04-24T14:21:00+00:00","twitter_card":"summary_large_image","twitter_misc":{"Gesch\u00e4tzte Lesezeit":"9\u00a0Minuten"},"schema":{"@context":"https:\/\/schema.org","@graph":[{"@type":"WebPage","@id":"https:\/\/quadromag.eu\/de\/cookies\/","url":"https:\/\/quadromag.eu\/de\/cookies\/","name":"Cookies - Quadromag","isPartOf":{"@id":"https:\/\/quadromag.eu\/#website"},"datePublished":"2025-04-02T16:31:06+00:00","dateModified":"2025-04-24T14:21:00+00:00","breadcrumb":{"@id":"https:\/\/quadromag.eu\/de\/cookies\/#breadcrumb"},"inLanguage":"de","potentialAction":[{"@type":"ReadAction","target":["https:\/\/quadromag.eu\/de\/cookies\/"]}]},{"@type":"BreadcrumbList","@id":"https:\/\/quadromag.eu\/de\/cookies\/#breadcrumb","itemListElement":[{"@type":"ListItem","position":1,"name":"Domovsk\u00e1 str\u00e1nka","item":"https:\/\/quadromag.eu\/de\/"},{"@type":"ListItem","position":2,"name":"Cookies"}]},{"@type":"WebSite","@id":"https:\/\/quadromag.eu\/#website","url":"https:\/\/quadromag.eu\/","name":"quadromag.eu","description":"Chr\u00e1\u0148te svoj vykurovac\u00ed syst\u00e9m","publisher":{"@id":"https:\/\/quadromag.eu\/#organization"},"potentialAction":[{"@type":"SearchAction","target":{"@type":"EntryPoint","urlTemplate":"https:\/\/quadromag.eu\/?s={search_term_string}"},"query-input":{"@type":"PropertyValueSpecification","valueRequired":true,"valueName":"search_term_string"}}],"inLanguage":"de"},{"@type":"Organization","@id":"https:\/\/quadromag.eu\/#organization","name":"Quadromag","url":"https:\/\/quadromag.eu\/","logo":{"@type":"ImageObject","inLanguage":"de","@id":"https:\/\/quadromag.eu\/#\/schema\/logo\/image\/","url":"https:\/\/quadromag.eu\/wp-content\/uploads\/2025\/04\/quadromag-logo.svg","contentUrl":"https:\/\/quadromag.eu\/wp-content\/uploads\/2025\/04\/quadromag-logo.svg","width":320,"height":30,"caption":"Quadromag"},"image":{"@id":"https:\/\/quadromag.eu\/#\/schema\/logo\/image\/"},"sameAs":["https:\/\/www.facebook.com\/www.quadroflex.sk","https:\/\/www.instagram.com\/quadroflex_sro\/"]}]}},"_links":{"self":[{"href":"https:\/\/quadromag.eu\/de\/wp-json\/wp\/v2\/pages\/1735","targetHints":{"allow":["GET"]}}],"collection":[{"href":"https:\/\/quadromag.eu\/de\/wp-json\/wp\/v2\/pages"}],"about":[{"href":"https:\/\/quadromag.eu\/de\/wp-json\/wp\/v2\/types\/page"}],"author":[{"embeddable":true,"href":"https:\/\/quadromag.eu\/de\/wp-json\/wp\/v2\/users\/1"}],"replies":[{"embeddable":true,"href":"https:\/\/quadromag.eu\/de\/wp-json\/wp\/v2\/comments?post=1735"}],"version-history":[{"count":0,"href":"https:\/\/quadromag.eu\/de\/wp-json\/wp\/v2\/pages\/1735\/revisions"}],"wp:attachment":[{"href":"https:\/\/quadromag.eu\/de\/wp-json\/wp\/v2\/media?parent=1735"}],"curies":[{"name":"wp","href":"https:\/\/api.w.org\/{rel}","templated":true}]}}