{"id":1737,"date":"2025-04-02T16:33:53","date_gmt":"2025-04-02T16:33:53","guid":{"rendered":"https:\/\/quadromag.eu\/?page_id=1737"},"modified":"2025-04-24T14:23:12","modified_gmt":"2025-04-24T14:23:12","slug":"grundsaetze-zur-verarbeitung-personenbezogener-daten","status":"publish","type":"page","link":"https:\/\/quadromag.eu\/de\/grundsaetze-zur-verarbeitung-personenbezogener-daten\/","title":{"rendered":"Grunds\u00e4tze zur Verarbeitung personenbezogener Daten"},"content":{"rendered":"<div class=\"fusion-fullwidth fullwidth-box fusion-builder-row-1 fusion-flex-container has-pattern-background has-mask-background nonhundred-percent-fullwidth non-hundred-percent-height-scrolling\" style=\"--awb-border-radius-top-left:0px;--awb-border-radius-top-right:0px;--awb-border-radius-bottom-right:0px;--awb-border-radius-bottom-left:0px;--awb-flex-wrap:wrap;\" ><div class=\"fusion-builder-row fusion-row fusion-flex-align-items-flex-start fusion-flex-content-wrap\" style=\"max-width:1466.4px;margin-left: calc(-4% \/ 2 );margin-right: calc(-4% \/ 2 );\"><div class=\"fusion-layout-column fusion_builder_column fusion-builder-column-0 fusion_builder_column_1_1 1_1 fusion-flex-column\" style=\"--awb-bg-size:cover;--awb-width-large:100%;--awb-margin-top-large:0px;--awb-spacing-right-large:1.92%;--awb-margin-bottom-large:20px;--awb-spacing-left-large:1.92%;--awb-width-medium:100%;--awb-order-medium:0;--awb-spacing-right-medium:1.92%;--awb-spacing-left-medium:1.92%;--awb-width-small:100%;--awb-order-small:0;--awb-spacing-right-small:1.92%;--awb-spacing-left-small:1.92%;\"><div class=\"fusion-column-wrapper fusion-column-has-shadow fusion-flex-justify-content-flex-start fusion-content-layout-column\"><div class=\"fusion-title title fusion-title-1 fusion-sep-none fusion-title-center fusion-title-text fusion-title-size-one\"><h1 class=\"fusion-title-heading title-heading-center\" style=\"margin:0;\">Grunds\u00e4tze zur Verarbeitung personenbezogener Daten<\/h1><\/div><div class=\"fusion-text fusion-text-1\"><ol>\n<li><strong>Betroffene Person<\/strong> \u2013 Besucher\/in der Seite.<\/li>\n<li><strong>Verantwortlicher<\/strong> \u2013 Betreiber der Website <a href=\"https:\/\/quadromag.eu\/de\/\">www.quadromag.eu<\/a><br \/>\nQUADROFLEX, s.r.o., Nov\u00e1 Osada 11 929 01 Dunajsk\u00e1 Streda, Firmen-ID: 31435998, Steuer-ID: 2020367129, Umsatzsteuer-ID: SK2020367129, eingetragen im Handelsregister des Bezirksgerichts Trnava, Abschnitt: GmbH, Einlage-Nr. 1801\/T.<\/li>\n<li>Die betroffene Person stimmt der Verarbeitung ihrer personenbezogenen Daten durch den Verk\u00e4ufer im unten aufgef\u00fchrten Umfang zu.<\/li>\n<li>Der Betreiber der Seite ist f\u00fcr die Verarbeitung personenbezogener Daten gem\u00e4\u00df der Verordnung (EU) 2016\/679 des Europ\u00e4ischen Parlaments und des Rates vom 27. April 2016 \u00fcber den Schutz nat\u00fcrlicher Personen bei der Verarbeitung personenbezogener Daten sowie \u00fcber den freien Datenverkehr (im Folgenden DSGVO) verantwortlich.<\/li>\n<li>Liste der personenbezogenen Daten: Vorname, Nachname, Stra\u00dfe und Hausnummer, PLZ, Ort, E-Mail, Telefonnummer, Cookies. Mehr Informationen zu Cookies finden Sie weiter unten.<\/li>\n<li>Zwecke der Verarbeitung personenbezogener Daten: Ausstellung einer Rechnung, Kontaktaufnahme mit dem Kunden bez\u00fcglich seiner Bestellung, Erf\u00fcllung des Vertrages, Bearbeitung einer \u00fcber das Kontaktformular gesendeten Anfrage oder eines anderen berechtigten Interesses. Personenbezogene Daten d\u00fcrfen nicht in einer Weise weiterverarbeitet werden, die mit diesen Zwecken unvereinbar ist.<\/li>\n<li><strong>Empf\u00e4nger<\/strong> \u2013 Betreiber der Website <a href=\"https:\/\/quadromag.eu\/de\/\">www.quadromag.eu<\/a>, die Firma Modern\u00e9 Webstr\u00e1nky s.r.o., die den technischen Betrieb der Website sicherstellt.<\/li>\n<li><strong>Auftragsverarbeiter<\/strong> \u2013 Datenempf\u00e4nger wie Google (<a href=\"https:\/\/privacy.google.com\/businesses\/processorterms\/\" target=\"_blank\" rel=\"noopener noreferrer\">Ads Data Processing Terms<\/a>),<br \/>\nGoogle Analytics und Google AdWords (<a href=\"https:\/\/www.google.com\/analytics\/terms\/dpa\/dataprocessingamendment_20160909.html\" target=\"_blank\" rel=\"noopener noreferrer\">Data Processing Amendment<\/a>), mit denen wir Auftragsverarbeitungsvertr\u00e4ge geschlossen haben.<\/li>\n<li>Wir verkaufen, handeln oder geben Ihre personenbezogenen Daten in keiner Weise an Dritte weiter, au\u00dfer an die in dem vorherigen Punkt genannten Auftragsverarbeiter.<\/li>\n<li>Rechtsgrundlage f\u00fcr die Verarbeitung personenbezogener Daten:\n<ol>\n<li>Die Verarbeitung personenbezogener Daten (Vorname, Nachname, Titel, Stra\u00dfe und Hausnummer, PLZ, Ort) ist nach einem besonderen Gesetz oder einem f\u00fcr die Slowakische Republik verbindlichen internationalen Vertrag erforderlich, insbesondere nach Gesetz Nr. 222\/2004 Slg. \u00fcber die Mehrwertsteuer.<\/li>\n<li>Die Verarbeitung personenbezogener Daten (E-Mail, Telefonnummer) ist f\u00fcr die Erf\u00fcllung des Vertrages notwendig.<\/li>\n<li>Sofern Sie der Zusendung von Newslettern zugestimmt haben, k\u00f6nnen Sie Ihre Einwilligung jederzeit widerrufen, indem Sie auf die Schaltfl\u00e4che <em>\u201eAbmelden\u201c<\/em> in einem beliebigen Newsletter klicken oder eine E-Mail-Anfrage senden.<\/li>\n<\/ol>\n<\/li>\n<li>Eingebundene Inhalte von anderen Websites \u2013 Artikel auf dieser Website k\u00f6nnen eingebundene Inhalte enthalten (z. B. Videos, Bilder, Artikel). Eingebundene Inhalte von anderen Websites verhalten sich so, als h\u00e4tte der Besucher die andere Website direkt besucht. Diese Websites k\u00f6nnen personenbezogene Daten erfassen, Cookies verwenden, zus\u00e4tzliche Tracking-Dienste einbinden und Ihre Interaktion mit dem eingebundenen Inhalt \u00fcberwachen, einschlie\u00dflich Ihrer Interaktion, wenn Sie dort ein Konto haben und angemeldet sind.<\/li>\n<li>Aufbewahrungsdauer personenbezogener Daten: 10 Jahre.<\/li>\n<li>Die betroffene Person erkl\u00e4rt sich mit den Allgemeinen Gesch\u00e4ftsbedingungen gleichzeitig ausdr\u00fccklich und vorbehaltlos damit einverstanden, dass der Betreiber ihre personenbezogenen Daten zu den oben genannten Zwecken, w\u00e4hrend der oben genannten Dauer und im oben genannten Umfang verarbeitet. Die betroffene Person hat das Recht, ihre Einwilligung jederzeit zu widerrufen. Der Widerruf der Einwilligung ber\u00fchrt nicht die Rechtm\u00e4\u00dfigkeit der Verarbeitung, die auf der Einwilligung vor dem Widerruf beruht. Die betroffene Person ist verpflichtet, wahrheitsgem\u00e4\u00dfe und aktuelle personenbezogene Daten anzugeben. Die Rechte der betroffenen Person regelt Kapitel 3 der DSGVO, beispielsweise das Recht, bei der Aufsichtsbeh\u00f6rde Beschwerde einzureichen, das Recht, der Verarbeitung zu widersprechen, das Recht, vom Verantwortlichen Zugang zu den personenbezogenen Daten zu verlangen, die die betroffene Person betreffen, das Recht auf Berichtigung oder L\u00f6schung oder Einschr\u00e4nkung der Verarbeitung sowie das Recht auf Daten\u00fcbertragbarkeit.<\/li>\n<li>Im Falle einer Registrierung auf der Website hat der Kunde das Recht, sein Konto durch eine Anfrage per E-Mail an den Betreiber oder durch Klicken auf die Schaltfl\u00e4che \u201eKonto l\u00f6schen\u201c in der Kontoverwaltung zu l\u00f6schen.<\/li>\n<li>Diese Bedingungen sind ab dem 2.4.2025 g\u00fcltig.<\/li>\n<\/ol>\n<\/div><\/div><\/div><\/div><\/div>\n","protected":false},"excerpt":{"rendered":"","protected":false},"author":1,"featured_media":0,"parent":0,"menu_order":0,"comment_status":"closed","ping_status":"closed","template":"100-width.php","meta":{"footnotes":""},"class_list":["post-1737","page","type-page","status-publish","hentry"],"yoast_head":"<!-- This site is optimized with the Yoast SEO plugin v27.0 - https:\/\/yoast.com\/product\/yoast-seo-wordpress\/ -->\n<title>Grunds\u00e4tze zur Verarbeitung personenbezogener Daten - Quadromag<\/title>\n<meta name=\"robots\" content=\"index, follow, max-snippet:-1, max-image-preview:large, max-video-preview:-1\" \/>\n<link rel=\"canonical\" href=\"https:\/\/quadromag.eu\/de\/grundsaetze-zur-verarbeitung-personenbezogener-daten\/\" \/>\n<meta property=\"og:locale\" content=\"de_DE\" \/>\n<meta property=\"og:type\" content=\"article\" \/>\n<meta property=\"og:title\" content=\"Grunds\u00e4tze zur Verarbeitung personenbezogener Daten - Quadromag\" \/>\n<meta property=\"og:url\" content=\"https:\/\/quadromag.eu\/de\/grundsaetze-zur-verarbeitung-personenbezogener-daten\/\" \/>\n<meta property=\"og:site_name\" content=\"Quadromag\" \/>\n<meta property=\"article:publisher\" content=\"https:\/\/www.facebook.com\/www.quadroflex.sk\" \/>\n<meta property=\"article:modified_time\" content=\"2025-04-24T14:23:12+00:00\" \/>\n<meta name=\"twitter:card\" content=\"summary_large_image\" \/>\n<meta name=\"twitter:label1\" content=\"Gesch\u00e4tzte Lesezeit\" \/>\n\t<meta name=\"twitter:data1\" content=\"9\u00a0Minuten\" \/>\n<script type=\"application\/ld+json\" class=\"yoast-schema-graph\">{\"@context\":\"https:\/\/schema.org\",\"@graph\":[{\"@type\":\"WebPage\",\"@id\":\"https:\/\/quadromag.eu\/de\/grundsaetze-zur-verarbeitung-personenbezogener-daten\/\",\"url\":\"https:\/\/quadromag.eu\/de\/grundsaetze-zur-verarbeitung-personenbezogener-daten\/\",\"name\":\"Grunds\u00e4tze zur Verarbeitung personenbezogener Daten - Quadromag\",\"isPartOf\":{\"@id\":\"https:\/\/quadromag.eu\/#website\"},\"datePublished\":\"2025-04-02T16:33:53+00:00\",\"dateModified\":\"2025-04-24T14:23:12+00:00\",\"breadcrumb\":{\"@id\":\"https:\/\/quadromag.eu\/de\/grundsaetze-zur-verarbeitung-personenbezogener-daten\/#breadcrumb\"},\"inLanguage\":\"de\",\"potentialAction\":[{\"@type\":\"ReadAction\",\"target\":[\"https:\/\/quadromag.eu\/de\/grundsaetze-zur-verarbeitung-personenbezogener-daten\/\"]}]},{\"@type\":\"BreadcrumbList\",\"@id\":\"https:\/\/quadromag.eu\/de\/grundsaetze-zur-verarbeitung-personenbezogener-daten\/#breadcrumb\",\"itemListElement\":[{\"@type\":\"ListItem\",\"position\":1,\"name\":\"Domovsk\u00e1 str\u00e1nka\",\"item\":\"https:\/\/quadromag.eu\/de\/\"},{\"@type\":\"ListItem\",\"position\":2,\"name\":\"Grunds\u00e4tze zur Verarbeitung personenbezogener Daten\"}]},{\"@type\":\"WebSite\",\"@id\":\"https:\/\/quadromag.eu\/#website\",\"url\":\"https:\/\/quadromag.eu\/\",\"name\":\"quadromag.eu\",\"description\":\"Chr\u00e1\u0148te svoj vykurovac\u00ed syst\u00e9m\",\"publisher\":{\"@id\":\"https:\/\/quadromag.eu\/#organization\"},\"potentialAction\":[{\"@type\":\"SearchAction\",\"target\":{\"@type\":\"EntryPoint\",\"urlTemplate\":\"https:\/\/quadromag.eu\/?s={search_term_string}\"},\"query-input\":{\"@type\":\"PropertyValueSpecification\",\"valueRequired\":true,\"valueName\":\"search_term_string\"}}],\"inLanguage\":\"de\"},{\"@type\":\"Organization\",\"@id\":\"https:\/\/quadromag.eu\/#organization\",\"name\":\"Quadromag\",\"url\":\"https:\/\/quadromag.eu\/\",\"logo\":{\"@type\":\"ImageObject\",\"inLanguage\":\"de\",\"@id\":\"https:\/\/quadromag.eu\/#\/schema\/logo\/image\/\",\"url\":\"https:\/\/quadromag.eu\/wp-content\/uploads\/2025\/04\/quadromag-logo.svg\",\"contentUrl\":\"https:\/\/quadromag.eu\/wp-content\/uploads\/2025\/04\/quadromag-logo.svg\",\"width\":320,\"height\":30,\"caption\":\"Quadromag\"},\"image\":{\"@id\":\"https:\/\/quadromag.eu\/#\/schema\/logo\/image\/\"},\"sameAs\":[\"https:\/\/www.facebook.com\/www.quadroflex.sk\",\"https:\/\/www.instagram.com\/quadroflex_sro\/\"]}]}<\/script>\n<!-- \/ Yoast SEO plugin. -->","yoast_head_json":{"title":"Grunds\u00e4tze zur Verarbeitung personenbezogener Daten - Quadromag","robots":{"index":"index","follow":"follow","max-snippet":"max-snippet:-1","max-image-preview":"max-image-preview:large","max-video-preview":"max-video-preview:-1"},"canonical":"https:\/\/quadromag.eu\/de\/grundsaetze-zur-verarbeitung-personenbezogener-daten\/","og_locale":"de_DE","og_type":"article","og_title":"Grunds\u00e4tze zur Verarbeitung personenbezogener Daten - Quadromag","og_url":"https:\/\/quadromag.eu\/de\/grundsaetze-zur-verarbeitung-personenbezogener-daten\/","og_site_name":"Quadromag","article_publisher":"https:\/\/www.facebook.com\/www.quadroflex.sk","article_modified_time":"2025-04-24T14:23:12+00:00","twitter_card":"summary_large_image","twitter_misc":{"Gesch\u00e4tzte Lesezeit":"9\u00a0Minuten"},"schema":{"@context":"https:\/\/schema.org","@graph":[{"@type":"WebPage","@id":"https:\/\/quadromag.eu\/de\/grundsaetze-zur-verarbeitung-personenbezogener-daten\/","url":"https:\/\/quadromag.eu\/de\/grundsaetze-zur-verarbeitung-personenbezogener-daten\/","name":"Grunds\u00e4tze zur Verarbeitung personenbezogener Daten - Quadromag","isPartOf":{"@id":"https:\/\/quadromag.eu\/#website"},"datePublished":"2025-04-02T16:33:53+00:00","dateModified":"2025-04-24T14:23:12+00:00","breadcrumb":{"@id":"https:\/\/quadromag.eu\/de\/grundsaetze-zur-verarbeitung-personenbezogener-daten\/#breadcrumb"},"inLanguage":"de","potentialAction":[{"@type":"ReadAction","target":["https:\/\/quadromag.eu\/de\/grundsaetze-zur-verarbeitung-personenbezogener-daten\/"]}]},{"@type":"BreadcrumbList","@id":"https:\/\/quadromag.eu\/de\/grundsaetze-zur-verarbeitung-personenbezogener-daten\/#breadcrumb","itemListElement":[{"@type":"ListItem","position":1,"name":"Domovsk\u00e1 str\u00e1nka","item":"https:\/\/quadromag.eu\/de\/"},{"@type":"ListItem","position":2,"name":"Grunds\u00e4tze zur Verarbeitung personenbezogener Daten"}]},{"@type":"WebSite","@id":"https:\/\/quadromag.eu\/#website","url":"https:\/\/quadromag.eu\/","name":"quadromag.eu","description":"Chr\u00e1\u0148te svoj vykurovac\u00ed syst\u00e9m","publisher":{"@id":"https:\/\/quadromag.eu\/#organization"},"potentialAction":[{"@type":"SearchAction","target":{"@type":"EntryPoint","urlTemplate":"https:\/\/quadromag.eu\/?s={search_term_string}"},"query-input":{"@type":"PropertyValueSpecification","valueRequired":true,"valueName":"search_term_string"}}],"inLanguage":"de"},{"@type":"Organization","@id":"https:\/\/quadromag.eu\/#organization","name":"Quadromag","url":"https:\/\/quadromag.eu\/","logo":{"@type":"ImageObject","inLanguage":"de","@id":"https:\/\/quadromag.eu\/#\/schema\/logo\/image\/","url":"https:\/\/quadromag.eu\/wp-content\/uploads\/2025\/04\/quadromag-logo.svg","contentUrl":"https:\/\/quadromag.eu\/wp-content\/uploads\/2025\/04\/quadromag-logo.svg","width":320,"height":30,"caption":"Quadromag"},"image":{"@id":"https:\/\/quadromag.eu\/#\/schema\/logo\/image\/"},"sameAs":["https:\/\/www.facebook.com\/www.quadroflex.sk","https:\/\/www.instagram.com\/quadroflex_sro\/"]}]}},"_links":{"self":[{"href":"https:\/\/quadromag.eu\/de\/wp-json\/wp\/v2\/pages\/1737","targetHints":{"allow":["GET"]}}],"collection":[{"href":"https:\/\/quadromag.eu\/de\/wp-json\/wp\/v2\/pages"}],"about":[{"href":"https:\/\/quadromag.eu\/de\/wp-json\/wp\/v2\/types\/page"}],"author":[{"embeddable":true,"href":"https:\/\/quadromag.eu\/de\/wp-json\/wp\/v2\/users\/1"}],"replies":[{"embeddable":true,"href":"https:\/\/quadromag.eu\/de\/wp-json\/wp\/v2\/comments?post=1737"}],"version-history":[{"count":0,"href":"https:\/\/quadromag.eu\/de\/wp-json\/wp\/v2\/pages\/1737\/revisions"}],"wp:attachment":[{"href":"https:\/\/quadromag.eu\/de\/wp-json\/wp\/v2\/media?parent=1737"}],"curies":[{"name":"wp","href":"https:\/\/api.w.org\/{rel}","templated":true}]}}