{"id":1231,"date":"2025-04-07T11:25:26","date_gmt":"2025-04-07T11:25:26","guid":{"rendered":"https:\/\/quadromag.eu\/products\/"},"modified":"2025-04-09T08:12:56","modified_gmt":"2025-04-09T08:12:56","slug":"products","status":"publish","type":"page","link":"https:\/\/quadromag.eu\/en\/products\/","title":{"rendered":"Products"},"content":{"rendered":"<p><div class=\"fusion-fullwidth fullwidth-box fusion-builder-row-1 fusion-flex-container has-pattern-background has-mask-background nonhundred-percent-fullwidth non-hundred-percent-height-scrolling\" style=\"--awb-border-radius-top-left:0px;--awb-border-radius-top-right:0px;--awb-border-radius-bottom-right:0px;--awb-border-radius-bottom-left:0px;--awb-flex-wrap:wrap;\" ><div class=\"fusion-builder-row fusion-row fusion-flex-align-items-flex-start fusion-flex-content-wrap\" style=\"max-width:1466.4px;margin-left: calc(-4% \/ 2 );margin-right: calc(-4% \/ 2 );\"><div class=\"fusion-layout-column fusion_builder_column fusion-builder-column-0 fusion_builder_column_1_1 1_1 fusion-flex-column\" style=\"--awb-bg-size:cover;--awb-width-large:100%;--awb-margin-top-large:0px;--awb-spacing-right-large:1.92%;--awb-margin-bottom-large:20px;--awb-spacing-left-large:1.92%;--awb-width-medium:100%;--awb-order-medium:0;--awb-spacing-right-medium:1.92%;--awb-spacing-left-medium:1.92%;--awb-width-small:100%;--awb-order-small:0;--awb-spacing-right-small:1.92%;--awb-spacing-left-small:1.92%;\"><div class=\"fusion-column-wrapper fusion-column-has-shadow fusion-flex-justify-content-flex-start fusion-content-layout-column\"><div class=\"fusion-title title fusion-title-1 fusion-sep-none fusion-title-center fusion-title-text fusion-title-size-one\"><h1 class=\"fusion-title-heading title-heading-center\" style=\"margin:0;\">Products<\/h1><\/div><\/div><\/div><\/div><\/div><div class=\"fusion-fullwidth fullwidth-box fusion-builder-row-2 fusion-flex-container has-pattern-background has-mask-background nonhundred-percent-fullwidth non-hundred-percent-height-scrolling\" style=\"--awb-border-radius-top-left:0px;--awb-border-radius-top-right:0px;--awb-border-radius-bottom-right:0px;--awb-border-radius-bottom-left:0px;--awb-margin-top:20px;--awb-flex-wrap:wrap;\" ><div class=\"fusion-builder-row fusion-row fusion-flex-align-items-flex-start fusion-flex-content-wrap\" style=\"max-width:1466.4px;margin-left: calc(-4% \/ 2 );margin-right: calc(-4% \/ 2 );\"><div class=\"fusion-layout-column fusion_builder_column fusion-builder-column-1 fusion_builder_column_1_1 1_1 fusion-flex-column\" style=\"--awb-bg-size:cover;--awb-width-large:100%;--awb-margin-top-large:0px;--awb-spacing-right-large:1.92%;--awb-margin-bottom-large:20px;--awb-spacing-left-large:1.92%;--awb-width-medium:100%;--awb-order-medium:0;--awb-spacing-right-medium:1.92%;--awb-spacing-left-medium:1.92%;--awb-width-small:100%;--awb-order-small:0;--awb-spacing-right-small:1.92%;--awb-spacing-left-small:1.92%;\"><div class=\"fusion-column-wrapper fusion-column-has-shadow fusion-flex-justify-content-flex-start fusion-content-layout-column\"><style type=\"text\/css\">.fusion-portfolio-wrapper#fusion-portfolio-1 .fusion-portfolio-content{  text-align: left; }<\/style><div class=\"fusion-recent-works fusion-portfolio-element fusion-portfolio fusion-portfolio-1 fusion-portfolio-grid fusion-portfolio-paging-pagination fusion-portfolio-three fusion-portfolio-unboxed fusion-portfolio-text fusion-portfolio-equal-heights\" data-id=\"-rw-1\" data-columns=\"three\"><style type=\"text\/css\">.fusion-portfolio-1 .fusion-portfolio-wrapper .fusion-col-spacing{padding:15px;}<\/style><div class=\"fusion-portfolio-wrapper\" id=\"fusion-portfolio-1\" data-picturesize=\"auto\" data-pages=\"1\" style=\"margin:-15px;\"><article id=\"portfolio-1-post-1295\" class=\"fusion-portfolio-post fusion-col-spacing post-1295\"><div class=\"fusion-portfolio-content-wrapper\" style=\"border:none;\"><div  class=\"fusion-image-wrapper\" aria-haspopup=\"true\">\n\t\t\t\t\t\t\t<a href=\"https:\/\/quadromag.eu\/en\/portfolio\/quadromag-basic\/\" aria-label=\"Quadromag Basic\">\n\t\t\t\t\t\t\t<img decoding=\"async\" width=\"331\" height=\"264\" src=\"https:\/\/quadromag.eu\/wp-content\/uploads\/2025\/04\/quadromag-basic.png\" class=\"attachment-full size-full wp-post-image\" alt=\"\" srcset=\"https:\/\/quadromag.eu\/wp-content\/uploads\/2025\/04\/quadromag-basic-200x160.png 200w, https:\/\/quadromag.eu\/wp-content\/uploads\/2025\/04\/quadromag-basic.png 331w\" sizes=\"(min-width: 2200px) 100vw, (min-width: 784px) 450px, (min-width: 712px) 675px, (min-width: 640px) 712px, \" \/>\t\t\t<\/a>\n\t\t\t\t\t\t\t<\/div>\n<div class=\"fusion-portfolio-content\"><h2 class=\"fusion-post-title\"><a href=\"https:\/\/quadromag.eu\/en\/portfolio\/quadromag-basic\/\">Quadromag Basic<\/a><\/h2><div class=\"fusion-post-content\"><p>Basic range of magnetic filters with 3\/4\u2033 or 1\u2033 connection. Universal connection allows for vertical and horizontal installation. It is designed for all types of central heating and cooling systems.<br>  <\/p><\/div><\/div><\/div><\/article><article id=\"portfolio-1-post-1299\" class=\"fusion-portfolio-post fusion-col-spacing post-1299\"><div class=\"fusion-portfolio-content-wrapper\" style=\"border:none;\"><div  class=\"fusion-image-wrapper\" aria-haspopup=\"true\">\n\t\t\t\t\t\t\t<a href=\"https:\/\/quadromag.eu\/en\/portfolio\/quadromag-basic-big\/\" aria-label=\"Quadromag Basic Big\">\n\t\t\t\t\t\t\t<img decoding=\"async\" width=\"331\" height=\"264\" src=\"https:\/\/quadromag.eu\/wp-content\/uploads\/2025\/04\/quadromag-basic-big.png\" class=\"attachment-full size-full wp-post-image\" alt=\"\" srcset=\"https:\/\/quadromag.eu\/wp-content\/uploads\/2025\/04\/quadromag-basic-big-200x160.png 200w, https:\/\/quadromag.eu\/wp-content\/uploads\/2025\/04\/quadromag-basic-big.png 331w\" sizes=\"(min-width: 2200px) 100vw, (min-width: 784px) 450px, (min-width: 712px) 675px, (min-width: 640px) 712px, \" \/>\t\t\t<\/a>\n\t\t\t\t\t\t\t<\/div>\n<div class=\"fusion-portfolio-content\"><h2 class=\"fusion-post-title\"><a href=\"https:\/\/quadromag.eu\/en\/portfolio\/quadromag-basic-big\/\">Quadromag Basic Big<\/a><\/h2><div class=\"fusion-post-content\"><p>It is designed for higher flow rates, e.g. in larger systems or higher power sources of heating or cooling.<br> <\/p><\/div><\/div><\/div><\/article><article id=\"portfolio-1-post-1303\" class=\"fusion-portfolio-post fusion-col-spacing post-1303\"><div class=\"fusion-portfolio-content-wrapper\" style=\"border:none;\"><div  class=\"fusion-image-wrapper\" aria-haspopup=\"true\">\n\t\t\t\t\t\t\t<a href=\"https:\/\/quadromag.eu\/en\/portfolio\/quadromag-mini\/\" aria-label=\"Quadromag Mini\">\n\t\t\t\t\t\t\t<img decoding=\"async\" width=\"331\" height=\"264\" src=\"https:\/\/quadromag.eu\/wp-content\/uploads\/2025\/04\/quadromag-mini.png\" class=\"attachment-full size-full wp-post-image\" alt=\"\" srcset=\"https:\/\/quadromag.eu\/wp-content\/uploads\/2025\/04\/quadromag-mini-200x160.png 200w, https:\/\/quadromag.eu\/wp-content\/uploads\/2025\/04\/quadromag-mini.png 331w\" sizes=\"(min-width: 2200px) 100vw, (min-width: 784px) 450px, (min-width: 712px) 675px, (min-width: 640px) 712px, \" \/>\t\t\t<\/a>\n\t\t\t\t\t\t\t<\/div>\n<div class=\"fusion-portfolio-content\"><h2 class=\"fusion-post-title\"><a href=\"https:\/\/quadromag.eu\/en\/portfolio\/quadromag-mini\/\">Quadromag Mini<\/a><\/h2><div class=\"fusion-post-content\"><p>Used in installations with limited space. The patented forced flow guidance system, along with various connection options, make this filter a perfect protection comparable to larger filters.<br> <\/p><\/div><\/div><\/div><\/article><article id=\"portfolio-1-post-1311\" class=\"fusion-portfolio-post fusion-col-spacing post-1311\"><div class=\"fusion-portfolio-content-wrapper\" style=\"border:none;\"><div  class=\"fusion-image-wrapper\" aria-haspopup=\"true\">\n\t\t\t\t\t\t\t<a href=\"https:\/\/quadromag.eu\/en\/portfolio\/quadromag-micro\/\" aria-label=\"Quadromag Micro\">\n\t\t\t\t\t\t\t<img decoding=\"async\" width=\"331\" height=\"264\" src=\"https:\/\/quadromag.eu\/wp-content\/uploads\/2025\/04\/quadromag-micro.png\" class=\"attachment-full size-full wp-post-image\" alt=\"\" srcset=\"https:\/\/quadromag.eu\/wp-content\/uploads\/2025\/04\/quadromag-micro-200x160.png 200w, https:\/\/quadromag.eu\/wp-content\/uploads\/2025\/04\/quadromag-micro.png 331w\" sizes=\"(min-width: 2200px) 100vw, (min-width: 784px) 450px, (min-width: 712px) 675px, (min-width: 640px) 712px, \" \/>\t\t\t<\/a>\n\t\t\t\t\t\t\t<\/div>\n<div class=\"fusion-portfolio-content\"><h2 class=\"fusion-post-title\"><a href=\"https:\/\/quadromag.eu\/en\/portfolio\/quadromag-micro\/\">Quadromag Micro<\/a><\/h2><div class=\"fusion-post-content\"><p>Transparent filter tank for visual identification of the need for filter cleaning.<br> It is mainly used under gas and electric household boilers.<br><\/p><\/div><\/div><\/div><\/article><article id=\"portfolio-1-post-1315\" class=\"fusion-portfolio-post fusion-col-spacing post-1315\"><div class=\"fusion-portfolio-content-wrapper\" style=\"border:none;\"><div  class=\"fusion-image-wrapper\" aria-haspopup=\"true\">\n\t\t\t\t\t\t\t<a href=\"https:\/\/quadromag.eu\/en\/portfolio\/quadromag-hp\/\" aria-label=\"Quadromag HP\">\n\t\t\t\t\t\t\t<img decoding=\"async\" width=\"331\" height=\"264\" src=\"https:\/\/quadromag.eu\/wp-content\/uploads\/2025\/04\/quadromag-hp.png\" class=\"attachment-full size-full wp-post-image\" alt=\"\" srcset=\"https:\/\/quadromag.eu\/wp-content\/uploads\/2025\/04\/quadromag-hp-200x160.png 200w, https:\/\/quadromag.eu\/wp-content\/uploads\/2025\/04\/quadromag-hp.png 331w\" sizes=\"(min-width: 2200px) 100vw, (min-width: 784px) 450px, (min-width: 712px) 675px, (min-width: 640px) 712px, \" \/>\t\t\t<\/a>\n\t\t\t\t\t\t\t<\/div>\n<div class=\"fusion-portfolio-content\"><h2 class=\"fusion-post-title\"><a href=\"https:\/\/quadromag.eu\/en\/portfolio\/quadromag-hp\/\">Quadromag HP<\/a><\/h2><div class=\"fusion-post-content\"><p>A range of magnetic filters for the protection of heat pumps and other high flow equipment and systems with 5\/4\" or 6\/4\" connections. The increased tank volume ensures a pressure drop in the tank for more perfect filtration. A stainless steel magnet mesh along the entire height of the tank captures all magnetic and non-magnetic parts.  <\/p><\/div><\/div><\/div><\/article><article id=\"portfolio-1-post-1319\" class=\"fusion-portfolio-post fusion-col-spacing post-1319\"><div class=\"fusion-portfolio-content-wrapper\" style=\"border:none;\"><div  class=\"fusion-image-wrapper\" aria-haspopup=\"true\">\n\t\t\t\t\t\t\t<a href=\"https:\/\/quadromag.eu\/en\/portfolio\/quadromag-y\/\" aria-label=\"Quadromag Y\">\n\t\t\t\t\t\t\t<img decoding=\"async\" width=\"331\" height=\"264\" src=\"https:\/\/quadromag.eu\/wp-content\/uploads\/2025\/04\/quadromag-y.png\" class=\"attachment-full size-full wp-post-image\" alt=\"\" srcset=\"https:\/\/quadromag.eu\/wp-content\/uploads\/2025\/04\/quadromag-y-200x160.png 200w, https:\/\/quadromag.eu\/wp-content\/uploads\/2025\/04\/quadromag-y.png 331w\" sizes=\"(min-width: 2200px) 100vw, (min-width: 784px) 450px, (min-width: 712px) 675px, (min-width: 640px) 712px, \" \/>\t\t\t<\/a>\n\t\t\t\t\t\t\t<\/div>\n<div class=\"fusion-portfolio-content\"><h2 class=\"fusion-post-title\"><a href=\"https:\/\/quadromag.eu\/en\/portfolio\/quadromag-y\/\">Quadromag Y<\/a><\/h2><div class=\"fusion-post-content\"><p>Classic form of heating medium filtration in combination with a magnet. Easy installation and cleaning. Compact dimensions for space saving. Since this is the smallest possible filter chamber, the design does not fully replace the function of other magnetic filters installed in front of the heat or cooling source. It is the perfect complement to increase the efficiency of other magnetic filters and to extend cleaning intervals.<br>    <\/p><\/div><\/div><\/div><\/article><article id=\"portfolio-1-post-2452\" class=\"fusion-portfolio-post fusion-col-spacing post-2452\"><div class=\"fusion-portfolio-content-wrapper\" style=\"border:none;\"><div  class=\"fusion-image-wrapper\" aria-haspopup=\"true\">\n\t\t\t\t\t\t\t<a href=\"https:\/\/quadromag.eu\/en\/portfolio\/antifreeze-valve-for-heat-pumps\/\" aria-label=\"Antifreeze valve for heat pumps\">\n\t\t\t\t\t\t\t<img decoding=\"async\" width=\"331\" height=\"264\" src=\"https:\/\/quadromag.eu\/wp-content\/uploads\/2026\/02\/quadromag-ventil-nahladova.png\" class=\"attachment-full size-full wp-post-image\" alt=\"\" srcset=\"https:\/\/quadromag.eu\/wp-content\/uploads\/2026\/02\/quadromag-ventil-nahladova-200x160.png 200w, https:\/\/quadromag.eu\/wp-content\/uploads\/2026\/02\/quadromag-ventil-nahladova.png 331w\" sizes=\"(min-width: 2200px) 100vw, (min-width: 784px) 450px, (min-width: 712px) 675px, (min-width: 640px) 712px, \" \/>\t\t\t<\/a>\n\t\t\t\t\t\t\t<\/div>\n<div class=\"fusion-portfolio-content\"><h2 class=\"fusion-post-title\"><a href=\"https:\/\/quadromag.eu\/en\/portfolio\/antifreeze-valve-for-heat-pumps\/\">Antifreeze valve for heat pumps<\/a><\/h2><div class=\"fusion-post-content\"><p>Nemrzn\u00faci mosadzn\u00fd ventil 1\u2033 (DN 25) chr\u00e1ni okruh syst\u00e9mu proti zamrznutiu. Ke\u010f teplota v syst\u00e9me dosiahne priemern\u00fa hodnotu 3 \u00b0C, m\u00e9dium vytek\u00e1 zo syst\u00e9mu cez tento ventil, \u010d\u00edm chr\u00e1ni rozvody a zariadenia vo\u010di tvorbe \u013eadu v syst\u00e9me, tj. pred jeho po\u0161koden\u00edm. Ide\u00e1lne pred monoblokov\u00e9 tepeln\u00e9 \u010derpadl\u00e1 na vstupn\u00fa a v\u00fdstupn\u00fa vetvu, tj (2ks).<\/p><\/div><\/div><\/div><\/article><\/div><\/div><\/div><\/div><\/div><\/div><\/p>\n","protected":false},"excerpt":{"rendered":"","protected":false},"author":1,"featured_media":0,"parent":0,"menu_order":0,"comment_status":"closed","ping_status":"closed","template":"100-width.php","meta":{"footnotes":""},"class_list":["post-1231","page","type-page","status-publish","hentry"],"yoast_head":"<!-- This site is optimized with the Yoast SEO plugin v27.0 - https:\/\/yoast.com\/product\/yoast-seo-wordpress\/ -->\n<title>Products - Quadromag<\/title>\n<meta name=\"robots\" content=\"index, follow, max-snippet:-1, max-image-preview:large, max-video-preview:-1\" \/>\n<link rel=\"canonical\" href=\"https:\/\/quadromag.eu\/en\/products\/\" \/>\n<meta property=\"og:locale\" content=\"en_US\" \/>\n<meta property=\"og:type\" content=\"article\" \/>\n<meta property=\"og:title\" content=\"Products - Quadromag\" \/>\n<meta property=\"og:url\" content=\"https:\/\/quadromag.eu\/en\/products\/\" \/>\n<meta property=\"og:site_name\" content=\"Quadromag\" \/>\n<meta property=\"article:publisher\" content=\"https:\/\/www.facebook.com\/www.quadroflex.sk\" \/>\n<meta property=\"article:modified_time\" content=\"2025-04-09T08:12:56+00:00\" \/>\n<meta name=\"twitter:card\" content=\"summary_large_image\" \/>\n<meta name=\"twitter:label1\" content=\"Est. reading time\" \/>\n\t<meta name=\"twitter:data1\" content=\"11 minutes\" \/>\n<script type=\"application\/ld+json\" class=\"yoast-schema-graph\">{\"@context\":\"https:\/\/schema.org\",\"@graph\":[{\"@type\":\"WebPage\",\"@id\":\"https:\/\/quadromag.eu\/en\/products\/\",\"url\":\"https:\/\/quadromag.eu\/en\/products\/\",\"name\":\"Products - Quadromag\",\"isPartOf\":{\"@id\":\"https:\/\/quadromag.eu\/#website\"},\"datePublished\":\"2025-04-07T11:25:26+00:00\",\"dateModified\":\"2025-04-09T08:12:56+00:00\",\"breadcrumb\":{\"@id\":\"https:\/\/quadromag.eu\/en\/products\/#breadcrumb\"},\"inLanguage\":\"en-US\",\"potentialAction\":[{\"@type\":\"ReadAction\",\"target\":[\"https:\/\/quadromag.eu\/en\/products\/\"]}]},{\"@type\":\"BreadcrumbList\",\"@id\":\"https:\/\/quadromag.eu\/en\/products\/#breadcrumb\",\"itemListElement\":[{\"@type\":\"ListItem\",\"position\":1,\"name\":\"Domovsk\u00e1 str\u00e1nka\",\"item\":\"https:\/\/quadromag.eu\/en\/\"},{\"@type\":\"ListItem\",\"position\":2,\"name\":\"Products\"}]},{\"@type\":\"WebSite\",\"@id\":\"https:\/\/quadromag.eu\/#website\",\"url\":\"https:\/\/quadromag.eu\/\",\"name\":\"quadromag.eu\",\"description\":\"Chr\u00e1\u0148te svoj vykurovac\u00ed syst\u00e9m\",\"publisher\":{\"@id\":\"https:\/\/quadromag.eu\/#organization\"},\"potentialAction\":[{\"@type\":\"SearchAction\",\"target\":{\"@type\":\"EntryPoint\",\"urlTemplate\":\"https:\/\/quadromag.eu\/?s={search_term_string}\"},\"query-input\":{\"@type\":\"PropertyValueSpecification\",\"valueRequired\":true,\"valueName\":\"search_term_string\"}}],\"inLanguage\":\"en-US\"},{\"@type\":\"Organization\",\"@id\":\"https:\/\/quadromag.eu\/#organization\",\"name\":\"Quadromag\",\"url\":\"https:\/\/quadromag.eu\/\",\"logo\":{\"@type\":\"ImageObject\",\"inLanguage\":\"en-US\",\"@id\":\"https:\/\/quadromag.eu\/#\/schema\/logo\/image\/\",\"url\":\"https:\/\/quadromag.eu\/wp-content\/uploads\/2025\/04\/quadromag-logo.svg\",\"contentUrl\":\"https:\/\/quadromag.eu\/wp-content\/uploads\/2025\/04\/quadromag-logo.svg\",\"width\":320,\"height\":30,\"caption\":\"Quadromag\"},\"image\":{\"@id\":\"https:\/\/quadromag.eu\/#\/schema\/logo\/image\/\"},\"sameAs\":[\"https:\/\/www.facebook.com\/www.quadroflex.sk\",\"https:\/\/www.instagram.com\/quadroflex_sro\/\"]}]}<\/script>\n<!-- \/ Yoast SEO plugin. -->","yoast_head_json":{"title":"Products - Quadromag","robots":{"index":"index","follow":"follow","max-snippet":"max-snippet:-1","max-image-preview":"max-image-preview:large","max-video-preview":"max-video-preview:-1"},"canonical":"https:\/\/quadromag.eu\/en\/products\/","og_locale":"en_US","og_type":"article","og_title":"Products - Quadromag","og_url":"https:\/\/quadromag.eu\/en\/products\/","og_site_name":"Quadromag","article_publisher":"https:\/\/www.facebook.com\/www.quadroflex.sk","article_modified_time":"2025-04-09T08:12:56+00:00","twitter_card":"summary_large_image","twitter_misc":{"Est. reading time":"11 minutes"},"schema":{"@context":"https:\/\/schema.org","@graph":[{"@type":"WebPage","@id":"https:\/\/quadromag.eu\/en\/products\/","url":"https:\/\/quadromag.eu\/en\/products\/","name":"Products - Quadromag","isPartOf":{"@id":"https:\/\/quadromag.eu\/#website"},"datePublished":"2025-04-07T11:25:26+00:00","dateModified":"2025-04-09T08:12:56+00:00","breadcrumb":{"@id":"https:\/\/quadromag.eu\/en\/products\/#breadcrumb"},"inLanguage":"en-US","potentialAction":[{"@type":"ReadAction","target":["https:\/\/quadromag.eu\/en\/products\/"]}]},{"@type":"BreadcrumbList","@id":"https:\/\/quadromag.eu\/en\/products\/#breadcrumb","itemListElement":[{"@type":"ListItem","position":1,"name":"Domovsk\u00e1 str\u00e1nka","item":"https:\/\/quadromag.eu\/en\/"},{"@type":"ListItem","position":2,"name":"Products"}]},{"@type":"WebSite","@id":"https:\/\/quadromag.eu\/#website","url":"https:\/\/quadromag.eu\/","name":"quadromag.eu","description":"Chr\u00e1\u0148te svoj vykurovac\u00ed syst\u00e9m","publisher":{"@id":"https:\/\/quadromag.eu\/#organization"},"potentialAction":[{"@type":"SearchAction","target":{"@type":"EntryPoint","urlTemplate":"https:\/\/quadromag.eu\/?s={search_term_string}"},"query-input":{"@type":"PropertyValueSpecification","valueRequired":true,"valueName":"search_term_string"}}],"inLanguage":"en-US"},{"@type":"Organization","@id":"https:\/\/quadromag.eu\/#organization","name":"Quadromag","url":"https:\/\/quadromag.eu\/","logo":{"@type":"ImageObject","inLanguage":"en-US","@id":"https:\/\/quadromag.eu\/#\/schema\/logo\/image\/","url":"https:\/\/quadromag.eu\/wp-content\/uploads\/2025\/04\/quadromag-logo.svg","contentUrl":"https:\/\/quadromag.eu\/wp-content\/uploads\/2025\/04\/quadromag-logo.svg","width":320,"height":30,"caption":"Quadromag"},"image":{"@id":"https:\/\/quadromag.eu\/#\/schema\/logo\/image\/"},"sameAs":["https:\/\/www.facebook.com\/www.quadroflex.sk","https:\/\/www.instagram.com\/quadroflex_sro\/"]}]}},"_links":{"self":[{"href":"https:\/\/quadromag.eu\/en\/wp-json\/wp\/v2\/pages\/1231","targetHints":{"allow":["GET"]}}],"collection":[{"href":"https:\/\/quadromag.eu\/en\/wp-json\/wp\/v2\/pages"}],"about":[{"href":"https:\/\/quadromag.eu\/en\/wp-json\/wp\/v2\/types\/page"}],"author":[{"embeddable":true,"href":"https:\/\/quadromag.eu\/en\/wp-json\/wp\/v2\/users\/1"}],"replies":[{"embeddable":true,"href":"https:\/\/quadromag.eu\/en\/wp-json\/wp\/v2\/comments?post=1231"}],"version-history":[{"count":0,"href":"https:\/\/quadromag.eu\/en\/wp-json\/wp\/v2\/pages\/1231\/revisions"}],"wp:attachment":[{"href":"https:\/\/quadromag.eu\/en\/wp-json\/wp\/v2\/media?parent=1231"}],"curies":[{"name":"wp","href":"https:\/\/api.w.org\/{rel}","templated":true}]}}