{"id":1040,"date":"2025-04-07T11:25:26","date_gmt":"2025-04-07T11:25:26","guid":{"rendered":"https:\/\/quadro.mwsk.sk\/termekek\/"},"modified":"2025-04-08T11:22:10","modified_gmt":"2025-04-08T11:22:10","slug":"termekek","status":"publish","type":"page","link":"https:\/\/quadromag.eu\/hu\/termekek\/","title":{"rendered":"Term\u00e9kek"},"content":{"rendered":"<p><div class=\"fusion-fullwidth fullwidth-box fusion-builder-row-1 fusion-flex-container has-pattern-background has-mask-background nonhundred-percent-fullwidth non-hundred-percent-height-scrolling\" style=\"--awb-border-radius-top-left:0px;--awb-border-radius-top-right:0px;--awb-border-radius-bottom-right:0px;--awb-border-radius-bottom-left:0px;--awb-flex-wrap:wrap;\" ><div class=\"fusion-builder-row fusion-row fusion-flex-align-items-flex-start fusion-flex-content-wrap\" style=\"max-width:1466.4px;margin-left: calc(-4% \/ 2 );margin-right: calc(-4% \/ 2 );\"><div class=\"fusion-layout-column fusion_builder_column fusion-builder-column-0 fusion_builder_column_1_1 1_1 fusion-flex-column\" style=\"--awb-bg-size:cover;--awb-width-large:100%;--awb-margin-top-large:0px;--awb-spacing-right-large:1.92%;--awb-margin-bottom-large:20px;--awb-spacing-left-large:1.92%;--awb-width-medium:100%;--awb-order-medium:0;--awb-spacing-right-medium:1.92%;--awb-spacing-left-medium:1.92%;--awb-width-small:100%;--awb-order-small:0;--awb-spacing-right-small:1.92%;--awb-spacing-left-small:1.92%;\"><div class=\"fusion-column-wrapper fusion-column-has-shadow fusion-flex-justify-content-flex-start fusion-content-layout-column\"><div class=\"fusion-title title fusion-title-1 fusion-sep-none fusion-title-center fusion-title-text fusion-title-size-one\"><h1 class=\"fusion-title-heading title-heading-center\" style=\"margin:0;\">Term\u00e9kek<\/h1><\/div><\/div><\/div><\/div><\/div><div class=\"fusion-fullwidth fullwidth-box fusion-builder-row-2 fusion-flex-container has-pattern-background has-mask-background nonhundred-percent-fullwidth non-hundred-percent-height-scrolling\" style=\"--awb-border-radius-top-left:0px;--awb-border-radius-top-right:0px;--awb-border-radius-bottom-right:0px;--awb-border-radius-bottom-left:0px;--awb-margin-top:20px;--awb-flex-wrap:wrap;\" ><div class=\"fusion-builder-row fusion-row fusion-flex-align-items-flex-start fusion-flex-content-wrap\" style=\"max-width:1466.4px;margin-left: calc(-4% \/ 2 );margin-right: calc(-4% \/ 2 );\"><div class=\"fusion-layout-column fusion_builder_column fusion-builder-column-1 fusion_builder_column_1_1 1_1 fusion-flex-column\" style=\"--awb-bg-size:cover;--awb-width-large:100%;--awb-margin-top-large:0px;--awb-spacing-right-large:1.92%;--awb-margin-bottom-large:20px;--awb-spacing-left-large:1.92%;--awb-width-medium:100%;--awb-order-medium:0;--awb-spacing-right-medium:1.92%;--awb-spacing-left-medium:1.92%;--awb-width-small:100%;--awb-order-small:0;--awb-spacing-right-small:1.92%;--awb-spacing-left-small:1.92%;\"><div class=\"fusion-column-wrapper fusion-column-has-shadow fusion-flex-justify-content-flex-start fusion-content-layout-column\"><style type=\"text\/css\">.fusion-portfolio-wrapper#fusion-portfolio-1 .fusion-portfolio-content{  text-align: left; }<\/style><div class=\"fusion-recent-works fusion-portfolio-element fusion-portfolio fusion-portfolio-1 fusion-portfolio-grid fusion-portfolio-paging-pagination fusion-portfolio-three fusion-portfolio-unboxed fusion-portfolio-text fusion-portfolio-equal-heights\" data-id=\"-rw-1\" data-columns=\"three\"><style type=\"text\/css\">.fusion-portfolio-1 .fusion-portfolio-wrapper .fusion-col-spacing{padding:15px;}<\/style><div class=\"fusion-portfolio-wrapper\" id=\"fusion-portfolio-1\" data-picturesize=\"auto\" data-pages=\"1\" style=\"margin:-15px;\"><article id=\"portfolio-1-post-1081\" class=\"fusion-portfolio-post fusion-col-spacing post-1081\"><div class=\"fusion-portfolio-content-wrapper\" style=\"border:none;\"><div  class=\"fusion-image-wrapper\" aria-haspopup=\"true\">\n\t\t\t\t\t\t\t<a href=\"https:\/\/quadromag.eu\/hu\/portfolio\/quadromag-basic\/\" aria-label=\"Quadromag Basic\">\n\t\t\t\t\t\t\t<img decoding=\"async\" width=\"331\" height=\"264\" src=\"https:\/\/quadromag.eu\/wp-content\/uploads\/2025\/04\/quadromag-basic.png\" class=\"attachment-full size-full wp-post-image\" alt=\"\" srcset=\"https:\/\/quadromag.eu\/wp-content\/uploads\/2025\/04\/quadromag-basic-200x160.png 200w, https:\/\/quadromag.eu\/wp-content\/uploads\/2025\/04\/quadromag-basic.png 331w\" sizes=\"(min-width: 2200px) 100vw, (min-width: 784px) 450px, (min-width: 712px) 675px, (min-width: 640px) 712px, \" \/>\t\t\t<\/a>\n\t\t\t\t\t\t\t<\/div>\n<div class=\"fusion-portfolio-content\"><h2 class=\"fusion-post-title\"><a href=\"https:\/\/quadromag.eu\/hu\/portfolio\/quadromag-basic\/\">Quadromag Basic<\/a><\/h2><div class=\"fusion-post-content\"><p>M\u00e1gneses iszaplev\u00e1laszt\u00f3 sz\u0171r\u0151k alapk\u00edn\u00e1lata 3\/4\" vagy 1\" csatlakoz\u00f3val. Az univerz\u00e1lis csatlakoz\u00f3 k\u00f6ny\u00f6k lehet\u0151v\u00e9 teszi a f\u00fcgg\u0151leges \u00e9s v\u00edzszintes be\u00e9p\u00edt\u00e9st is. Minden t\u00edpus\u00fa k\u00f6zponti f\u0171t\u00e9si \u00e9s h\u0171t\u00e9si rendszerhez tervezt\u00fck.  <\/p><\/div><\/div><\/div><\/article><article id=\"portfolio-1-post-1122\" class=\"fusion-portfolio-post fusion-col-spacing post-1122\"><div class=\"fusion-portfolio-content-wrapper\" style=\"border:none;\"><div  class=\"fusion-image-wrapper\" aria-haspopup=\"true\">\n\t\t\t\t\t\t\t<a href=\"https:\/\/quadromag.eu\/hu\/portfolio\/quadromag-basic-big\/\" aria-label=\"Quadromag Basic Big\">\n\t\t\t\t\t\t\t<img decoding=\"async\" width=\"331\" height=\"264\" src=\"https:\/\/quadromag.eu\/wp-content\/uploads\/2025\/04\/quadromag-basic-big.png\" class=\"attachment-full size-full wp-post-image\" alt=\"\" srcset=\"https:\/\/quadromag.eu\/wp-content\/uploads\/2025\/04\/quadromag-basic-big-200x160.png 200w, https:\/\/quadromag.eu\/wp-content\/uploads\/2025\/04\/quadromag-basic-big.png 331w\" sizes=\"(min-width: 2200px) 100vw, (min-width: 784px) 450px, (min-width: 712px) 675px, (min-width: 640px) 712px, \" \/>\t\t\t<\/a>\n\t\t\t\t\t\t\t<\/div>\n<div class=\"fusion-portfolio-content\"><h2 class=\"fusion-post-title\"><a href=\"https:\/\/quadromag.eu\/hu\/portfolio\/quadromag-basic-big\/\">Quadromag Basic Big<\/a><\/h2><div class=\"fusion-post-content\"><p>Nagyobb \u00e1raml\u00e1si sebess\u00e9ghez tervezt\u00fck, pl. nagyobb rendszerekhez vagy nagyobb teljes\u00edtm\u00e9ny\u0171 f\u0171t\u0151- vagy h\u0171t\u0151forr\u00e1sokhoz.<\/p><\/div><\/div><\/div><\/article><article id=\"portfolio-1-post-1126\" class=\"fusion-portfolio-post fusion-col-spacing post-1126\"><div class=\"fusion-portfolio-content-wrapper\" style=\"border:none;\"><div  class=\"fusion-image-wrapper\" aria-haspopup=\"true\">\n\t\t\t\t\t\t\t<a href=\"https:\/\/quadromag.eu\/hu\/portfolio\/quadromag-mini\/\" aria-label=\"Quadromag Mini\">\n\t\t\t\t\t\t\t<img decoding=\"async\" width=\"331\" height=\"264\" src=\"https:\/\/quadromag.eu\/wp-content\/uploads\/2025\/04\/quadromag-mini.png\" class=\"attachment-full size-full wp-post-image\" alt=\"\" srcset=\"https:\/\/quadromag.eu\/wp-content\/uploads\/2025\/04\/quadromag-mini-200x160.png 200w, https:\/\/quadromag.eu\/wp-content\/uploads\/2025\/04\/quadromag-mini.png 331w\" sizes=\"(min-width: 2200px) 100vw, (min-width: 784px) 450px, (min-width: 712px) 675px, (min-width: 640px) 712px, \" \/>\t\t\t<\/a>\n\t\t\t\t\t\t\t<\/div>\n<div class=\"fusion-portfolio-content\"><h2 class=\"fusion-post-title\"><a href=\"https:\/\/quadromag.eu\/hu\/portfolio\/quadromag-mini\/\">Quadromag Mini<\/a><\/h2><div class=\"fusion-post-content\"><p>Helyhi\u00e1nnyal rendelkez\u0151 helyeken, berendez\u00e9sekben haszn\u00e1latos. A szabadalmaztatott k\u00e9nyszer\u00edtett k\u00f6zeg\u00e1raml\u00e1s-vezet\u00e9si rendszer, valamint a k\u00fcl\u00f6nb\u00f6z\u0151 csatlakoz\u00e1si lehet\u0151s\u00e9gek teszik ezt a sz\u0171r\u0151t a nagyobb sz\u0171r\u0151kh\u00f6z hasonl\u00f3 t\u00f6k\u00e9letes v\u00e9delemm\u00e9.<\/p><\/div><\/div><\/div><\/article><article id=\"portfolio-1-post-1130\" class=\"fusion-portfolio-post fusion-col-spacing post-1130\"><div class=\"fusion-portfolio-content-wrapper\" style=\"border:none;\"><div  class=\"fusion-image-wrapper\" aria-haspopup=\"true\">\n\t\t\t\t\t\t\t<a href=\"https:\/\/quadromag.eu\/hu\/portfolio\/quadromag-micro\/\" aria-label=\"Quadromag Micro\">\n\t\t\t\t\t\t\t<img decoding=\"async\" width=\"331\" height=\"264\" src=\"https:\/\/quadromag.eu\/wp-content\/uploads\/2025\/04\/quadromag-micro.png\" class=\"attachment-full size-full wp-post-image\" alt=\"\" srcset=\"https:\/\/quadromag.eu\/wp-content\/uploads\/2025\/04\/quadromag-micro-200x160.png 200w, https:\/\/quadromag.eu\/wp-content\/uploads\/2025\/04\/quadromag-micro.png 331w\" sizes=\"(min-width: 2200px) 100vw, (min-width: 784px) 450px, (min-width: 712px) 675px, (min-width: 640px) 712px, \" \/>\t\t\t<\/a>\n\t\t\t\t\t\t\t<\/div>\n<div class=\"fusion-portfolio-content\"><h2 class=\"fusion-post-title\"><a href=\"https:\/\/quadromag.eu\/hu\/portfolio\/quadromag-micro\/\">Quadromag Micro<\/a><\/h2><div class=\"fusion-post-content\"><p>\u00c1tl\u00e1tsz\u00f3 sz\u0171r\u0151tart\u00e1ly a sz\u0171r\u0151tiszt\u00edt\u00e1si ig\u00e9nyek vizu\u00e1lis azonos\u00edt\u00e1s\u00e1hoz Els\u0151sorban h\u00e1ztart\u00e1si g\u00e1z- \u00e9s villanykaz\u00e1nok v\u00e9delm\u00e9re haszn\u00e1latos.<\/p><\/div><\/div><\/div><\/article><article id=\"portfolio-1-post-1134\" class=\"fusion-portfolio-post fusion-col-spacing post-1134\"><div class=\"fusion-portfolio-content-wrapper\" style=\"border:none;\"><div  class=\"fusion-image-wrapper\" aria-haspopup=\"true\">\n\t\t\t\t\t\t\t<a href=\"https:\/\/quadromag.eu\/hu\/portfolio\/quadromag-hp\/\" aria-label=\"Quadromag HP\">\n\t\t\t\t\t\t\t<img decoding=\"async\" width=\"331\" height=\"264\" src=\"https:\/\/quadromag.eu\/wp-content\/uploads\/2025\/04\/quadromag-hp.png\" class=\"attachment-full size-full wp-post-image\" alt=\"\" srcset=\"https:\/\/quadromag.eu\/wp-content\/uploads\/2025\/04\/quadromag-hp-200x160.png 200w, https:\/\/quadromag.eu\/wp-content\/uploads\/2025\/04\/quadromag-hp.png 331w\" sizes=\"(min-width: 2200px) 100vw, (min-width: 784px) 450px, (min-width: 712px) 675px, (min-width: 640px) 712px, \" \/>\t\t\t<\/a>\n\t\t\t\t\t\t\t<\/div>\n<div class=\"fusion-portfolio-content\"><h2 class=\"fusion-post-title\"><a href=\"https:\/\/quadromag.eu\/hu\/portfolio\/quadromag-hp\/\">Quadromag HP<\/a><\/h2><div class=\"fusion-post-content\"><p>M\u00e1gneses iszaplev\u00e1laszt\u00f3 sz\u0171r\u0151k sorozata a h\u0151szivatty\u00fak \u00e9s m\u00e1s nagy \u00e1raml\u00e1si teljes\u00edtm\u00e9ny\u0171 berendez\u00e9sek \u00e9s rendszerek v\u00e9delm\u00e9re, 5\/4\" vagy 6\/4\" csatlakoz\u00f3kkal. A megn\u00f6velt tart\u00e1lyt\u00e9rfogat biztos\u00edtja a tart\u00e1lyban a nyom\u00e1ses\u00e9st az t\u00f6k\u00e9letesebb sz\u0171r\u00e9s \u00e9rdek\u00e9ben. A m\u00e1gnes \u00e9s a rozsdamentes ac\u00e9lh\u00e1l\u00f3 a tart\u00e1ly teljes magass\u00e1g\u00e1n \u00e1t\u00edvel\u0151, felfog minden m\u00e1gneses \u00e9s nem m\u00e1gneses szennyez\u0151d\u00e9st.  <\/p><\/div><\/div><\/div><\/article><article id=\"portfolio-1-post-1138\" class=\"fusion-portfolio-post fusion-col-spacing post-1138\"><div class=\"fusion-portfolio-content-wrapper\" style=\"border:none;\"><div  class=\"fusion-image-wrapper\" aria-haspopup=\"true\">\n\t\t\t\t\t\t\t<a href=\"https:\/\/quadromag.eu\/hu\/portfolio\/quadromag-y\/\" aria-label=\"Quadromag Y\">\n\t\t\t\t\t\t\t<img decoding=\"async\" width=\"331\" height=\"264\" src=\"https:\/\/quadromag.eu\/wp-content\/uploads\/2025\/04\/quadromag-y.png\" class=\"attachment-full size-full wp-post-image\" alt=\"\" srcset=\"https:\/\/quadromag.eu\/wp-content\/uploads\/2025\/04\/quadromag-y-200x160.png 200w, https:\/\/quadromag.eu\/wp-content\/uploads\/2025\/04\/quadromag-y.png 331w\" sizes=\"(min-width: 2200px) 100vw, (min-width: 784px) 450px, (min-width: 712px) 675px, (min-width: 640px) 712px, \" \/>\t\t\t<\/a>\n\t\t\t\t\t\t\t<\/div>\n<div class=\"fusion-portfolio-content\"><h2 class=\"fusion-post-title\"><a href=\"https:\/\/quadromag.eu\/hu\/portfolio\/quadromag-y\/\">Quadromag Y<\/a><\/h2><div class=\"fusion-post-content\"><p>A f\u0171t\u0151k\u00f6zeg-sz\u0171r\u00e9s klasszikus form\u00e1ja m\u00e1gnessel kombin\u00e1lva. K\u00f6nnyen telep\u00edthet\u0151 \u00e9s tiszt\u00edthat\u00f3. Kompakt m\u00e9retek a helytakar\u00e9koss\u00e1g \u00e9rdek\u00e9ben. Mivel a lehet\u0151 legkisebb sz\u0171r\u0151kamr\u00e1r\u00f3l van sz\u00f3, a kialak\u00edt\u00e1s nem helyettes\u00edti teljes m\u00e9rt\u00e9kben a h\u0151- vagy h\u0171t\u0151forr\u00e1s el\u00e9 telep\u00edtett egy\u00e9b m\u00e1gneses sz\u0171r\u0151k funkci\u00f3j\u00e1t. T\u00f6k\u00e9letes kieg\u00e9sz\u00edt\u0151je m\u00e1s m\u00e1gneses sz\u0171r\u0151k hat\u00e9konys\u00e1g\u00e1nak n\u00f6vel\u00e9s\u00e9re \u00e9s a tiszt\u00edt\u00e1si id\u0151k\u00f6z\u00f6k meghosszabb\u00edt\u00e1s\u00e1ra.<\/p><\/div><\/div><\/div><\/article><article id=\"portfolio-1-post-2524\" class=\"fusion-portfolio-post fusion-col-spacing post-2524\"><div class=\"fusion-portfolio-content-wrapper\" style=\"border:none;\"><div  class=\"fusion-image-wrapper\" aria-haspopup=\"true\">\n\t\t\t\t\t\t\t<a href=\"https:\/\/quadromag.eu\/hu\/portfolio\/fagyallo-szelep-hoszivattyukhoz\/\" aria-label=\"Fagy\u00e1ll\u00f3 szelep h\u0151szivatty\u00fakhoz\">\n\t\t\t\t\t\t\t<img decoding=\"async\" width=\"331\" height=\"264\" src=\"https:\/\/quadromag.eu\/wp-content\/uploads\/2026\/02\/quadromag-ventil-nahladova.png\" class=\"attachment-full size-full wp-post-image\" alt=\"\" srcset=\"https:\/\/quadromag.eu\/wp-content\/uploads\/2026\/02\/quadromag-ventil-nahladova-200x160.png 200w, https:\/\/quadromag.eu\/wp-content\/uploads\/2026\/02\/quadromag-ventil-nahladova.png 331w\" sizes=\"(min-width: 2200px) 100vw, (min-width: 784px) 450px, (min-width: 712px) 675px, (min-width: 640px) 712px, \" \/>\t\t\t<\/a>\n\t\t\t\t\t\t\t<\/div>\n<div class=\"fusion-portfolio-content\"><h2 class=\"fusion-post-title\"><a href=\"https:\/\/quadromag.eu\/hu\/portfolio\/fagyallo-szelep-hoszivattyukhoz\/\">Fagy\u00e1ll\u00f3 szelep h\u0151szivatty\u00fakhoz<\/a><\/h2><div class=\"fusion-post-content\"><p>Nemrzn\u00faci mosadzn\u00fd ventil 1\u2033 (DN 25) chr\u00e1ni okruh syst\u00e9mu proti zamrznutiu. Ke\u010f teplota v syst\u00e9me dosiahne priemern\u00fa hodnotu 3 \u00b0C, m\u00e9dium vytek\u00e1 zo syst\u00e9mu cez tento ventil, \u010d\u00edm chr\u00e1ni rozvody a zariadenia vo\u010di tvorbe \u013eadu v syst\u00e9me, tj. pred jeho po\u0161koden\u00edm. Ide\u00e1lne pred monoblokov\u00e9 tepeln\u00e9 \u010derpadl\u00e1 na vstupn\u00fa a v\u00fdstupn\u00fa vetvu, tj (2ks).<\/p><\/div><\/div><\/div><\/article><\/div><\/div><\/div><\/div><\/div><\/div><\/p>\n","protected":false},"excerpt":{"rendered":"","protected":false},"author":1,"featured_media":0,"parent":0,"menu_order":0,"comment_status":"closed","ping_status":"closed","template":"100-width.php","meta":{"footnotes":""},"class_list":["post-1040","page","type-page","status-publish","hentry"],"yoast_head":"<!-- This site is optimized with the Yoast SEO plugin v27.0 - https:\/\/yoast.com\/product\/yoast-seo-wordpress\/ -->\n<title>Term\u00e9kek - Quadromag<\/title>\n<meta name=\"robots\" content=\"index, follow, max-snippet:-1, max-image-preview:large, max-video-preview:-1\" \/>\n<link rel=\"canonical\" href=\"https:\/\/quadromag.eu\/hu\/termekek\/\" \/>\n<meta property=\"og:locale\" content=\"hu_HU\" \/>\n<meta property=\"og:type\" content=\"article\" \/>\n<meta property=\"og:title\" content=\"Term\u00e9kek - Quadromag\" \/>\n<meta property=\"og:url\" content=\"https:\/\/quadromag.eu\/hu\/termekek\/\" \/>\n<meta property=\"og:site_name\" content=\"Quadromag\" \/>\n<meta property=\"article:publisher\" content=\"https:\/\/www.facebook.com\/www.quadroflex.sk\" \/>\n<meta property=\"article:modified_time\" content=\"2025-04-08T11:22:10+00:00\" \/>\n<meta name=\"twitter:card\" content=\"summary_large_image\" \/>\n<meta name=\"twitter:label1\" content=\"Becs\u00fclt olvas\u00e1si id\u0151\" \/>\n\t<meta name=\"twitter:data1\" content=\"11 perc\" \/>\n<script type=\"application\/ld+json\" class=\"yoast-schema-graph\">{\"@context\":\"https:\/\/schema.org\",\"@graph\":[{\"@type\":\"WebPage\",\"@id\":\"https:\/\/quadromag.eu\/hu\/termekek\/\",\"url\":\"https:\/\/quadromag.eu\/hu\/termekek\/\",\"name\":\"Term\u00e9kek - Quadromag\",\"isPartOf\":{\"@id\":\"https:\/\/quadromag.eu\/#website\"},\"datePublished\":\"2025-04-07T11:25:26+00:00\",\"dateModified\":\"2025-04-08T11:22:10+00:00\",\"breadcrumb\":{\"@id\":\"https:\/\/quadromag.eu\/hu\/termekek\/#breadcrumb\"},\"inLanguage\":\"hu\",\"potentialAction\":[{\"@type\":\"ReadAction\",\"target\":[\"https:\/\/quadromag.eu\/hu\/termekek\/\"]}]},{\"@type\":\"BreadcrumbList\",\"@id\":\"https:\/\/quadromag.eu\/hu\/termekek\/#breadcrumb\",\"itemListElement\":[{\"@type\":\"ListItem\",\"position\":1,\"name\":\"Domovsk\u00e1 str\u00e1nka\",\"item\":\"https:\/\/quadromag.eu\/hu\/\"},{\"@type\":\"ListItem\",\"position\":2,\"name\":\"Term\u00e9kek\"}]},{\"@type\":\"WebSite\",\"@id\":\"https:\/\/quadromag.eu\/#website\",\"url\":\"https:\/\/quadromag.eu\/\",\"name\":\"quadromag.eu\",\"description\":\"Chr\u00e1\u0148te svoj vykurovac\u00ed syst\u00e9m\",\"publisher\":{\"@id\":\"https:\/\/quadromag.eu\/#organization\"},\"potentialAction\":[{\"@type\":\"SearchAction\",\"target\":{\"@type\":\"EntryPoint\",\"urlTemplate\":\"https:\/\/quadromag.eu\/?s={search_term_string}\"},\"query-input\":{\"@type\":\"PropertyValueSpecification\",\"valueRequired\":true,\"valueName\":\"search_term_string\"}}],\"inLanguage\":\"hu\"},{\"@type\":\"Organization\",\"@id\":\"https:\/\/quadromag.eu\/#organization\",\"name\":\"Quadromag\",\"url\":\"https:\/\/quadromag.eu\/\",\"logo\":{\"@type\":\"ImageObject\",\"inLanguage\":\"hu\",\"@id\":\"https:\/\/quadromag.eu\/#\/schema\/logo\/image\/\",\"url\":\"https:\/\/quadromag.eu\/wp-content\/uploads\/2025\/04\/quadromag-logo.svg\",\"contentUrl\":\"https:\/\/quadromag.eu\/wp-content\/uploads\/2025\/04\/quadromag-logo.svg\",\"width\":320,\"height\":30,\"caption\":\"Quadromag\"},\"image\":{\"@id\":\"https:\/\/quadromag.eu\/#\/schema\/logo\/image\/\"},\"sameAs\":[\"https:\/\/www.facebook.com\/www.quadroflex.sk\",\"https:\/\/www.instagram.com\/quadroflex_sro\/\"]}]}<\/script>\n<!-- \/ Yoast SEO plugin. -->","yoast_head_json":{"title":"Term\u00e9kek - Quadromag","robots":{"index":"index","follow":"follow","max-snippet":"max-snippet:-1","max-image-preview":"max-image-preview:large","max-video-preview":"max-video-preview:-1"},"canonical":"https:\/\/quadromag.eu\/hu\/termekek\/","og_locale":"hu_HU","og_type":"article","og_title":"Term\u00e9kek - Quadromag","og_url":"https:\/\/quadromag.eu\/hu\/termekek\/","og_site_name":"Quadromag","article_publisher":"https:\/\/www.facebook.com\/www.quadroflex.sk","article_modified_time":"2025-04-08T11:22:10+00:00","twitter_card":"summary_large_image","twitter_misc":{"Becs\u00fclt olvas\u00e1si id\u0151":"11 perc"},"schema":{"@context":"https:\/\/schema.org","@graph":[{"@type":"WebPage","@id":"https:\/\/quadromag.eu\/hu\/termekek\/","url":"https:\/\/quadromag.eu\/hu\/termekek\/","name":"Term\u00e9kek - Quadromag","isPartOf":{"@id":"https:\/\/quadromag.eu\/#website"},"datePublished":"2025-04-07T11:25:26+00:00","dateModified":"2025-04-08T11:22:10+00:00","breadcrumb":{"@id":"https:\/\/quadromag.eu\/hu\/termekek\/#breadcrumb"},"inLanguage":"hu","potentialAction":[{"@type":"ReadAction","target":["https:\/\/quadromag.eu\/hu\/termekek\/"]}]},{"@type":"BreadcrumbList","@id":"https:\/\/quadromag.eu\/hu\/termekek\/#breadcrumb","itemListElement":[{"@type":"ListItem","position":1,"name":"Domovsk\u00e1 str\u00e1nka","item":"https:\/\/quadromag.eu\/hu\/"},{"@type":"ListItem","position":2,"name":"Term\u00e9kek"}]},{"@type":"WebSite","@id":"https:\/\/quadromag.eu\/#website","url":"https:\/\/quadromag.eu\/","name":"quadromag.eu","description":"Chr\u00e1\u0148te svoj vykurovac\u00ed syst\u00e9m","publisher":{"@id":"https:\/\/quadromag.eu\/#organization"},"potentialAction":[{"@type":"SearchAction","target":{"@type":"EntryPoint","urlTemplate":"https:\/\/quadromag.eu\/?s={search_term_string}"},"query-input":{"@type":"PropertyValueSpecification","valueRequired":true,"valueName":"search_term_string"}}],"inLanguage":"hu"},{"@type":"Organization","@id":"https:\/\/quadromag.eu\/#organization","name":"Quadromag","url":"https:\/\/quadromag.eu\/","logo":{"@type":"ImageObject","inLanguage":"hu","@id":"https:\/\/quadromag.eu\/#\/schema\/logo\/image\/","url":"https:\/\/quadromag.eu\/wp-content\/uploads\/2025\/04\/quadromag-logo.svg","contentUrl":"https:\/\/quadromag.eu\/wp-content\/uploads\/2025\/04\/quadromag-logo.svg","width":320,"height":30,"caption":"Quadromag"},"image":{"@id":"https:\/\/quadromag.eu\/#\/schema\/logo\/image\/"},"sameAs":["https:\/\/www.facebook.com\/www.quadroflex.sk","https:\/\/www.instagram.com\/quadroflex_sro\/"]}]}},"_links":{"self":[{"href":"https:\/\/quadromag.eu\/hu\/wp-json\/wp\/v2\/pages\/1040","targetHints":{"allow":["GET"]}}],"collection":[{"href":"https:\/\/quadromag.eu\/hu\/wp-json\/wp\/v2\/pages"}],"about":[{"href":"https:\/\/quadromag.eu\/hu\/wp-json\/wp\/v2\/types\/page"}],"author":[{"embeddable":true,"href":"https:\/\/quadromag.eu\/hu\/wp-json\/wp\/v2\/users\/1"}],"replies":[{"embeddable":true,"href":"https:\/\/quadromag.eu\/hu\/wp-json\/wp\/v2\/comments?post=1040"}],"version-history":[{"count":0,"href":"https:\/\/quadromag.eu\/hu\/wp-json\/wp\/v2\/pages\/1040\/revisions"}],"wp:attachment":[{"href":"https:\/\/quadromag.eu\/hu\/wp-json\/wp\/v2\/media?parent=1040"}],"curies":[{"name":"wp","href":"https:\/\/api.w.org\/{rel}","templated":true}]}}