{"id":1049,"date":"2025-04-02T16:33:53","date_gmt":"2025-04-02T16:33:53","guid":{"rendered":"https:\/\/quadro.mwsk.sk\/szemelyes-adatok-feldolgozasa\/"},"modified":"2025-04-09T08:28:16","modified_gmt":"2025-04-09T08:28:16","slug":"szemelyes-adatok-feldolgozasa","status":"publish","type":"page","link":"https:\/\/quadromag.eu\/hu\/szemelyes-adatok-feldolgozasa\/","title":{"rendered":"Szem\u00e9lyes adatok feldolgoz\u00e1sa"},"content":{"rendered":"<div class=\"fusion-fullwidth fullwidth-box fusion-builder-row-1 fusion-flex-container has-pattern-background has-mask-background nonhundred-percent-fullwidth non-hundred-percent-height-scrolling\" style=\"--awb-border-radius-top-left:0px;--awb-border-radius-top-right:0px;--awb-border-radius-bottom-right:0px;--awb-border-radius-bottom-left:0px;--awb-flex-wrap:wrap;\" ><div class=\"fusion-builder-row fusion-row fusion-flex-align-items-flex-start fusion-flex-content-wrap\" style=\"max-width:1466.4px;margin-left: calc(-4% \/ 2 );margin-right: calc(-4% \/ 2 );\"><div class=\"fusion-layout-column fusion_builder_column fusion-builder-column-0 fusion_builder_column_1_1 1_1 fusion-flex-column\" style=\"--awb-bg-size:cover;--awb-width-large:100%;--awb-margin-top-large:0px;--awb-spacing-right-large:1.92%;--awb-margin-bottom-large:20px;--awb-spacing-left-large:1.92%;--awb-width-medium:100%;--awb-order-medium:0;--awb-spacing-right-medium:1.92%;--awb-spacing-left-medium:1.92%;--awb-width-small:100%;--awb-order-small:0;--awb-spacing-right-small:1.92%;--awb-spacing-left-small:1.92%;\"><div class=\"fusion-column-wrapper fusion-column-has-shadow fusion-flex-justify-content-flex-start fusion-content-layout-column\"><div class=\"fusion-title title fusion-title-1 fusion-sep-none fusion-title-center fusion-title-text fusion-title-size-one\"><h1 class=\"fusion-title-heading title-heading-center\" style=\"margin:0;\">Szem\u00e9lyes adatok feldolgoz\u00e1sa<\/h1><\/div><div class=\"fusion-text fusion-text-1\"><ol>\n<li><strong>\u00c9rintett szem\u00e9ly<\/strong>\u00a0\u2013 oldal l\u00e1togat\u00f3<\/li>\n<li><strong>Szolg\u00e1ltat\u00f3<\/strong> \u2013 a <a href=\"https:\/\/quadromag.eu\/hu\/\">www.quadromag.eu<\/a> weboldal \u00fczemeltet\u0151je<br \/>\nQUADROFLEX, s.r.o., Nov\u00e1 Osada 11 929 01 Dunajsk\u00e1 Streda, C\u00e9gazonos\u00edt\u00f3: 31435998, Ad\u00f3sz\u00e1m: 2020367129, \u00c1fasz\u00e1m: SK2020367129, bejegyzett a C\u00e9gjegyz\u00e9kbe a Nagyszombati Ker\u00fcleti B\u00edr\u00f3s\u00e1g Ltd. 1801\/T.<\/li>\n<li>Az \u00e9rintett szem\u00e9ly beleegyezik a szem\u00e9lyes adatok feldolgoz\u00e1s\u00e1ba a szolg\u00e1ltat\u00f3nak a lejjebb felt\u00fcntetett m\u00e9rt\u00e9kben.<\/li>\n<li>Az oldal \u00fczemeltet\u0151je felel\u0151s a szem\u00e9lyes adatok feldolgoz\u00e1s\u00e1\u00e9rt az Eur\u00f3pai Parlament \u00e9s Tan\u00e1cs rendel\u00e9se szerint (E\u00da) 2016\/679, 2016. \u00e1prilis 27-i rendelettel a fizikai szem\u00e9lyek v\u00e9delm\u00e9r\u0151l a szem\u00e9lyes adatok feldolgoz\u00e1sa mellett \u00e9s az ilyen adatok szabad mozg\u00e1s\u00e1r\u00f3l (tov\u00e1bb csak GDPR).<\/li>\n<li>A szem\u00e9lyes adatok list\u00e1ja: vezet\u00e9kn\u00e9v, keresztn\u00e9v, utca \u00e9s h\u00e1zsz\u00e1m, postai ir\u00e1ny\u00edt\u00f3sz\u00e1m, v\u00e1ros, e-mail, telefonsz\u00e1m, s\u00fctik.<a href=\"https:\/\/g\u00f6m\u00f6r-csarnok.hu\/hu\/sutik\/\">T\u00f6bb inform\u00e1ci\u00f3 a s\u00fctikr\u0151l<\/a>.<\/li>\n<li>A szem\u00e9lyes adatok feldolgoz\u00e1s\u00e1nak a c\u00e9lja: az ad\u00f3 bizony\u00edt\u00e9k ki\u00e1ll\u00edt\u00e1sa, az \u00fcgyf\u00e9llel val\u00f3 kapcsolatba l\u00e9p\u00e9s a rendel\u00e9ssel kapcsolatban, a szerz\u0151d\u00e9s teljes\u00edt\u00e9se, a kereslet elint\u00e9z\u00e9se, amely a kapcsolatfelv\u00e9teli \u0171rlapon vagy m\u00e1s jogi \u00e9rdeken kereszt\u00fcl volt elk\u00fcldve. A szem\u00e9lyes adatokat nem lehet feldolgozni olyan m\u00f3don, amely \u00f6sszeegyezhetetlen ezekkel a c\u00e9lokkal.<\/li>\n<li><strong>C\u00edmzettek<\/strong> \u2013 a <a href=\"https:\/\/quadromag.eu\/hu\/\">www.quadromag.eu<\/a> internetes \u00fczlet vezet\u0151je, k\u00f6nyvel\u0151i t\u00e1rsas\u00e1g, fut\u00e1r t\u00e1rsas\u00e1g.<\/li>\n<li><strong>K\u00f6zvet\u00edt\u0151k<\/strong>\u00a0\u2013 az adatok c\u00edmzettjei mint a\u00a0Google (<a href=\"https:\/\/privacy.google.com\/businesses\/processorterms\/\" target=\"_blank\" rel=\"noopener noreferrer\">Ads Data Processing Terms<\/a>), Google Analytics a Google AdWords (<a href=\"https:\/\/www.google.com\/analytics\/terms\/dpa\/dataprocessingamendment_20160909.html\" target=\"_blank\" rel=\"noopener noreferrer\">Data Processing Amendment<\/a>), amelyekkel megk\u00f6t\u00f6tt k\u00f6zvet\u00edt\u0151i szerz\u0151d\u00e9seink vannak.<\/li>\n<li>Nem \u00e1rulunk, nem \u00fczletel\u00fcnk \u00e9s semmilyen m\u00e1s m\u00f3don nem adjuk tov\u00e1bb az \u00f6n szem\u00e9lyes adatait m\u00e1s harmadik f\u00e9lnek a k\u00f6zvet\u00edt\u0151k\u00f6n k\u00edv\u00fcl, akik eml\u00edtve voltak az el\u0151z\u0151 pontban.<\/li>\n<li>Jogi alap a szem\u00e9lyes adatok feldolgoz\u00e1s\u00e1hoz:\n<ol>\n<li>A szem\u00e9lyes adatok feldolgoz\u00e1sa (vezet\u00e9kn\u00e9v, keresztn\u00e9v, titulus, utca \u00e9s h\u00e1zsz\u00e1m, postai ir\u00e1ny\u00edt\u00f3sz\u00e1m, v\u00e1ros) kihagyhatatlan a k\u00fcl\u00f6n szab\u00e1lyoz\u00e1s vagy a nemzetk\u00f6zi szerz\u0151d\u00e9s alapj\u00e1n, amellyel a Szlov\u00e1k K\u00f6zt\u00e1rsas\u00e1g k\u00f6t\u00f6tt. Mindenek el\u0151tt a 222\/2004 Z.z t\u00f6rv\u00e9ny szerint a hozz\u00e1adott\u00e9rt\u00e9k-ad\u00f3r\u00f3l.<\/li>\n<li>A szem\u00e9lyes adatok feldolgoz\u00e1sa (e-mail, telefonsz\u00e1m) kihagyhatatlan a szerz\u0151d\u00e9s betart\u00e1s\u00e1ra<\/li>\n<li>Ha beleegyezett abba, hogy \u00e9rtes\u00edtve legyen az \u00fajdons\u00e1gokr\u00f3l, b\u00e1rmikor visszavonhatja fel\u00edratkoz\u00e1s\u00e1t egy kattint\u00e1ssal a le\u00edratkoz\u00e1s gombra b\u00e1rmelyik inform\u00e1ci\u00f3s lev\u00e9lben illetve email-es k\u00e9rv\u00e9nnyel.<\/li>\n<\/ol>\n<\/li>\n<li>Beillesztett tartalom m\u00e1s internetes oldalr\u00f3l- cikkek ezen az internetes oldalon tartalmazhatnak beillesztett tartalmat (pl. vide\u00f3, k\u00e9p, cikk \u00e9s \u00edgy tov\u00e1bb). A beillesztett tartalom m\u00e1s oldalakr\u00f3l ugyan\u00fagy viselkedik, mintha a l\u00e1togat\u00f3 m\u00e1s internetes oldalt l\u00e1togatna. Ezek az internetes oldalak gy\u0171jthetnek \u00f6n\u00f6kr\u0151l szem\u00e9lyes adatokat, haszn\u00e1lhatnak s\u00fcti f\u00e1jlokat, besz\u00farhatnak harmadoldal\u00fa figyel\u00e9st \u00e9s figyelheti az \u00f6n kapcsolat\u00e1t a beillesztett tartalommal, bele\u00e9rtve az \u00f6n kapcsolata megfigyel\u00e9s\u00e9t a beillesztett tartalommal, ha azon a bizonyos internetes oldalon van fi\u00f3kja \u00e9s be van jelentkezve.<\/li>\n<li>A szem\u00e9lyes adatok meg\u0151rz\u00e9se: 10 \u00e9v.<\/li>\n<li>Az \u00e9rintett szem\u00e9ly az \u00fczleti felt\u00e9telek beleegyez\u00e9s\u00e9vel ugyanakkor kifejezett \u00e9s felt\u00e9tlen beleegyez\u00e9s\u00e9t adja, hogy az \u00fczemeltet\u0151 feldolgozza az \u0151 szem\u00e9lyes adatait a fent felt\u00fcntetett c\u00e9lok miatt, a fent felt\u00fcntetett id\u0151 alatt \u00e9s a fent felt\u00fcntetett tartalom \u00e9rdek\u00e9ben. Az \u00e9rintett szem\u00e9lynek joga van b\u00e1rmikor visszavonni az beleegyez\u00e9s\u00e9t. Nem \u00e9rinti a feldolgoz\u00e1s jogszer\u0171s\u00e9g\u00e9t a beleegyez\u00e9s alapj\u00e1n a visszah\u00edv\u00e1s el\u0151tt. Az \u00e9rintett szem\u00e9ly k\u00f6teles igaz \u00e9s aktu\u00e1lis adatokat megadni. Az \u00e9rintett szem\u00e9ly jogait a 3. GDPR fejezet igaz\u00edtja. Ezek p\u00e9ld\u00e1ul a panaszemel\u00e9s joga a fel\u00fcgyeleti hat\u00f3s\u00e1gnak, feldolgoz\u00e1s elleni jog, az \u00e9rintett szem\u00e9ly szem\u00e9lyes adataihoz val\u00f3 hozz\u00e1f\u00e9r\u00e9s k\u00e9r\u00e9si joga az \u00fczemeltet\u0151t\u0151l, a szem\u00e9lyes adatok jav\u00edt\u00e1s\u00e1nak, t\u00f6rl\u00e9s\u00e9nek vagy feldolgoz\u00e1s korl\u00e1toz\u00e1s\u00e1nak a joga, az adatok hordozhat\u00f3s\u00e1gi joga.<\/li>\n<li>A weboldalra val\u00f3 regisztr\u00e1ci\u00f3 eset\u00e9n az \u00fcgyf\u00e9lnek jog\u00e1ban \u00e1ll t\u00f6r\u00f6lni a fi\u00f3kj\u00e1t e-mail k\u00fcld\u00e9s\u00e9vel az \u00fczemeltet\u0151nek.<\/li>\n<li>Ezek a felt\u00e9telek 2025.04.02-t\u00f3l \u00e9rv\u00e9nyesek.<\/li>\n<\/ol>\n<\/div><\/div><\/div><\/div><\/div>\n","protected":false},"excerpt":{"rendered":"","protected":false},"author":1,"featured_media":0,"parent":0,"menu_order":0,"comment_status":"closed","ping_status":"closed","template":"100-width.php","meta":{"footnotes":""},"class_list":["post-1049","page","type-page","status-publish","hentry"],"yoast_head":"<!-- This site is optimized with the Yoast SEO plugin v27.0 - https:\/\/yoast.com\/product\/yoast-seo-wordpress\/ -->\n<title>Szem\u00e9lyes adatok feldolgoz\u00e1sa - Quadromag<\/title>\n<meta name=\"robots\" content=\"index, follow, max-snippet:-1, max-image-preview:large, max-video-preview:-1\" \/>\n<link rel=\"canonical\" href=\"https:\/\/quadromag.eu\/hu\/szemelyes-adatok-feldolgozasa\/\" \/>\n<meta property=\"og:locale\" content=\"hu_HU\" \/>\n<meta property=\"og:type\" content=\"article\" \/>\n<meta property=\"og:title\" content=\"Szem\u00e9lyes adatok feldolgoz\u00e1sa - Quadromag\" \/>\n<meta property=\"og:url\" content=\"https:\/\/quadromag.eu\/hu\/szemelyes-adatok-feldolgozasa\/\" \/>\n<meta property=\"og:site_name\" content=\"Quadromag\" \/>\n<meta property=\"article:publisher\" content=\"https:\/\/www.facebook.com\/www.quadroflex.sk\" \/>\n<meta property=\"article:modified_time\" content=\"2025-04-09T08:28:16+00:00\" \/>\n<meta name=\"twitter:card\" content=\"summary_large_image\" \/>\n<meta name=\"twitter:label1\" content=\"Becs\u00fclt olvas\u00e1si id\u0151\" \/>\n\t<meta name=\"twitter:data1\" content=\"10 perc\" \/>\n<script type=\"application\/ld+json\" class=\"yoast-schema-graph\">{\"@context\":\"https:\/\/schema.org\",\"@graph\":[{\"@type\":\"WebPage\",\"@id\":\"https:\/\/quadromag.eu\/hu\/szemelyes-adatok-feldolgozasa\/\",\"url\":\"https:\/\/quadromag.eu\/hu\/szemelyes-adatok-feldolgozasa\/\",\"name\":\"Szem\u00e9lyes adatok feldolgoz\u00e1sa - Quadromag\",\"isPartOf\":{\"@id\":\"https:\/\/quadromag.eu\/#website\"},\"datePublished\":\"2025-04-02T16:33:53+00:00\",\"dateModified\":\"2025-04-09T08:28:16+00:00\",\"breadcrumb\":{\"@id\":\"https:\/\/quadromag.eu\/hu\/szemelyes-adatok-feldolgozasa\/#breadcrumb\"},\"inLanguage\":\"hu\",\"potentialAction\":[{\"@type\":\"ReadAction\",\"target\":[\"https:\/\/quadromag.eu\/hu\/szemelyes-adatok-feldolgozasa\/\"]}]},{\"@type\":\"BreadcrumbList\",\"@id\":\"https:\/\/quadromag.eu\/hu\/szemelyes-adatok-feldolgozasa\/#breadcrumb\",\"itemListElement\":[{\"@type\":\"ListItem\",\"position\":1,\"name\":\"Domovsk\u00e1 str\u00e1nka\",\"item\":\"https:\/\/quadromag.eu\/hu\/\"},{\"@type\":\"ListItem\",\"position\":2,\"name\":\"Szem\u00e9lyes adatok feldolgoz\u00e1sa\"}]},{\"@type\":\"WebSite\",\"@id\":\"https:\/\/quadromag.eu\/#website\",\"url\":\"https:\/\/quadromag.eu\/\",\"name\":\"quadromag.eu\",\"description\":\"Chr\u00e1\u0148te svoj vykurovac\u00ed syst\u00e9m\",\"publisher\":{\"@id\":\"https:\/\/quadromag.eu\/#organization\"},\"potentialAction\":[{\"@type\":\"SearchAction\",\"target\":{\"@type\":\"EntryPoint\",\"urlTemplate\":\"https:\/\/quadromag.eu\/?s={search_term_string}\"},\"query-input\":{\"@type\":\"PropertyValueSpecification\",\"valueRequired\":true,\"valueName\":\"search_term_string\"}}],\"inLanguage\":\"hu\"},{\"@type\":\"Organization\",\"@id\":\"https:\/\/quadromag.eu\/#organization\",\"name\":\"Quadromag\",\"url\":\"https:\/\/quadromag.eu\/\",\"logo\":{\"@type\":\"ImageObject\",\"inLanguage\":\"hu\",\"@id\":\"https:\/\/quadromag.eu\/#\/schema\/logo\/image\/\",\"url\":\"https:\/\/quadromag.eu\/wp-content\/uploads\/2025\/04\/quadromag-logo.svg\",\"contentUrl\":\"https:\/\/quadromag.eu\/wp-content\/uploads\/2025\/04\/quadromag-logo.svg\",\"width\":320,\"height\":30,\"caption\":\"Quadromag\"},\"image\":{\"@id\":\"https:\/\/quadromag.eu\/#\/schema\/logo\/image\/\"},\"sameAs\":[\"https:\/\/www.facebook.com\/www.quadroflex.sk\",\"https:\/\/www.instagram.com\/quadroflex_sro\/\"]}]}<\/script>\n<!-- \/ Yoast SEO plugin. -->","yoast_head_json":{"title":"Szem\u00e9lyes adatok feldolgoz\u00e1sa - Quadromag","robots":{"index":"index","follow":"follow","max-snippet":"max-snippet:-1","max-image-preview":"max-image-preview:large","max-video-preview":"max-video-preview:-1"},"canonical":"https:\/\/quadromag.eu\/hu\/szemelyes-adatok-feldolgozasa\/","og_locale":"hu_HU","og_type":"article","og_title":"Szem\u00e9lyes adatok feldolgoz\u00e1sa - Quadromag","og_url":"https:\/\/quadromag.eu\/hu\/szemelyes-adatok-feldolgozasa\/","og_site_name":"Quadromag","article_publisher":"https:\/\/www.facebook.com\/www.quadroflex.sk","article_modified_time":"2025-04-09T08:28:16+00:00","twitter_card":"summary_large_image","twitter_misc":{"Becs\u00fclt olvas\u00e1si id\u0151":"10 perc"},"schema":{"@context":"https:\/\/schema.org","@graph":[{"@type":"WebPage","@id":"https:\/\/quadromag.eu\/hu\/szemelyes-adatok-feldolgozasa\/","url":"https:\/\/quadromag.eu\/hu\/szemelyes-adatok-feldolgozasa\/","name":"Szem\u00e9lyes adatok feldolgoz\u00e1sa - Quadromag","isPartOf":{"@id":"https:\/\/quadromag.eu\/#website"},"datePublished":"2025-04-02T16:33:53+00:00","dateModified":"2025-04-09T08:28:16+00:00","breadcrumb":{"@id":"https:\/\/quadromag.eu\/hu\/szemelyes-adatok-feldolgozasa\/#breadcrumb"},"inLanguage":"hu","potentialAction":[{"@type":"ReadAction","target":["https:\/\/quadromag.eu\/hu\/szemelyes-adatok-feldolgozasa\/"]}]},{"@type":"BreadcrumbList","@id":"https:\/\/quadromag.eu\/hu\/szemelyes-adatok-feldolgozasa\/#breadcrumb","itemListElement":[{"@type":"ListItem","position":1,"name":"Domovsk\u00e1 str\u00e1nka","item":"https:\/\/quadromag.eu\/hu\/"},{"@type":"ListItem","position":2,"name":"Szem\u00e9lyes adatok feldolgoz\u00e1sa"}]},{"@type":"WebSite","@id":"https:\/\/quadromag.eu\/#website","url":"https:\/\/quadromag.eu\/","name":"quadromag.eu","description":"Chr\u00e1\u0148te svoj vykurovac\u00ed syst\u00e9m","publisher":{"@id":"https:\/\/quadromag.eu\/#organization"},"potentialAction":[{"@type":"SearchAction","target":{"@type":"EntryPoint","urlTemplate":"https:\/\/quadromag.eu\/?s={search_term_string}"},"query-input":{"@type":"PropertyValueSpecification","valueRequired":true,"valueName":"search_term_string"}}],"inLanguage":"hu"},{"@type":"Organization","@id":"https:\/\/quadromag.eu\/#organization","name":"Quadromag","url":"https:\/\/quadromag.eu\/","logo":{"@type":"ImageObject","inLanguage":"hu","@id":"https:\/\/quadromag.eu\/#\/schema\/logo\/image\/","url":"https:\/\/quadromag.eu\/wp-content\/uploads\/2025\/04\/quadromag-logo.svg","contentUrl":"https:\/\/quadromag.eu\/wp-content\/uploads\/2025\/04\/quadromag-logo.svg","width":320,"height":30,"caption":"Quadromag"},"image":{"@id":"https:\/\/quadromag.eu\/#\/schema\/logo\/image\/"},"sameAs":["https:\/\/www.facebook.com\/www.quadroflex.sk","https:\/\/www.instagram.com\/quadroflex_sro\/"]}]}},"_links":{"self":[{"href":"https:\/\/quadromag.eu\/hu\/wp-json\/wp\/v2\/pages\/1049","targetHints":{"allow":["GET"]}}],"collection":[{"href":"https:\/\/quadromag.eu\/hu\/wp-json\/wp\/v2\/pages"}],"about":[{"href":"https:\/\/quadromag.eu\/hu\/wp-json\/wp\/v2\/types\/page"}],"author":[{"embeddable":true,"href":"https:\/\/quadromag.eu\/hu\/wp-json\/wp\/v2\/users\/1"}],"replies":[{"embeddable":true,"href":"https:\/\/quadromag.eu\/hu\/wp-json\/wp\/v2\/comments?post=1049"}],"version-history":[{"count":0,"href":"https:\/\/quadromag.eu\/hu\/wp-json\/wp\/v2\/pages\/1049\/revisions"}],"wp:attachment":[{"href":"https:\/\/quadromag.eu\/hu\/wp-json\/wp\/v2\/media?parent=1049"}],"curies":[{"name":"wp","href":"https:\/\/api.w.org\/{rel}","templated":true}]}}