{"id":1584,"date":"2025-04-07T11:25:26","date_gmt":"2025-04-07T11:25:26","guid":{"rendered":"https:\/\/quadromag.eu\/produkty\/"},"modified":"2025-04-24T11:01:48","modified_gmt":"2025-04-24T11:01:48","slug":"produkty","status":"publish","type":"page","link":"https:\/\/quadromag.eu\/pl\/produkty\/","title":{"rendered":"Produkty"},"content":{"rendered":"<p><div class=\"fusion-fullwidth fullwidth-box fusion-builder-row-1 fusion-flex-container has-pattern-background has-mask-background nonhundred-percent-fullwidth non-hundred-percent-height-scrolling\" style=\"--awb-border-radius-top-left:0px;--awb-border-radius-top-right:0px;--awb-border-radius-bottom-right:0px;--awb-border-radius-bottom-left:0px;--awb-flex-wrap:wrap;\" ><div class=\"fusion-builder-row fusion-row fusion-flex-align-items-flex-start fusion-flex-content-wrap\" style=\"max-width:1466.4px;margin-left: calc(-4% \/ 2 );margin-right: calc(-4% \/ 2 );\"><div class=\"fusion-layout-column fusion_builder_column fusion-builder-column-0 fusion_builder_column_1_1 1_1 fusion-flex-column\" style=\"--awb-bg-size:cover;--awb-width-large:100%;--awb-margin-top-large:0px;--awb-spacing-right-large:1.92%;--awb-margin-bottom-large:20px;--awb-spacing-left-large:1.92%;--awb-width-medium:100%;--awb-order-medium:0;--awb-spacing-right-medium:1.92%;--awb-spacing-left-medium:1.92%;--awb-width-small:100%;--awb-order-small:0;--awb-spacing-right-small:1.92%;--awb-spacing-left-small:1.92%;\"><div class=\"fusion-column-wrapper fusion-column-has-shadow fusion-flex-justify-content-flex-start fusion-content-layout-column\"><div class=\"fusion-title title fusion-title-1 fusion-sep-none fusion-title-center fusion-title-text fusion-title-size-one\"><h1 class=\"fusion-title-heading title-heading-center\" style=\"margin:0;\">Produkty<\/h1><\/div><\/div><\/div><\/div><\/div><div class=\"fusion-fullwidth fullwidth-box fusion-builder-row-2 fusion-flex-container has-pattern-background has-mask-background nonhundred-percent-fullwidth non-hundred-percent-height-scrolling\" style=\"--awb-border-radius-top-left:0px;--awb-border-radius-top-right:0px;--awb-border-radius-bottom-right:0px;--awb-border-radius-bottom-left:0px;--awb-margin-top:20px;--awb-flex-wrap:wrap;\" ><div class=\"fusion-builder-row fusion-row fusion-flex-align-items-flex-start fusion-flex-content-wrap\" style=\"max-width:1466.4px;margin-left: calc(-4% \/ 2 );margin-right: calc(-4% \/ 2 );\"><div class=\"fusion-layout-column fusion_builder_column fusion-builder-column-1 fusion_builder_column_1_1 1_1 fusion-flex-column\" style=\"--awb-bg-size:cover;--awb-width-large:100%;--awb-margin-top-large:0px;--awb-spacing-right-large:1.92%;--awb-margin-bottom-large:20px;--awb-spacing-left-large:1.92%;--awb-width-medium:100%;--awb-order-medium:0;--awb-spacing-right-medium:1.92%;--awb-spacing-left-medium:1.92%;--awb-width-small:100%;--awb-order-small:0;--awb-spacing-right-small:1.92%;--awb-spacing-left-small:1.92%;\"><div class=\"fusion-column-wrapper fusion-column-has-shadow fusion-flex-justify-content-flex-start fusion-content-layout-column\"><style type=\"text\/css\">.fusion-portfolio-wrapper#fusion-portfolio-1 .fusion-portfolio-content{  text-align: left; }<\/style><div class=\"fusion-recent-works fusion-portfolio-element fusion-portfolio fusion-portfolio-1 fusion-portfolio-grid fusion-portfolio-paging-pagination fusion-portfolio-three fusion-portfolio-unboxed fusion-portfolio-text fusion-portfolio-equal-heights\" data-id=\"-rw-1\" data-columns=\"three\"><style type=\"text\/css\">.fusion-portfolio-1 .fusion-portfolio-wrapper .fusion-col-spacing{padding:15px;}<\/style><div class=\"fusion-portfolio-wrapper\" id=\"fusion-portfolio-1\" data-picturesize=\"auto\" data-pages=\"1\" style=\"margin:-15px;\"><article id=\"portfolio-1-post-1667\" class=\"fusion-portfolio-post fusion-col-spacing post-1667\"><div class=\"fusion-portfolio-content-wrapper\" style=\"border:none;\"><div  class=\"fusion-image-wrapper\" aria-haspopup=\"true\">\n\t\t\t\t\t\t\t<a href=\"https:\/\/quadromag.eu\/pl\/portfolio\/quadromag-basic\/\" aria-label=\"Quadromag Basic\">\n\t\t\t\t\t\t\t<img decoding=\"async\" width=\"331\" height=\"264\" src=\"https:\/\/quadromag.eu\/wp-content\/uploads\/2025\/04\/quadromag-basic.png\" class=\"attachment-full size-full wp-post-image\" alt=\"\" srcset=\"https:\/\/quadromag.eu\/wp-content\/uploads\/2025\/04\/quadromag-basic-200x160.png 200w, https:\/\/quadromag.eu\/wp-content\/uploads\/2025\/04\/quadromag-basic.png 331w\" sizes=\"(min-width: 2200px) 100vw, (min-width: 784px) 450px, (min-width: 712px) 675px, (min-width: 640px) 712px, \" \/>\t\t\t<\/a>\n\t\t\t\t\t\t\t<\/div>\n<div class=\"fusion-portfolio-content\"><h2 class=\"fusion-post-title\"><a href=\"https:\/\/quadromag.eu\/pl\/portfolio\/quadromag-basic\/\">Quadromag Basic<\/a><\/h2><div class=\"fusion-post-content\"><p>Podstawowa seria filtr\u00f3w magnetycznych z przy\u0142\u0105czem 3\/4\u2033 lub 1\u2033. Uniwersalne po\u0142\u0105czenie umo\u017cliwia monta\u017c zar\u00f3wno w pionie, jak i w poziomie. Przeznaczony jest do wszystkich typ\u00f3w instalacji centralnego ogrzewania i ch\u0142odzenia.  <\/p><\/div><\/div><\/div><\/article><article id=\"portfolio-1-post-1671\" class=\"fusion-portfolio-post fusion-col-spacing post-1671\"><div class=\"fusion-portfolio-content-wrapper\" style=\"border:none;\"><div  class=\"fusion-image-wrapper\" aria-haspopup=\"true\">\n\t\t\t\t\t\t\t<a href=\"https:\/\/quadromag.eu\/pl\/portfolio\/quadromag-basic-big\/\" aria-label=\"Quadromag Basic Big\">\n\t\t\t\t\t\t\t<img decoding=\"async\" width=\"331\" height=\"264\" src=\"https:\/\/quadromag.eu\/wp-content\/uploads\/2025\/04\/quadromag-basic-big.png\" class=\"attachment-full size-full wp-post-image\" alt=\"\" srcset=\"https:\/\/quadromag.eu\/wp-content\/uploads\/2025\/04\/quadromag-basic-big-200x160.png 200w, https:\/\/quadromag.eu\/wp-content\/uploads\/2025\/04\/quadromag-basic-big.png 331w\" sizes=\"(min-width: 2200px) 100vw, (min-width: 784px) 450px, (min-width: 712px) 675px, (min-width: 640px) 712px, \" \/>\t\t\t<\/a>\n\t\t\t\t\t\t\t<\/div>\n<div class=\"fusion-portfolio-content\"><h2 class=\"fusion-post-title\"><a href=\"https:\/\/quadromag.eu\/pl\/portfolio\/quadromag-basic-big\/\">Quadromag Basic Big<\/a><\/h2><div class=\"fusion-post-content\"><p>Jest przeznaczony do wi\u0119kszych przep\u0142yw\u00f3w, np. do wi\u0119kszych system\u00f3w lub \u017ar\u00f3de\u0142 ciep\u0142a lub ch\u0142odzenia o wi\u0119kszej mocy. <\/p><\/div><\/div><\/div><\/article><article id=\"portfolio-1-post-1675\" class=\"fusion-portfolio-post fusion-col-spacing post-1675\"><div class=\"fusion-portfolio-content-wrapper\" style=\"border:none;\"><div  class=\"fusion-image-wrapper\" aria-haspopup=\"true\">\n\t\t\t\t\t\t\t<a href=\"https:\/\/quadromag.eu\/pl\/portfolio\/quadromag-mini\/\" aria-label=\"Quadromag Mini\">\n\t\t\t\t\t\t\t<img decoding=\"async\" width=\"331\" height=\"264\" src=\"https:\/\/quadromag.eu\/wp-content\/uploads\/2025\/04\/quadromag-mini.png\" class=\"attachment-full size-full wp-post-image\" alt=\"\" srcset=\"https:\/\/quadromag.eu\/wp-content\/uploads\/2025\/04\/quadromag-mini-200x160.png 200w, https:\/\/quadromag.eu\/wp-content\/uploads\/2025\/04\/quadromag-mini.png 331w\" sizes=\"(min-width: 2200px) 100vw, (min-width: 784px) 450px, (min-width: 712px) 675px, (min-width: 640px) 712px, \" \/>\t\t\t<\/a>\n\t\t\t\t\t\t\t<\/div>\n<div class=\"fusion-portfolio-content\"><h2 class=\"fusion-post-title\"><a href=\"https:\/\/quadromag.eu\/pl\/portfolio\/quadromag-mini\/\">Quadromag Mini<\/a><\/h2><div class=\"fusion-post-content\"><p>Stosowany w instalacjach o ograniczonej przestrzeni. Opatentowany system wymuszonego kierunku przep\u0142ywu medium oraz r\u00f3\u017cne mo\u017cliwo\u015bci pod\u0142\u0105czenia sprawiaj\u0105, \u017ce filtr ten zapewnia doskona\u0142\u0105 ochron\u0119 por\u00f3wnywaln\u0105 z wi\u0119kszymi filtrami. <\/p><\/div><\/div><\/div><\/article><article id=\"portfolio-1-post-1679\" class=\"fusion-portfolio-post fusion-col-spacing post-1679\"><div class=\"fusion-portfolio-content-wrapper\" style=\"border:none;\"><div  class=\"fusion-image-wrapper\" aria-haspopup=\"true\">\n\t\t\t\t\t\t\t<a href=\"https:\/\/quadromag.eu\/pl\/portfolio\/quadromag-micro\/\" aria-label=\"Quadromag Micro\">\n\t\t\t\t\t\t\t<img decoding=\"async\" width=\"331\" height=\"264\" src=\"https:\/\/quadromag.eu\/wp-content\/uploads\/2025\/04\/quadromag-micro.png\" class=\"attachment-full size-full wp-post-image\" alt=\"\" srcset=\"https:\/\/quadromag.eu\/wp-content\/uploads\/2025\/04\/quadromag-micro-200x160.png 200w, https:\/\/quadromag.eu\/wp-content\/uploads\/2025\/04\/quadromag-micro.png 331w\" sizes=\"(min-width: 2200px) 100vw, (min-width: 784px) 450px, (min-width: 712px) 675px, (min-width: 640px) 712px, \" \/>\t\t\t<\/a>\n\t\t\t\t\t\t\t<\/div>\n<div class=\"fusion-portfolio-content\"><h2 class=\"fusion-post-title\"><a href=\"https:\/\/quadromag.eu\/pl\/portfolio\/quadromag-micro\/\">Quadromag Micro<\/a><\/h2><div class=\"fusion-post-content\"><p>Przezroczysty zbiornik filtra umo\u017cliwiaj\u0105cy wizualn\u0105 identyfikacj\u0119 konieczno\u015bci czyszczenia filtra. Stosowany jest g\u0142\u00f3wnie w domowych kot\u0142ach gazowych i elektrycznych. <\/p><\/div><\/div><\/div><\/article><article id=\"portfolio-1-post-1683\" class=\"fusion-portfolio-post fusion-col-spacing post-1683\"><div class=\"fusion-portfolio-content-wrapper\" style=\"border:none;\"><div  class=\"fusion-image-wrapper\" aria-haspopup=\"true\">\n\t\t\t\t\t\t\t<a href=\"https:\/\/quadromag.eu\/pl\/portfolio\/quadromag-hp\/\" aria-label=\"Quadromag HP\">\n\t\t\t\t\t\t\t<img decoding=\"async\" width=\"331\" height=\"264\" src=\"https:\/\/quadromag.eu\/wp-content\/uploads\/2025\/04\/quadromag-hp.png\" class=\"attachment-full size-full wp-post-image\" alt=\"\" srcset=\"https:\/\/quadromag.eu\/wp-content\/uploads\/2025\/04\/quadromag-hp-200x160.png 200w, https:\/\/quadromag.eu\/wp-content\/uploads\/2025\/04\/quadromag-hp.png 331w\" sizes=\"(min-width: 2200px) 100vw, (min-width: 784px) 450px, (min-width: 712px) 675px, (min-width: 640px) 712px, \" \/>\t\t\t<\/a>\n\t\t\t\t\t\t\t<\/div>\n<div class=\"fusion-portfolio-content\"><h2 class=\"fusion-post-title\"><a href=\"https:\/\/quadromag.eu\/pl\/portfolio\/quadromag-hp\/\">Quadromag HP<\/a><\/h2><div class=\"fusion-post-content\"><p>Seria filtr\u00f3w magnetycznych do ochrony pomp ciep\u0142a i innych urz\u0105dze\u0144 i uk\u0142ad\u00f3w o du\u017cym przep\u0142ywie z przy\u0142\u0105czami 5\/4\" lub 6\/4\". Wi\u0119ksza obj\u0119to\u015b\u0107 zbiornika zapewnia spadek ci\u015bnienia w zbiorniku, co przek\u0142ada si\u0119 na dok\u0142adniejsz\u0105 filtracj\u0119. Siatka magnetyczna ze stali nierdzewnej rozci\u0105gaj\u0105ca si\u0119 na ca\u0142ej wysoko\u015bci zbiornika wychwytuje wszystkie cz\u0119\u015bci magnetyczne i niemagnetyczne.  <\/p><\/div><\/div><\/div><\/article><article id=\"portfolio-1-post-1687\" class=\"fusion-portfolio-post fusion-col-spacing post-1687\"><div class=\"fusion-portfolio-content-wrapper\" style=\"border:none;\"><div  class=\"fusion-image-wrapper\" aria-haspopup=\"true\">\n\t\t\t\t\t\t\t<a href=\"https:\/\/quadromag.eu\/pl\/portfolio\/quadromag-y\/\" aria-label=\"Quadromag Y\">\n\t\t\t\t\t\t\t<img decoding=\"async\" width=\"331\" height=\"264\" src=\"https:\/\/quadromag.eu\/wp-content\/uploads\/2025\/04\/quadromag-y.png\" class=\"attachment-full size-full wp-post-image\" alt=\"\" srcset=\"https:\/\/quadromag.eu\/wp-content\/uploads\/2025\/04\/quadromag-y-200x160.png 200w, https:\/\/quadromag.eu\/wp-content\/uploads\/2025\/04\/quadromag-y.png 331w\" sizes=\"(min-width: 2200px) 100vw, (min-width: 784px) 450px, (min-width: 712px) 675px, (min-width: 640px) 712px, \" \/>\t\t\t<\/a>\n\t\t\t\t\t\t\t<\/div>\n<div class=\"fusion-portfolio-content\"><h2 class=\"fusion-post-title\"><a href=\"https:\/\/quadromag.eu\/pl\/portfolio\/quadromag-y\/\">Quadromag Y<\/a><\/h2><div class=\"fusion-post-content\"><p>Klasyczna forma filtracji czynnika grzewczego w po\u0142\u0105czeniu z magnesem. \u0141atwy monta\u017c i czyszczenie. Kompaktowe wymiary oszcz\u0119dzaj\u0105 miejsce. Poniewa\u017c jest to najmniejsza mo\u017cliwa komora filtra, konstrukcja ta nie zast\u0119puje w pe\u0142ni funkcji innych filtr\u00f3w magnetycznych instalowanych przed \u017ar\u00f3d\u0142em ciep\u0142a lub ch\u0142odzenia. Jest to idealne uzupe\u0142nienie zwi\u0119kszaj\u0105ce skuteczno\u015b\u0107 dzia\u0142ania innych filtr\u00f3w magnetycznych i wyd\u0142u\u017caj\u0105ce okresy mi\u0119dzy czyszczeniami.    <\/p><\/div><\/div><\/div><\/article><article id=\"portfolio-1-post-2530\" class=\"fusion-portfolio-post fusion-col-spacing post-2530\"><div class=\"fusion-portfolio-content-wrapper\" style=\"border:none;\"><div  class=\"fusion-image-wrapper\" aria-haspopup=\"true\">\n\t\t\t\t\t\t\t<a href=\"https:\/\/quadromag.eu\/pl\/portfolio\/zawor-przeciwzamrozeniowy-do-pomp-ciepla\/\" aria-label=\"Zaw\u00f3r przeciwzamro\u017ceniowy do pomp ciep\u0142a\">\n\t\t\t\t\t\t\t<img decoding=\"async\" width=\"331\" height=\"264\" src=\"https:\/\/quadromag.eu\/wp-content\/uploads\/2026\/02\/quadromag-ventil-nahladova.png\" class=\"attachment-full size-full wp-post-image\" alt=\"\" srcset=\"https:\/\/quadromag.eu\/wp-content\/uploads\/2026\/02\/quadromag-ventil-nahladova-200x160.png 200w, https:\/\/quadromag.eu\/wp-content\/uploads\/2026\/02\/quadromag-ventil-nahladova.png 331w\" sizes=\"(min-width: 2200px) 100vw, (min-width: 784px) 450px, (min-width: 712px) 675px, (min-width: 640px) 712px, \" \/>\t\t\t<\/a>\n\t\t\t\t\t\t\t<\/div>\n<div class=\"fusion-portfolio-content\"><h2 class=\"fusion-post-title\"><a href=\"https:\/\/quadromag.eu\/pl\/portfolio\/zawor-przeciwzamrozeniowy-do-pomp-ciepla\/\">Zaw\u00f3r przeciwzamro\u017ceniowy do pomp ciep\u0142a<\/a><\/h2><div class=\"fusion-post-content\"><p>Nemrzn\u00faci mosadzn\u00fd ventil 1\u2033 (DN 25) chr\u00e1ni okruh syst\u00e9mu proti zamrznutiu. Ke\u010f teplota v syst\u00e9me dosiahne priemern\u00fa hodnotu 3 \u00b0C, m\u00e9dium vytek\u00e1 zo syst\u00e9mu cez tento ventil, \u010d\u00edm chr\u00e1ni rozvody a zariadenia vo\u010di tvorbe \u013eadu v syst\u00e9me, tj. pred jeho po\u0161koden\u00edm. Ide\u00e1lne pred monoblokov\u00e9 tepeln\u00e9 \u010derpadl\u00e1 na vstupn\u00fa a v\u00fdstupn\u00fa vetvu, tj (2ks).<\/p><\/div><\/div><\/div><\/article><\/div><\/div><\/div><\/div><\/div><\/div><\/p>\n","protected":false},"excerpt":{"rendered":"","protected":false},"author":1,"featured_media":0,"parent":0,"menu_order":0,"comment_status":"closed","ping_status":"closed","template":"100-width.php","meta":{"footnotes":""},"class_list":["post-1584","page","type-page","status-publish","hentry"],"yoast_head":"<!-- This site is optimized with the Yoast SEO plugin v27.0 - https:\/\/yoast.com\/product\/yoast-seo-wordpress\/ -->\n<title>Produkty - Quadromag<\/title>\n<meta name=\"robots\" content=\"index, follow, max-snippet:-1, max-image-preview:large, max-video-preview:-1\" \/>\n<link rel=\"canonical\" href=\"https:\/\/quadromag.eu\/pl\/produkty\/\" \/>\n<meta property=\"og:locale\" content=\"pl_PL\" \/>\n<meta property=\"og:type\" content=\"article\" \/>\n<meta property=\"og:title\" content=\"Produkty - Quadromag\" \/>\n<meta property=\"og:url\" content=\"https:\/\/quadromag.eu\/pl\/produkty\/\" \/>\n<meta property=\"og:site_name\" content=\"Quadromag\" \/>\n<meta property=\"article:publisher\" content=\"https:\/\/www.facebook.com\/www.quadroflex.sk\" \/>\n<meta property=\"article:modified_time\" content=\"2025-04-24T11:01:48+00:00\" \/>\n<meta name=\"twitter:card\" content=\"summary_large_image\" \/>\n<meta name=\"twitter:label1\" content=\"Szacowany czas czytania\" \/>\n\t<meta name=\"twitter:data1\" content=\"11 minut\" \/>\n<script type=\"application\/ld+json\" class=\"yoast-schema-graph\">{\"@context\":\"https:\/\/schema.org\",\"@graph\":[{\"@type\":\"WebPage\",\"@id\":\"https:\/\/quadromag.eu\/pl\/produkty\/\",\"url\":\"https:\/\/quadromag.eu\/pl\/produkty\/\",\"name\":\"Produkty - Quadromag\",\"isPartOf\":{\"@id\":\"https:\/\/quadromag.eu\/#website\"},\"datePublished\":\"2025-04-07T11:25:26+00:00\",\"dateModified\":\"2025-04-24T11:01:48+00:00\",\"breadcrumb\":{\"@id\":\"https:\/\/quadromag.eu\/pl\/produkty\/#breadcrumb\"},\"inLanguage\":\"pl-PL\",\"potentialAction\":[{\"@type\":\"ReadAction\",\"target\":[\"https:\/\/quadromag.eu\/pl\/produkty\/\"]}]},{\"@type\":\"BreadcrumbList\",\"@id\":\"https:\/\/quadromag.eu\/pl\/produkty\/#breadcrumb\",\"itemListElement\":[{\"@type\":\"ListItem\",\"position\":1,\"name\":\"Domovsk\u00e1 str\u00e1nka\",\"item\":\"https:\/\/quadromag.eu\/pl\/\"},{\"@type\":\"ListItem\",\"position\":2,\"name\":\"Produkty\"}]},{\"@type\":\"WebSite\",\"@id\":\"https:\/\/quadromag.eu\/#website\",\"url\":\"https:\/\/quadromag.eu\/\",\"name\":\"quadromag.eu\",\"description\":\"Chr\u00e1\u0148te svoj vykurovac\u00ed syst\u00e9m\",\"publisher\":{\"@id\":\"https:\/\/quadromag.eu\/#organization\"},\"potentialAction\":[{\"@type\":\"SearchAction\",\"target\":{\"@type\":\"EntryPoint\",\"urlTemplate\":\"https:\/\/quadromag.eu\/?s={search_term_string}\"},\"query-input\":{\"@type\":\"PropertyValueSpecification\",\"valueRequired\":true,\"valueName\":\"search_term_string\"}}],\"inLanguage\":\"pl-PL\"},{\"@type\":\"Organization\",\"@id\":\"https:\/\/quadromag.eu\/#organization\",\"name\":\"Quadromag\",\"url\":\"https:\/\/quadromag.eu\/\",\"logo\":{\"@type\":\"ImageObject\",\"inLanguage\":\"pl-PL\",\"@id\":\"https:\/\/quadromag.eu\/#\/schema\/logo\/image\/\",\"url\":\"https:\/\/quadromag.eu\/wp-content\/uploads\/2025\/04\/quadromag-logo.svg\",\"contentUrl\":\"https:\/\/quadromag.eu\/wp-content\/uploads\/2025\/04\/quadromag-logo.svg\",\"width\":320,\"height\":30,\"caption\":\"Quadromag\"},\"image\":{\"@id\":\"https:\/\/quadromag.eu\/#\/schema\/logo\/image\/\"},\"sameAs\":[\"https:\/\/www.facebook.com\/www.quadroflex.sk\",\"https:\/\/www.instagram.com\/quadroflex_sro\/\"]}]}<\/script>\n<!-- \/ Yoast SEO plugin. -->","yoast_head_json":{"title":"Produkty - Quadromag","robots":{"index":"index","follow":"follow","max-snippet":"max-snippet:-1","max-image-preview":"max-image-preview:large","max-video-preview":"max-video-preview:-1"},"canonical":"https:\/\/quadromag.eu\/pl\/produkty\/","og_locale":"pl_PL","og_type":"article","og_title":"Produkty - Quadromag","og_url":"https:\/\/quadromag.eu\/pl\/produkty\/","og_site_name":"Quadromag","article_publisher":"https:\/\/www.facebook.com\/www.quadroflex.sk","article_modified_time":"2025-04-24T11:01:48+00:00","twitter_card":"summary_large_image","twitter_misc":{"Szacowany czas czytania":"11 minut"},"schema":{"@context":"https:\/\/schema.org","@graph":[{"@type":"WebPage","@id":"https:\/\/quadromag.eu\/pl\/produkty\/","url":"https:\/\/quadromag.eu\/pl\/produkty\/","name":"Produkty - Quadromag","isPartOf":{"@id":"https:\/\/quadromag.eu\/#website"},"datePublished":"2025-04-07T11:25:26+00:00","dateModified":"2025-04-24T11:01:48+00:00","breadcrumb":{"@id":"https:\/\/quadromag.eu\/pl\/produkty\/#breadcrumb"},"inLanguage":"pl-PL","potentialAction":[{"@type":"ReadAction","target":["https:\/\/quadromag.eu\/pl\/produkty\/"]}]},{"@type":"BreadcrumbList","@id":"https:\/\/quadromag.eu\/pl\/produkty\/#breadcrumb","itemListElement":[{"@type":"ListItem","position":1,"name":"Domovsk\u00e1 str\u00e1nka","item":"https:\/\/quadromag.eu\/pl\/"},{"@type":"ListItem","position":2,"name":"Produkty"}]},{"@type":"WebSite","@id":"https:\/\/quadromag.eu\/#website","url":"https:\/\/quadromag.eu\/","name":"quadromag.eu","description":"Chr\u00e1\u0148te svoj vykurovac\u00ed syst\u00e9m","publisher":{"@id":"https:\/\/quadromag.eu\/#organization"},"potentialAction":[{"@type":"SearchAction","target":{"@type":"EntryPoint","urlTemplate":"https:\/\/quadromag.eu\/?s={search_term_string}"},"query-input":{"@type":"PropertyValueSpecification","valueRequired":true,"valueName":"search_term_string"}}],"inLanguage":"pl-PL"},{"@type":"Organization","@id":"https:\/\/quadromag.eu\/#organization","name":"Quadromag","url":"https:\/\/quadromag.eu\/","logo":{"@type":"ImageObject","inLanguage":"pl-PL","@id":"https:\/\/quadromag.eu\/#\/schema\/logo\/image\/","url":"https:\/\/quadromag.eu\/wp-content\/uploads\/2025\/04\/quadromag-logo.svg","contentUrl":"https:\/\/quadromag.eu\/wp-content\/uploads\/2025\/04\/quadromag-logo.svg","width":320,"height":30,"caption":"Quadromag"},"image":{"@id":"https:\/\/quadromag.eu\/#\/schema\/logo\/image\/"},"sameAs":["https:\/\/www.facebook.com\/www.quadroflex.sk","https:\/\/www.instagram.com\/quadroflex_sro\/"]}]}},"_links":{"self":[{"href":"https:\/\/quadromag.eu\/pl\/wp-json\/wp\/v2\/pages\/1584","targetHints":{"allow":["GET"]}}],"collection":[{"href":"https:\/\/quadromag.eu\/pl\/wp-json\/wp\/v2\/pages"}],"about":[{"href":"https:\/\/quadromag.eu\/pl\/wp-json\/wp\/v2\/types\/page"}],"author":[{"embeddable":true,"href":"https:\/\/quadromag.eu\/pl\/wp-json\/wp\/v2\/users\/1"}],"replies":[{"embeddable":true,"href":"https:\/\/quadromag.eu\/pl\/wp-json\/wp\/v2\/comments?post=1584"}],"version-history":[{"count":0,"href":"https:\/\/quadromag.eu\/pl\/wp-json\/wp\/v2\/pages\/1584\/revisions"}],"wp:attachment":[{"href":"https:\/\/quadromag.eu\/pl\/wp-json\/wp\/v2\/media?parent=1584"}],"curies":[{"name":"wp","href":"https:\/\/api.w.org\/{rel}","templated":true}]}}