{"id":1600,"date":"2025-04-02T16:33:53","date_gmt":"2025-04-02T16:33:53","guid":{"rendered":"https:\/\/quadromag.eu\/zasady-spracovania-osobnych-udajov\/"},"modified":"2025-04-24T11:32:21","modified_gmt":"2025-04-24T11:32:21","slug":"zasady-przetwarzania-danych-osobowych","status":"publish","type":"page","link":"https:\/\/quadromag.eu\/pl\/zasady-przetwarzania-danych-osobowych\/","title":{"rendered":"Zasady przetwarzania danych osobowych"},"content":{"rendered":"<div class=\"fusion-fullwidth fullwidth-box fusion-builder-row-1 fusion-flex-container has-pattern-background has-mask-background nonhundred-percent-fullwidth non-hundred-percent-height-scrolling\" style=\"--awb-border-radius-top-left:0px;--awb-border-radius-top-right:0px;--awb-border-radius-bottom-right:0px;--awb-border-radius-bottom-left:0px;--awb-flex-wrap:wrap;\" ><div class=\"fusion-builder-row fusion-row fusion-flex-align-items-flex-start fusion-flex-content-wrap\" style=\"max-width:1466.4px;margin-left: calc(-4% \/ 2 );margin-right: calc(-4% \/ 2 );\"><div class=\"fusion-layout-column fusion_builder_column fusion-builder-column-0 fusion_builder_column_1_1 1_1 fusion-flex-column\" style=\"--awb-bg-size:cover;--awb-width-large:100%;--awb-margin-top-large:0px;--awb-spacing-right-large:1.92%;--awb-margin-bottom-large:20px;--awb-spacing-left-large:1.92%;--awb-width-medium:100%;--awb-order-medium:0;--awb-spacing-right-medium:1.92%;--awb-spacing-left-medium:1.92%;--awb-width-small:100%;--awb-order-small:0;--awb-spacing-right-small:1.92%;--awb-spacing-left-small:1.92%;\"><div class=\"fusion-column-wrapper fusion-column-has-shadow fusion-flex-justify-content-flex-start fusion-content-layout-column\"><div class=\"fusion-title title fusion-title-1 fusion-sep-none fusion-title-center fusion-title-text fusion-title-size-one\"><h1 class=\"fusion-title-heading title-heading-center\" style=\"margin:0;\">Zasady przetwarzania danych osobowych<\/h1><\/div><div class=\"fusion-text fusion-text-1\"><ol>\n<li><strong>Osoba, kt\u00f3rej dane dotycz\u0105<\/strong> \u2013 odwiedzaj\u0105cy stron\u0119.<\/li>\n<li><strong>Administrator<\/strong> \u2013 administrator strony internetowej <a href=\"https:\/\/quadromag.eu\/pl\/\">www.quadromag.eu<\/a><br \/>\nQUADROFLEX, s.r.o., Nov\u00e1 Osada 11 929 01 Dunajsk\u00e1 Streda, NIP: 31435998, NIP: 2020367129, NIP: SK2020367129, zarejestrowana w Rejestrze Handlowym S\u0105du Rejonowego w Trnawie, dzia\u0142: Ltd., wpis nr. 1801\/T.<\/li>\n<li>Osoba, kt\u00f3rej dane dotycz\u0105, wyra\u017ca zgod\u0119 na przetwarzanie jej danych osobowych przez sprzedaj\u0105cego w zakresie okre\u015blonym poni\u017cej.<\/li>\n<li>Administrator strony odpowiada za przetwarzanie danych osobowych zgodnie z rozporz\u0105dzeniem Parlamentu Europejskiego i Rady (UE) 2016\/679 z dnia 27 kwietnia 2016 r. w sprawie ochrony os\u00f3b fizycznych w zwi\u0105zku z przetwarzaniem danych osobowych oraz w sprawie swobodnego przep\u0142ywu takich danych (RODO).<\/li>\n<li>Zakres danych osobowych: imi\u0119, nazwisko, ulica i numer domu, kod pocztowy, miasto, adres e-mail, numer telefonu, pliki cookie. Wi\u0119cej informacji o plikach cookie znajdziesz poni\u017cej.<\/li>\n<li>Cele przetwarzania danych osobowych: wystawienie dokumentu podatkowego, kontakt z klientem w sprawie zam\u00f3wienia, wykonanie umowy, realizacja zapytania przes\u0142anego przez formularz kontaktowy lub innego prawnie uzasadnionego interesu. Dane nie mog\u0105 by\u0107 przetwarzane w spos\u00f3b niezgodny z tymi celami.<\/li>\n<li><strong>Odbiorcy<\/strong> \u2013 administrator strony internetowej <a href=\"https:\/\/quadromag.eu\/pl\/\">www.quadromag.eu<\/a> oraz firma Modern\u00e9 Webstr\u00e1nky s.r.o. zapewniaj\u0105ca wsparcie techniczne witryny.<\/li>\n<li><strong>Podmioty przetwarzaj\u0105ce<\/strong> \u2013 odbiorcy danych tacy jak Google (<a href=\"https:\/\/privacy.google.com\/businesses\/processorterms\/\" target=\"_blank\" rel=\"noopener noreferrer\">Warunki przetwarzania danych reklam Google<\/a>), Google Analytics i Google AdWords (<a href=\"https:\/\/www.google.com\/analytics\/terms\/dpa\/dataprocessingamendment_20160909.html\" target=\"_blank\" rel=\"noopener noreferrer\">Aneks do umowy o przetwarzanie danych<\/a>), z kt\u00f3rymi zawarto umowy powierzenia przetwarzania danych.<\/li>\n<li>Nie sprzedajemy, nie udost\u0119pniamy ani w \u017caden inny spos\u00f3b nie przekazujemy Twoich danych osobowych osobom trzecim, z wyj\u0105tkiem podmiot\u00f3w przetwarzaj\u0105cych wymienionych powy\u017cej.<\/li>\n<li>Podstawy prawne przetwarzania danych osobowych:\n<ol>\n<li>Przetwarzanie danych osobowych (imi\u0119, nazwisko, tytu\u0142, ulica i numer domu, kod pocztowy, miasto) jest niezb\u0119dne na podstawie przepisu szczeg\u00f3lnego lub umowy mi\u0119dzynarodowej, kt\u00f3rej stron\u0105 jest Republika S\u0142owacka, w szczeg\u00f3lno\u015bci zgodnie z ustaw\u0105 nr 222\/2004 Z.z. o podatku od warto\u015bci dodanej.<\/li>\n<li>Przetwarzanie danych osobowych (adres e-mail, numer telefonu) jest niezb\u0119dne do wykonania umowy.<\/li>\n<li>Je\u017celi wyrazi\u0142e\u015b zgod\u0119 na otrzymywanie newslettera, mo\u017cesz j\u0105 w ka\u017cdej chwili cofn\u0105\u0107, klikaj\u0105c przycisk <em>rezygnuj\u0119<\/em> w dowolnym newsletterze lub wysy\u0142aj\u0105c e-mailow\u0105 pro\u015bb\u0119 o wycofanie zgody.<\/li>\n<\/ol>\n<\/li>\n<li>Osadzone tre\u015bci z innych stron internetowych \u2013 na tej stronie mog\u0105 wyst\u0119powa\u0107 wstawki (np. filmy, obrazy, artyku\u0142y itp.) pochodz\u0105ce z zewn\u0119trznych serwis\u00f3w. Zachowuj\u0105 si\u0119 one tak, jakby\u015b odwiedzi\u0142 dan\u0105 stron\u0119 bezpo\u015brednio. Te serwisy mog\u0105 zbiera\u0107 o Tobie dane osobowe, u\u017cywa\u0107 plik\u00f3w cookie, wstawia\u0107 skrypty \u015bledz\u0105ce i monitorowa\u0107 Twoj\u0105 interakcj\u0119 z osadzonymi tre\u015bciami, w tym gdy jeste\u015b zalogowany.<\/li>\n<li>Okres przechowywania danych osobowych: 10 lat.<\/li>\n<li>Osoba, kt\u00f3rej dane dotycz\u0105, wyra\u017ca jednocze\u015bnie zgod\u0119 na przetwarzanie jej danych na powy\u017csze cele, w podanym okresie i zakresie. Mo\u017ce w ka\u017cdej chwili cofn\u0105\u0107 zgod\u0119. Cofni\u0119cie zgody nie narusza zgodno\u015bci z prawem przetwarzania dokonanego przed jej wycofaniem. Osoba jest zobowi\u0105zana poda\u0107 prawdziwe i aktualne dane. Prawa osoby, kt\u00f3rej dane dotycz\u0105, okre\u015bla rozdzia\u0142 3 RODO (m.in. prawo do wniesienia skargi do organu nadzorczego, prawo sprzeciwu, prawo dost\u0119pu, sprostowania, usuni\u0119cia, ograniczenia przetwarzania oraz przenoszenia danych).<\/li>\n<li>W przypadku rejestracji w serwisie klient ma prawo usun\u0105\u0107 swoje konto, wysy\u0142aj\u0105c pro\u015bb\u0119 e-mailem do administratora lub klikaj\u0105c przycisk usuni\u0119cia konta w panelu u\u017cytkownika.<\/li>\n<li>Niniejsze zasady obowi\u0105zuj\u0105 od 2.4.2025.<\/li>\n<\/ol>\n<\/div><\/div><\/div><\/div><\/div>\n","protected":false},"excerpt":{"rendered":"","protected":false},"author":1,"featured_media":0,"parent":0,"menu_order":0,"comment_status":"closed","ping_status":"closed","template":"100-width.php","meta":{"footnotes":""},"class_list":["post-1600","page","type-page","status-publish","hentry"],"yoast_head":"<!-- This site is optimized with the Yoast SEO plugin v27.0 - https:\/\/yoast.com\/product\/yoast-seo-wordpress\/ -->\n<title>Zasady przetwarzania danych osobowych - Quadromag<\/title>\n<meta name=\"robots\" content=\"index, follow, max-snippet:-1, max-image-preview:large, max-video-preview:-1\" \/>\n<link rel=\"canonical\" href=\"https:\/\/quadromag.eu\/pl\/zasady-przetwarzania-danych-osobowych\/\" \/>\n<meta property=\"og:locale\" content=\"pl_PL\" \/>\n<meta property=\"og:type\" content=\"article\" \/>\n<meta property=\"og:title\" content=\"Zasady przetwarzania danych osobowych - Quadromag\" \/>\n<meta property=\"og:url\" content=\"https:\/\/quadromag.eu\/pl\/zasady-przetwarzania-danych-osobowych\/\" \/>\n<meta property=\"og:site_name\" content=\"Quadromag\" \/>\n<meta property=\"article:publisher\" content=\"https:\/\/www.facebook.com\/www.quadroflex.sk\" \/>\n<meta property=\"article:modified_time\" content=\"2025-04-24T11:32:21+00:00\" \/>\n<meta name=\"twitter:card\" content=\"summary_large_image\" \/>\n<meta name=\"twitter:label1\" content=\"Szacowany czas czytania\" \/>\n\t<meta name=\"twitter:data1\" content=\"9 minut\" \/>\n<script type=\"application\/ld+json\" class=\"yoast-schema-graph\">{\"@context\":\"https:\/\/schema.org\",\"@graph\":[{\"@type\":\"WebPage\",\"@id\":\"https:\/\/quadromag.eu\/pl\/zasady-przetwarzania-danych-osobowych\/\",\"url\":\"https:\/\/quadromag.eu\/pl\/zasady-przetwarzania-danych-osobowych\/\",\"name\":\"Zasady przetwarzania danych osobowych - Quadromag\",\"isPartOf\":{\"@id\":\"https:\/\/quadromag.eu\/#website\"},\"datePublished\":\"2025-04-02T16:33:53+00:00\",\"dateModified\":\"2025-04-24T11:32:21+00:00\",\"breadcrumb\":{\"@id\":\"https:\/\/quadromag.eu\/pl\/zasady-przetwarzania-danych-osobowych\/#breadcrumb\"},\"inLanguage\":\"pl-PL\",\"potentialAction\":[{\"@type\":\"ReadAction\",\"target\":[\"https:\/\/quadromag.eu\/pl\/zasady-przetwarzania-danych-osobowych\/\"]}]},{\"@type\":\"BreadcrumbList\",\"@id\":\"https:\/\/quadromag.eu\/pl\/zasady-przetwarzania-danych-osobowych\/#breadcrumb\",\"itemListElement\":[{\"@type\":\"ListItem\",\"position\":1,\"name\":\"Domovsk\u00e1 str\u00e1nka\",\"item\":\"https:\/\/quadromag.eu\/pl\/\"},{\"@type\":\"ListItem\",\"position\":2,\"name\":\"Zasady przetwarzania danych osobowych\"}]},{\"@type\":\"WebSite\",\"@id\":\"https:\/\/quadromag.eu\/#website\",\"url\":\"https:\/\/quadromag.eu\/\",\"name\":\"quadromag.eu\",\"description\":\"Chr\u00e1\u0148te svoj vykurovac\u00ed syst\u00e9m\",\"publisher\":{\"@id\":\"https:\/\/quadromag.eu\/#organization\"},\"potentialAction\":[{\"@type\":\"SearchAction\",\"target\":{\"@type\":\"EntryPoint\",\"urlTemplate\":\"https:\/\/quadromag.eu\/?s={search_term_string}\"},\"query-input\":{\"@type\":\"PropertyValueSpecification\",\"valueRequired\":true,\"valueName\":\"search_term_string\"}}],\"inLanguage\":\"pl-PL\"},{\"@type\":\"Organization\",\"@id\":\"https:\/\/quadromag.eu\/#organization\",\"name\":\"Quadromag\",\"url\":\"https:\/\/quadromag.eu\/\",\"logo\":{\"@type\":\"ImageObject\",\"inLanguage\":\"pl-PL\",\"@id\":\"https:\/\/quadromag.eu\/#\/schema\/logo\/image\/\",\"url\":\"https:\/\/quadromag.eu\/wp-content\/uploads\/2025\/04\/quadromag-logo.svg\",\"contentUrl\":\"https:\/\/quadromag.eu\/wp-content\/uploads\/2025\/04\/quadromag-logo.svg\",\"width\":320,\"height\":30,\"caption\":\"Quadromag\"},\"image\":{\"@id\":\"https:\/\/quadromag.eu\/#\/schema\/logo\/image\/\"},\"sameAs\":[\"https:\/\/www.facebook.com\/www.quadroflex.sk\",\"https:\/\/www.instagram.com\/quadroflex_sro\/\"]}]}<\/script>\n<!-- \/ Yoast SEO plugin. -->","yoast_head_json":{"title":"Zasady przetwarzania danych osobowych - Quadromag","robots":{"index":"index","follow":"follow","max-snippet":"max-snippet:-1","max-image-preview":"max-image-preview:large","max-video-preview":"max-video-preview:-1"},"canonical":"https:\/\/quadromag.eu\/pl\/zasady-przetwarzania-danych-osobowych\/","og_locale":"pl_PL","og_type":"article","og_title":"Zasady przetwarzania danych osobowych - Quadromag","og_url":"https:\/\/quadromag.eu\/pl\/zasady-przetwarzania-danych-osobowych\/","og_site_name":"Quadromag","article_publisher":"https:\/\/www.facebook.com\/www.quadroflex.sk","article_modified_time":"2025-04-24T11:32:21+00:00","twitter_card":"summary_large_image","twitter_misc":{"Szacowany czas czytania":"9 minut"},"schema":{"@context":"https:\/\/schema.org","@graph":[{"@type":"WebPage","@id":"https:\/\/quadromag.eu\/pl\/zasady-przetwarzania-danych-osobowych\/","url":"https:\/\/quadromag.eu\/pl\/zasady-przetwarzania-danych-osobowych\/","name":"Zasady przetwarzania danych osobowych - Quadromag","isPartOf":{"@id":"https:\/\/quadromag.eu\/#website"},"datePublished":"2025-04-02T16:33:53+00:00","dateModified":"2025-04-24T11:32:21+00:00","breadcrumb":{"@id":"https:\/\/quadromag.eu\/pl\/zasady-przetwarzania-danych-osobowych\/#breadcrumb"},"inLanguage":"pl-PL","potentialAction":[{"@type":"ReadAction","target":["https:\/\/quadromag.eu\/pl\/zasady-przetwarzania-danych-osobowych\/"]}]},{"@type":"BreadcrumbList","@id":"https:\/\/quadromag.eu\/pl\/zasady-przetwarzania-danych-osobowych\/#breadcrumb","itemListElement":[{"@type":"ListItem","position":1,"name":"Domovsk\u00e1 str\u00e1nka","item":"https:\/\/quadromag.eu\/pl\/"},{"@type":"ListItem","position":2,"name":"Zasady przetwarzania danych osobowych"}]},{"@type":"WebSite","@id":"https:\/\/quadromag.eu\/#website","url":"https:\/\/quadromag.eu\/","name":"quadromag.eu","description":"Chr\u00e1\u0148te svoj vykurovac\u00ed syst\u00e9m","publisher":{"@id":"https:\/\/quadromag.eu\/#organization"},"potentialAction":[{"@type":"SearchAction","target":{"@type":"EntryPoint","urlTemplate":"https:\/\/quadromag.eu\/?s={search_term_string}"},"query-input":{"@type":"PropertyValueSpecification","valueRequired":true,"valueName":"search_term_string"}}],"inLanguage":"pl-PL"},{"@type":"Organization","@id":"https:\/\/quadromag.eu\/#organization","name":"Quadromag","url":"https:\/\/quadromag.eu\/","logo":{"@type":"ImageObject","inLanguage":"pl-PL","@id":"https:\/\/quadromag.eu\/#\/schema\/logo\/image\/","url":"https:\/\/quadromag.eu\/wp-content\/uploads\/2025\/04\/quadromag-logo.svg","contentUrl":"https:\/\/quadromag.eu\/wp-content\/uploads\/2025\/04\/quadromag-logo.svg","width":320,"height":30,"caption":"Quadromag"},"image":{"@id":"https:\/\/quadromag.eu\/#\/schema\/logo\/image\/"},"sameAs":["https:\/\/www.facebook.com\/www.quadroflex.sk","https:\/\/www.instagram.com\/quadroflex_sro\/"]}]}},"_links":{"self":[{"href":"https:\/\/quadromag.eu\/pl\/wp-json\/wp\/v2\/pages\/1600","targetHints":{"allow":["GET"]}}],"collection":[{"href":"https:\/\/quadromag.eu\/pl\/wp-json\/wp\/v2\/pages"}],"about":[{"href":"https:\/\/quadromag.eu\/pl\/wp-json\/wp\/v2\/types\/page"}],"author":[{"embeddable":true,"href":"https:\/\/quadromag.eu\/pl\/wp-json\/wp\/v2\/users\/1"}],"replies":[{"embeddable":true,"href":"https:\/\/quadromag.eu\/pl\/wp-json\/wp\/v2\/comments?post=1600"}],"version-history":[{"count":0,"href":"https:\/\/quadromag.eu\/pl\/wp-json\/wp\/v2\/pages\/1600\/revisions"}],"wp:attachment":[{"href":"https:\/\/quadromag.eu\/pl\/wp-json\/wp\/v2\/media?parent=1600"}],"curies":[{"name":"wp","href":"https:\/\/api.w.org\/{rel}","templated":true}]}}